{"id":66,"date":"2019-12-18T11:40:18","date_gmt":"2019-12-18T10:40:18","guid":{"rendered":"https:\/\/neustart-im-beruf.de\/?page_id=66"},"modified":"2020-03-31T11:17:29","modified_gmt":"2020-03-31T09:17:29","slug":"startseite","status":"publish","type":"page","link":"https:\/\/neustart-im-beruf.de\/startseite\/","title":{"rendered":"Start"},"content":{"rendered":"\n<div class=\"wp-container-1 wp-block-group alignfull\"><div class=\"wp-block-group__inner-container\">\n<div class=\"alignnormal\"><div id=\"metaslider-id-87\" style=\"width: 100%;\" class=\"ml-slider-3-27-2 metaslider metaslider-nivo metaslider-87 ml-slider\">\n    <div id=\"metaslider_container_87\">\n        <div class='slider-wrapper theme-default'><div class='ribbon'><\/div><div id='metaslider_87' class='nivoSlider'><img src=\"https:\/\/neustart-im-beruf.de\/wp-content\/uploads\/2020\/02\/Neuro-Jobcoach-Thomas-Joachim-700x300.png\" height=\"300\" width=\"700\" title=\"Neuro Jobcoach - Thomas Joachim\" alt=\"Neuro Jobcoach - Thomas Joachim\" class=\"slider-87 slide-408\" \/><img src=\"https:\/\/neustart-im-beruf.de\/wp-content\/uploads\/2020\/02\/Bewerbung-von-A-bis-Z-700x300.jpg\" height=\"300\" width=\"700\" data-caption=\"&lt;center&gt;&lt;font size=&quot;4&quot;&gt;Bewerbung von A bis Z&lt;\/center&gt;\" title=\"Bewerbung von A bis Z - Der Jobcoach hilft dir\" alt=\"Bewerbung von A bis Z - Der Jobcoach hilft dir\" class=\"slider-87 slide-450\" \/><img src=\"https:\/\/neustart-im-beruf.de\/wp-content\/uploads\/2020\/02\/Bewerbungsunterlagen-700x300.jpg\" height=\"300\" width=\"700\" data-caption=\"&lt;center&gt;&lt;font size=&quot;4&quot;&gt;Erstellung aussagekr&auml;ftiger Bewerbungsunterlagen&lt;\/center&gt;\" title=\"Hilfe bei der Bewerbungsunterlagen - Thomas Joachim - Bewerbungscoaching\" alt=\"Hilfe bei der Bewerbungsunterlagen - Thomas Joachim - Bewerbungscoaching\" class=\"slider-87 slide-96\" \/><img src=\"https:\/\/neustart-im-beruf.de\/wp-content\/uploads\/2020\/02\/Vorstellungsgespr\u00e4ch-700x300.jpg\" height=\"300\" width=\"700\" data-caption=\"&lt;center&gt;&lt;font size=&quot;4&quot;&gt;Perfekte Vorbereitung auf Vorstellungsgespr&auml;che&lt;\/center&gt;\" title=\"Gut vorbereiten auf das Vorstellungsgespr\u00e4ch\" alt=\"Gut vorbereiten auf das Vorstellungsgespr\u00e4ch\" class=\"slider-87 slide-146\" \/><img src=\"https:\/\/neustart-im-beruf.de\/wp-content\/uploads\/2020\/02\/Neuorientierung-Karriereplannung-700x300.jpg\" height=\"300\" width=\"700\" data-caption=\"&lt;center&gt;&lt;font size=&quot;4&quot;&gt;Karriereplanung und Neuorientierung&lt;\/center&gt;\" title=\"Bewerbungscoaching zur Neuorientierung und Karriereplanung\" alt=\"Bewerbungscoaching zur Neuorientierung und Karriereplanung\" class=\"slider-87 slide-383\" \/><img src=\"https:\/\/neustart-im-beruf.de\/wp-content\/uploads\/2020\/02\/Optimum-Placement-optimale-Mitarbeiterplatzierung-700x300.jpg\" height=\"300\" width=\"700\" data-caption=\"&lt;center&gt;&lt;font size=&quot;4&quot;&gt;Optimum Placement - optimale Mitarbeiterplatzierung im Unternehmen&lt;\/center&gt;\r\n\" title=\"Optimum Placement - optimale Mitarbeiterplatzierung\" alt=\"Binden Sie Ihre Fach- und F\u00fchrungskr\u00e4fte ans Unternehmen\" class=\"slider-87 slide-405\" \/><img src=\"https:\/\/neustart-im-beruf.de\/wp-content\/uploads\/2020\/04\/Neustart-im-Beruf-Sliderbild-Corona-700x300.png\" height=\"300\" width=\"700\" title=\"Neustart-im-Beruf-Sliderbild - Corona\" alt=\"Online Job-Coaching\" class=\"slider-87 slide-599\" \/><\/div><\/div>\n        \n    <\/div>\n<\/div><\/div>\n\n\n\n<p align=\"center\"> \nBild 1 von <a href=\"https:\/\/pixabay.com\/de\/users\/Peggy_Marco-1553824\/?utm_source=link-attribution&amp;utm_medium=referral&amp;utm_campaign=image&amp;utm_content=2714183\">Peggy und Marco Lachmann-Anke<\/a> auf <a href=\"https:\/\/pixabay.com\/de\/?utm_source=link-attribution&amp;utm_medium=referral&amp;utm_campaign=image&amp;utm_content=2714183\">Pixabay<\/a>\n&#8211; Bild 2 von <a href=\"https:\/\/pixabay.com\/de\/users\/loufre-2697555\/?utm_source=link-attribution&amp;utm_medium=referral&amp;utm_campaign=image&amp;utm_content=1756282\">loufre<\/a> auf <a href=\"https:\/\/pixabay.com\/de\/?utm_source=link-attribution&amp;utm_medium=referral&amp;utm_campaign=image&amp;utm_content=1756282\">Pixabay<\/a>\n&#8211; Bild 3-6 von <a href=\"https:\/\/pixabay.com\/de\/users\/geralt-9301\/?utm_source=link-attribution&amp;utm_medium=referral&amp;utm_campaign=image&amp;utm_content=2899922\">Gerd Altmann<\/a> auf <a href=\"https:\/\/pixabay.com\/de\/?utm_source=link-attribution&amp;utm_medium=referral&amp;utm_campaign=image&amp;utm_content=2899922\">Pixabay<\/a>\n<\/p>\n<\/div><\/div>\n\n\n\n<blockquote class=\"wp-block-quote\"><p> <em>&#8222;W\u00e4hle einen Beruf den Du liebst und Du brauchst keinen Tag in Deinem Leben zu arbeiten.&#8220;<\/em> <\/p><p><\/p><cite>Konfuzius<\/cite><\/blockquote>\n\n\n\n<p>Stress, mangelnde Anerkennung sowie Probleme mit Kollegen oder dem Chef: Dass Sie unzufrieden im Job sind, kann viele verschiedene Gr\u00fcnde haben. Den richtigen Beruf zu finden ist kein Luxusproblem. Im Gegenteil: Inmitten des kontinuierlichen Wandels und der Globalisierung wird es wichtiger denn je, einen f\u00fcr Sie passenden Job zu finden und zu besetzen. <\/p>\n\n\n\n<p><strong>Die gute Nachricht:<br><\/strong>Eine berufliche Ver\u00e4nderung im jetzigen Unternehmen oder eine Neuorientierung ist mit dem Willen und den Mut zur Ver\u00e4nderung fast immer und jederzeit m\u00f6glich. Doch f\u00fcr viele ist das Finden eines passenden Berufs schwierig. Meist ist auch die Erstellung professioneller Bewerbungsunterlagen und die Vorbereitung auf ein Vorstellungsgespr\u00e4ch immer noch ein undurchschaubares Mysterium.  <\/p>\n\n\n\n<p><strong>Wollen Sie erfahren wie es gehen kann?<\/strong><br>Dann lassen Sie sich von mir begleiten. Ich hole Sie genau dort ab, wo Sie jetzt gerade stehen. Mit neuesten neuro-wissenschaftlichen Erkenntnissen \u00fcber den Bewerbungsprozess, gezielter Analyse Ihrer Motive, St\u00e4rken und Pers\u00f6nlichkeitsmerkmale erlangen Sie mehr Klarheit \u00fcber die Qualit\u00e4ten, Umfeldbedingungen und T\u00e4tigkeiten, die ein passender Job f\u00fcr Sie bereithalten darf. Mit neuen Einstellungen und gest\u00e4rkten Selbstbewusstsein sind Sie dann in der Lage fundierte Entscheidungen zu treffen. Diese f\u00fchren Sie zu einem motivierenden Berufsziel als Angestellter, Selbstst\u00e4ndiger oder m\u00f6glicherweise sogar als Privatier.  <\/p>\n\n\n\n<div class=\"wp-block-button is-style-outline\"><a class=\"wp-block-button__link has-text-color has-very-light-gray-color has-background has-vivid-cyan-blue-background-color\" href=\"https:\/\/neustart-im-beruf.de\/startseite\/kontaktdaten\/\" style=\"border-radius:22px\"><strong>Kostenloses Erstgespr\u00e4ch vereinbaren<\/strong><\/a><\/div>\n\n\n\n<p><\/p>\n","protected":false},"excerpt":{"rendered":"<p>Bild 1 von Peggy und Marco Lachmann-Anke auf Pixabay &#8211; Bild 2 von loufre auf Pixabay &#8211; Bild 3-6 von Gerd Altmann auf Pixabay &#8222;W\u00e4hle einen Beruf den Du liebst und Du brauchst keinen Tag in Deinem Leben zu arbeiten.&#8220; Konfuzius Stress, mangelnde Anerkennung sowie Probleme mit Kollegen oder dem Chef: Dass Sie unzufrieden im &#8230; <a title=\"Start\" class=\"read-more\" href=\"https:\/\/neustart-im-beruf.de\/startseite\/\">Weiterlesen <span class=\"screen-reader-text\">Start<\/span><\/a><\/p>\n","protected":false},"author":1,"featured_media":0,"parent":0,"menu_order":0,"comment_status":"closed","ping_status":"closed","template":"","meta":[],"yoast_head":"<!-- This site is optimized with the Yoast SEO plugin v18.3 - https:\/\/yoast.com\/wordpress\/plugins\/seo\/ -->\n<title>Start - Neustart im Beruf<\/title>\n<meta name=\"description\" content=\"Neuro-Jobcoach Thomas Joachim unterst\u00fctzt Sie bei: Bewerbung von A - Z, Neuorientierung, Karriereplanung, Strategieentwicklung &amp; Finden Ihrer Lebensaufgabe\" \/>\n<meta name=\"robots\" content=\"index, follow, max-snippet:-1, max-image-preview:large, max-video-preview:-1\" \/>\n<link rel=\"canonical\" href=\"https:\/\/neustart-im-beruf.de\/startseite\/\" \/>\n<meta property=\"og:locale\" content=\"de_DE\" \/>\n<meta property=\"og:type\" content=\"article\" \/>\n<meta property=\"og:title\" content=\"Start - Neustart im Beruf\" \/>\n<meta property=\"og:description\" content=\"Neuro-Jobcoach Thomas Joachim unterst\u00fctzt Sie bei: Bewerbung von A - Z, Neuorientierung, Karriereplanung, Strategieentwicklung &amp; Finden Ihrer Lebensaufgabe\" \/>\n<meta property=\"og:url\" content=\"https:\/\/neustart-im-beruf.de\/startseite\/\" \/>\n<meta property=\"og:site_name\" content=\"Neustart im Beruf\" \/>\n<meta property=\"article:modified_time\" content=\"2020-03-31T09:17:29+00:00\" \/>\n<meta name=\"twitter:card\" content=\"summary_large_image\" \/>\n<meta name=\"twitter:label1\" content=\"Gesch\u00e4tzte Lesezeit\" \/>\n\t<meta name=\"twitter:data1\" content=\"1\u00a0Minute\" \/>\n<script type=\"application\/ld+json\" class=\"yoast-schema-graph\">{\"@context\":\"https:\/\/schema.org\",\"@graph\":[{\"@type\":\"Organization\",\"@id\":\"https:\/\/neustart-im-beruf.de\/startseite\/#organization\",\"name\":\"Joachim Coaching\",\"url\":\"https:\/\/neustart-im-beruf.de\/startseite\/\",\"sameAs\":[\"https:\/\/www.xing.com\/profile\/Thomas_Joachim2\"],\"logo\":{\"@type\":\"ImageObject\",\"@id\":\"https:\/\/neustart-im-beruf.de\/startseite\/#logo\",\"inLanguage\":\"de\",\"url\":\"https:\/\/neustart-im-beruf.de\/wp-content\/uploads\/2020\/02\/Joachim-Academy-und-Coaching.png\",\"contentUrl\":\"https:\/\/neustart-im-beruf.de\/wp-content\/uploads\/2020\/02\/Joachim-Academy-und-Coaching.png\",\"width\":864,\"height\":239,\"caption\":\"Joachim Coaching\"},\"image\":{\"@id\":\"https:\/\/neustart-im-beruf.de\/startseite\/#logo\"}},{\"@type\":\"WebSite\",\"@id\":\"https:\/\/neustart-im-beruf.de\/startseite\/#website\",\"url\":\"https:\/\/neustart-im-beruf.de\/startseite\/\",\"name\":\"Neustart im Beruf\",\"description\":\"Unterst\u00fctzung auf dem Weg zum optimalen Arbeitsplatz\",\"publisher\":{\"@id\":\"https:\/\/neustart-im-beruf.de\/startseite\/#organization\"},\"potentialAction\":[{\"@type\":\"SearchAction\",\"target\":{\"@type\":\"EntryPoint\",\"urlTemplate\":\"https:\/\/neustart-im-beruf.de\/startseite\/?s={search_term_string}\"},\"query-input\":\"required name=search_term_string\"}],\"inLanguage\":\"de\"},{\"@type\":\"WebPage\",\"@id\":\"https:\/\/neustart-im-beruf.de\/startseite\/#webpage\",\"url\":\"https:\/\/neustart-im-beruf.de\/startseite\/\",\"name\":\"Start - Neustart im Beruf\",\"isPartOf\":{\"@id\":\"https:\/\/neustart-im-beruf.de\/startseite\/#website\"},\"datePublished\":\"2019-12-18T10:40:18+00:00\",\"dateModified\":\"2020-03-31T09:17:29+00:00\",\"description\":\"Neuro-Jobcoach Thomas Joachim unterst\u00fctzt Sie bei: Bewerbung von A - Z, Neuorientierung, Karriereplanung, Strategieentwicklung & Finden Ihrer Lebensaufgabe\",\"breadcrumb\":{\"@id\":\"https:\/\/neustart-im-beruf.de\/startseite\/#breadcrumb\"},\"inLanguage\":\"de\",\"potentialAction\":[{\"@type\":\"ReadAction\",\"target\":[\"https:\/\/neustart-im-beruf.de\/startseite\/\"]}]},{\"@type\":\"BreadcrumbList\",\"@id\":\"https:\/\/neustart-im-beruf.de\/startseite\/#breadcrumb\",\"itemListElement\":[{\"@type\":\"ListItem\",\"position\":1,\"name\":\"Startseite\",\"item\":\"https:\/\/neustart-im-beruf.de\/startseite\/\"},{\"@type\":\"ListItem\",\"position\":2,\"name\":\"Start\"}]}]}<\/script>\n<!-- \/ Yoast SEO plugin. -->","yoast_head_json":{"title":"Start - Neustart im Beruf","description":"Neuro-Jobcoach Thomas Joachim unterst\u00fctzt Sie bei: Bewerbung von A - Z, Neuorientierung, Karriereplanung, Strategieentwicklung & Finden Ihrer Lebensaufgabe","robots":{"index":"index","follow":"follow","max-snippet":"max-snippet:-1","max-image-preview":"max-image-preview:large","max-video-preview":"max-video-preview:-1"},"canonical":"https:\/\/neustart-im-beruf.de\/startseite\/","og_locale":"de_DE","og_type":"article","og_title":"Start - Neustart im Beruf","og_description":"Neuro-Jobcoach Thomas Joachim unterst\u00fctzt Sie bei: Bewerbung von A - Z, Neuorientierung, Karriereplanung, Strategieentwicklung & Finden Ihrer Lebensaufgabe","og_url":"https:\/\/neustart-im-beruf.de\/startseite\/","og_site_name":"Neustart im Beruf","article_modified_time":"2020-03-31T09:17:29+00:00","twitter_card":"summary_large_image","twitter_misc":{"Gesch\u00e4tzte Lesezeit":"1\u00a0Minute"},"schema":{"@context":"https:\/\/schema.org","@graph":[{"@type":"Organization","@id":"https:\/\/neustart-im-beruf.de\/startseite\/#organization","name":"Joachim Coaching","url":"https:\/\/neustart-im-beruf.de\/startseite\/","sameAs":["https:\/\/www.xing.com\/profile\/Thomas_Joachim2"],"logo":{"@type":"ImageObject","@id":"https:\/\/neustart-im-beruf.de\/startseite\/#logo","inLanguage":"de","url":"https:\/\/neustart-im-beruf.de\/wp-content\/uploads\/2020\/02\/Joachim-Academy-und-Coaching.png","contentUrl":"https:\/\/neustart-im-beruf.de\/wp-content\/uploads\/2020\/02\/Joachim-Academy-und-Coaching.png","width":864,"height":239,"caption":"Joachim Coaching"},"image":{"@id":"https:\/\/neustart-im-beruf.de\/startseite\/#logo"}},{"@type":"WebSite","@id":"https:\/\/neustart-im-beruf.de\/startseite\/#website","url":"https:\/\/neustart-im-beruf.de\/startseite\/","name":"Neustart im Beruf","description":"Unterst\u00fctzung auf dem Weg zum optimalen Arbeitsplatz","publisher":{"@id":"https:\/\/neustart-im-beruf.de\/startseite\/#organization"},"potentialAction":[{"@type":"SearchAction","target":{"@type":"EntryPoint","urlTemplate":"https:\/\/neustart-im-beruf.de\/startseite\/?s={search_term_string}"},"query-input":"required name=search_term_string"}],"inLanguage":"de"},{"@type":"WebPage","@id":"https:\/\/neustart-im-beruf.de\/startseite\/#webpage","url":"https:\/\/neustart-im-beruf.de\/startseite\/","name":"Start - Neustart im Beruf","isPartOf":{"@id":"https:\/\/neustart-im-beruf.de\/startseite\/#website"},"datePublished":"2019-12-18T10:40:18+00:00","dateModified":"2020-03-31T09:17:29+00:00","description":"Neuro-Jobcoach Thomas Joachim unterst\u00fctzt Sie bei: Bewerbung von A - Z, Neuorientierung, Karriereplanung, Strategieentwicklung & Finden Ihrer Lebensaufgabe","breadcrumb":{"@id":"https:\/\/neustart-im-beruf.de\/startseite\/#breadcrumb"},"inLanguage":"de","potentialAction":[{"@type":"ReadAction","target":["https:\/\/neustart-im-beruf.de\/startseite\/"]}]},{"@type":"BreadcrumbList","@id":"https:\/\/neustart-im-beruf.de\/startseite\/#breadcrumb","itemListElement":[{"@type":"ListItem","position":1,"name":"Startseite","item":"https:\/\/neustart-im-beruf.de\/startseite\/"},{"@type":"ListItem","position":2,"name":"Start"}]}]}},"_links":{"self":[{"href":"https:\/\/neustart-im-beruf.de\/startseite\/wp-json\/wp\/v2\/pages\/66"}],"collection":[{"href":"https:\/\/neustart-im-beruf.de\/startseite\/wp-json\/wp\/v2\/pages"}],"about":[{"href":"https:\/\/neustart-im-beruf.de\/startseite\/wp-json\/wp\/v2\/types\/page"}],"author":[{"embeddable":true,"href":"https:\/\/neustart-im-beruf.de\/startseite\/wp-json\/wp\/v2\/users\/1"}],"replies":[{"embeddable":true,"href":"https:\/\/neustart-im-beruf.de\/startseite\/wp-json\/wp\/v2\/comments?post=66"}],"version-history":[{"count":31,"href":"https:\/\/neustart-im-beruf.de\/startseite\/wp-json\/wp\/v2\/pages\/66\/revisions"}],"predecessor-version":[{"id":587,"href":"https:\/\/neustart-im-beruf.de\/startseite\/wp-json\/wp\/v2\/pages\/66\/revisions\/587"}],"wp:attachment":[{"href":"https:\/\/neustart-im-beruf.de\/startseite\/wp-json\/wp\/v2\/media?parent=66"}],"curies":[{"name":"wp","href":"https:\/\/api.w.org\/{rel}","templated":true}]}}