{"id":601,"date":"2020-04-21T17:14:45","date_gmt":"2020-04-21T15:14:45","guid":{"rendered":"https:\/\/neustart-im-beruf.de\/startseite\/?page_id=601"},"modified":"2020-04-21T17:18:47","modified_gmt":"2020-04-21T15:18:47","slug":"kurzcheck-habe-ich-den-richtigen-coach","status":"publish","type":"page","link":"https:\/\/neustart-im-beruf.de\/startseite\/kurzcheck-habe-ich-den-richtigen-coach\/","title":{"rendered":"Kurzcheck &#8211; habe ich den richtigen Coach"},"content":{"rendered":"\n<figure class=\"wp-block-image size-large is-resized\"><img loading=\"lazy\" src=\"https:\/\/neustart-im-beruf.de\/wp-content\/uploads\/2020\/04\/Kurzcheck-habe-ich-den-richtigen-Coach-1024x683.png\" alt=\"\" class=\"wp-image-603\" width=\"980\" height=\"653\" srcset=\"https:\/\/neustart-im-beruf.de\/wp-content\/uploads\/2020\/04\/Kurzcheck-habe-ich-den-richtigen-Coach-1024x683.png 1024w, https:\/\/neustart-im-beruf.de\/wp-content\/uploads\/2020\/04\/Kurzcheck-habe-ich-den-richtigen-Coach-300x200.png 300w, https:\/\/neustart-im-beruf.de\/wp-content\/uploads\/2020\/04\/Kurzcheck-habe-ich-den-richtigen-Coach-768x512.png 768w, https:\/\/neustart-im-beruf.de\/wp-content\/uploads\/2020\/04\/Kurzcheck-habe-ich-den-richtigen-Coach-1536x1024.png 1536w, https:\/\/neustart-im-beruf.de\/wp-content\/uploads\/2020\/04\/Kurzcheck-habe-ich-den-richtigen-Coach.png 1920w\" sizes=\"(max-width: 980px) 100vw, 980px\" \/><\/figure>\n\n\n\nBild von <a href=\"https:\/\/pixabay.com\/de\/users\/geralt-9301\/?utm_source=link-attribution&amp;utm_medium=referral&amp;utm_campaign=image&amp;utm_content=2204253\">Gerd Altmann<\/a> auf <a href=\"https:\/\/pixabay.com\/de\/?utm_source=link-attribution&amp;utm_medium=referral&amp;utm_campaign=image&amp;utm_content=2204253\">Pixabay<\/a>\n\n\n\n<p><\/p>\n\n\n\n<p class=\"has-medium-font-size\">Wenn Sie auf der&nbsp;<strong>Suche nach einem passenden Coach<\/strong>&nbsp;sind, dann helfen Ihnen folgende Anhaltspunkte bei der Entscheidung:<\/p>\n\n\n\n<p class=\"has-medium-font-size\"><strong>Beziehung:<\/strong>&nbsp;<br>Die Qualit\u00e4t der Beziehung zwischen Ihnen und Ihrem Coach bestimmt die Qualit\u00e4t des Ergebnisses des Coaching. Achten Sie darauf, wie der Coach mit Ihnen kommuniziert, f\u00fchlen Sie sich sowohl mit seiner verbalen als auch in der nonverbalen Kommunikation aufgehoben. Vertrauen Sie ihm? Ist er glaubw\u00fcrdig? F\u00fchlen Sie sich respektiert, aufgehoben und wertgesch\u00e4tzt? K\u00f6nnen Sie sich ihm gegen\u00fcber \u00f6ffnen? <\/p>\n\n\n\n<p class=\"has-medium-font-size\"><strong>Haltung des Coaches:<\/strong>&nbsp;<br>Hat der Coach Interesse an Ihnen und Ihren Themen? Ist er aufmerksam, achtsam und leitet Sie zur Selbstreflexion an? St\u00e4rkt er Ihre Eigenverantwortung? Findet er Ihre \u201ewei\u00dfen Flecken\u201c auf der Landkarte? Bemerken Sie eine zunehmende Motivation zur Ver\u00e4nderung?<\/p>\n\n\n\n<p class=\"has-medium-font-size\"><strong>Ressourcenaktivierung:<\/strong>&nbsp;<br>Ihre Pers\u00f6nlichkeit, Talente, St\u00e4rken und Kompetenzen sind wichtige Ressourcen f\u00fcr die L\u00f6sung. Achten Sie darauf, ob Ihr Coach Ihre Person, Interessen und Ihre jeweilige Motivation wahrnimmt und erfolgreich in den Entwicklungsprozess einflie\u00dfen l\u00e4sst.<\/p>\n\n\n\n<p class=\"has-medium-font-size\"><strong>Kl\u00e4rung der Situation:<\/strong>&nbsp;<br>F\u00f6rdert der Coach mit geeigneten Ma\u00dfnahmen Ihre Selbsterkenntnis und Wahrnehmung? Bekommen Sie ein klares Bewusstsein f\u00fcr die Urspr\u00fcnge, Hintergr\u00fcnde und aufrechterhaltende Faktoren Ihrer Situation, Ihres Denkens, Erlebens und Handelns? Erh\u00f6ht sich die Zahl Ihrer Handlungsoptionen?<\/p>\n\n\n\n<p class=\"has-medium-font-size\"><strong>Erfahrung: <\/strong><br>Welche Erfahrungen bringt Ihr Coach mit? Gibt es Referenzen, die seine Kompetenzen und die Erfolge seiner Klienten untermauern? Welche positiven Informationen erhalten Sie \u00fcber seine Webseite bzw. Auftritte in den sozialen Medien?<\/p>\n\n\n\n<p class=\"has-medium-font-size\"><strong>Qualifikation:<\/strong>&nbsp;<br>Welche Ausbildung(en) hat der Coach vorzuweisen? Bringt er eine fundierte wissenschaftliche Ausbildung mit? Arbeitet er praxisorientiert und bildet sich kontinuierlich weiter?<\/p>\n","protected":false},"excerpt":{"rendered":"<p>Bild von Gerd Altmann auf Pixabay Wenn Sie auf der&nbsp;Suche nach einem passenden Coach&nbsp;sind, dann helfen Ihnen folgende Anhaltspunkte bei der Entscheidung: Beziehung:&nbsp;Die Qualit\u00e4t der Beziehung zwischen Ihnen und Ihrem Coach bestimmt die Qualit\u00e4t des Ergebnisses des Coaching. Achten Sie darauf, wie der Coach mit Ihnen kommuniziert, f\u00fchlen Sie sich sowohl mit seiner verbalen als &#8230; <a title=\"Kurzcheck &#8211; habe ich den richtigen Coach\" class=\"read-more\" href=\"https:\/\/neustart-im-beruf.de\/startseite\/kurzcheck-habe-ich-den-richtigen-coach\/\">Weiterlesen <span class=\"screen-reader-text\">Kurzcheck &#8211; habe ich den richtigen Coach<\/span><\/a><\/p>\n","protected":false},"author":1,"featured_media":0,"parent":0,"menu_order":0,"comment_status":"closed","ping_status":"closed","template":"","meta":[],"yoast_head":"<!-- This site is optimized with the Yoast SEO plugin v18.3 - https:\/\/yoast.com\/wordpress\/plugins\/seo\/ -->\n<title>Kurzcheck - habe ich den richtigen Coach - Neustart im Beruf<\/title>\n<meta name=\"description\" content=\"Neuro-Jobcoach Thomas Joachim - Neustart im Beruf - Bewerbung von A-Z, Neuorientierung o. Karriereplanung. Jetzt kostenfreies Strategiegespr\u00e4ch anfordern...\" \/>\n<meta name=\"robots\" content=\"index, follow, max-snippet:-1, max-image-preview:large, max-video-preview:-1\" \/>\n<link rel=\"canonical\" href=\"https:\/\/neustart-im-beruf.de\/startseite\/kurzcheck-habe-ich-den-richtigen-coach\/\" \/>\n<meta property=\"og:locale\" content=\"de_DE\" \/>\n<meta property=\"og:type\" content=\"article\" \/>\n<meta property=\"og:title\" content=\"Kurzcheck - habe ich den richtigen Coach - Neustart im Beruf\" \/>\n<meta property=\"og:description\" content=\"Neuro-Jobcoach Thomas Joachim - Neustart im Beruf - Bewerbung von A-Z, Neuorientierung o. Karriereplanung. Jetzt kostenfreies Strategiegespr\u00e4ch anfordern...\" \/>\n<meta property=\"og:url\" content=\"https:\/\/neustart-im-beruf.de\/startseite\/kurzcheck-habe-ich-den-richtigen-coach\/\" \/>\n<meta property=\"og:site_name\" content=\"Neustart im Beruf\" \/>\n<meta property=\"article:modified_time\" content=\"2020-04-21T15:18:47+00:00\" \/>\n<meta property=\"og:image\" content=\"https:\/\/neustart-im-beruf.de\/wp-content\/uploads\/2020\/04\/Kurzcheck-habe-ich-den-richtigen-Coach-1024x683.png\" \/>\n<meta name=\"twitter:card\" content=\"summary_large_image\" \/>\n<meta name=\"twitter:label1\" content=\"Gesch\u00e4tzte Lesezeit\" \/>\n\t<meta name=\"twitter:data1\" content=\"1\u00a0Minute\" \/>\n<script type=\"application\/ld+json\" class=\"yoast-schema-graph\">{\"@context\":\"https:\/\/schema.org\",\"@graph\":[{\"@type\":\"Organization\",\"@id\":\"https:\/\/neustart-im-beruf.de\/startseite\/#organization\",\"name\":\"Joachim Coaching\",\"url\":\"https:\/\/neustart-im-beruf.de\/startseite\/\",\"sameAs\":[\"https:\/\/www.xing.com\/profile\/Thomas_Joachim2\"],\"logo\":{\"@type\":\"ImageObject\",\"@id\":\"https:\/\/neustart-im-beruf.de\/startseite\/#logo\",\"inLanguage\":\"de\",\"url\":\"https:\/\/neustart-im-beruf.de\/wp-content\/uploads\/2020\/02\/Joachim-Academy-und-Coaching.png\",\"contentUrl\":\"https:\/\/neustart-im-beruf.de\/wp-content\/uploads\/2020\/02\/Joachim-Academy-und-Coaching.png\",\"width\":864,\"height\":239,\"caption\":\"Joachim Coaching\"},\"image\":{\"@id\":\"https:\/\/neustart-im-beruf.de\/startseite\/#logo\"}},{\"@type\":\"WebSite\",\"@id\":\"https:\/\/neustart-im-beruf.de\/startseite\/#website\",\"url\":\"https:\/\/neustart-im-beruf.de\/startseite\/\",\"name\":\"Neustart im Beruf\",\"description\":\"Unterst\u00fctzung auf dem Weg zum optimalen Arbeitsplatz\",\"publisher\":{\"@id\":\"https:\/\/neustart-im-beruf.de\/startseite\/#organization\"},\"potentialAction\":[{\"@type\":\"SearchAction\",\"target\":{\"@type\":\"EntryPoint\",\"urlTemplate\":\"https:\/\/neustart-im-beruf.de\/startseite\/?s={search_term_string}\"},\"query-input\":\"required name=search_term_string\"}],\"inLanguage\":\"de\"},{\"@type\":\"ImageObject\",\"@id\":\"https:\/\/neustart-im-beruf.de\/startseite\/kurzcheck-habe-ich-den-richtigen-coach\/#primaryimage\",\"inLanguage\":\"de\",\"url\":\"https:\/\/neustart-im-beruf.de\/wp-content\/uploads\/2020\/04\/Kurzcheck-habe-ich-den-richtigen-Coach.png\",\"contentUrl\":\"https:\/\/neustart-im-beruf.de\/wp-content\/uploads\/2020\/04\/Kurzcheck-habe-ich-den-richtigen-Coach.png\",\"width\":1920,\"height\":1280},{\"@type\":\"WebPage\",\"@id\":\"https:\/\/neustart-im-beruf.de\/startseite\/kurzcheck-habe-ich-den-richtigen-coach\/#webpage\",\"url\":\"https:\/\/neustart-im-beruf.de\/startseite\/kurzcheck-habe-ich-den-richtigen-coach\/\",\"name\":\"Kurzcheck - habe ich den richtigen Coach - Neustart im Beruf\",\"isPartOf\":{\"@id\":\"https:\/\/neustart-im-beruf.de\/startseite\/#website\"},\"primaryImageOfPage\":{\"@id\":\"https:\/\/neustart-im-beruf.de\/startseite\/kurzcheck-habe-ich-den-richtigen-coach\/#primaryimage\"},\"datePublished\":\"2020-04-21T15:14:45+00:00\",\"dateModified\":\"2020-04-21T15:18:47+00:00\",\"description\":\"Neuro-Jobcoach Thomas Joachim - Neustart im Beruf - Bewerbung von A-Z, Neuorientierung o. Karriereplanung. Jetzt kostenfreies Strategiegespr\u00e4ch anfordern...\",\"breadcrumb\":{\"@id\":\"https:\/\/neustart-im-beruf.de\/startseite\/kurzcheck-habe-ich-den-richtigen-coach\/#breadcrumb\"},\"inLanguage\":\"de\",\"potentialAction\":[{\"@type\":\"ReadAction\",\"target\":[\"https:\/\/neustart-im-beruf.de\/startseite\/kurzcheck-habe-ich-den-richtigen-coach\/\"]}]},{\"@type\":\"BreadcrumbList\",\"@id\":\"https:\/\/neustart-im-beruf.de\/startseite\/kurzcheck-habe-ich-den-richtigen-coach\/#breadcrumb\",\"itemListElement\":[{\"@type\":\"ListItem\",\"position\":1,\"name\":\"Startseite\",\"item\":\"https:\/\/neustart-im-beruf.de\/startseite\/\"},{\"@type\":\"ListItem\",\"position\":2,\"name\":\"Kurzcheck &#8211; habe ich den richtigen Coach\"}]}]}<\/script>\n<!-- \/ Yoast SEO plugin. -->","yoast_head_json":{"title":"Kurzcheck - habe ich den richtigen Coach - Neustart im Beruf","description":"Neuro-Jobcoach Thomas Joachim - Neustart im Beruf - Bewerbung von A-Z, Neuorientierung o. Karriereplanung. Jetzt kostenfreies Strategiegespr\u00e4ch anfordern...","robots":{"index":"index","follow":"follow","max-snippet":"max-snippet:-1","max-image-preview":"max-image-preview:large","max-video-preview":"max-video-preview:-1"},"canonical":"https:\/\/neustart-im-beruf.de\/startseite\/kurzcheck-habe-ich-den-richtigen-coach\/","og_locale":"de_DE","og_type":"article","og_title":"Kurzcheck - habe ich den richtigen Coach - Neustart im Beruf","og_description":"Neuro-Jobcoach Thomas Joachim - Neustart im Beruf - Bewerbung von A-Z, Neuorientierung o. Karriereplanung. Jetzt kostenfreies Strategiegespr\u00e4ch anfordern...","og_url":"https:\/\/neustart-im-beruf.de\/startseite\/kurzcheck-habe-ich-den-richtigen-coach\/","og_site_name":"Neustart im Beruf","article_modified_time":"2020-04-21T15:18:47+00:00","og_image":[{"url":"https:\/\/neustart-im-beruf.de\/wp-content\/uploads\/2020\/04\/Kurzcheck-habe-ich-den-richtigen-Coach-1024x683.png"}],"twitter_card":"summary_large_image","twitter_misc":{"Gesch\u00e4tzte Lesezeit":"1\u00a0Minute"},"schema":{"@context":"https:\/\/schema.org","@graph":[{"@type":"Organization","@id":"https:\/\/neustart-im-beruf.de\/startseite\/#organization","name":"Joachim Coaching","url":"https:\/\/neustart-im-beruf.de\/startseite\/","sameAs":["https:\/\/www.xing.com\/profile\/Thomas_Joachim2"],"logo":{"@type":"ImageObject","@id":"https:\/\/neustart-im-beruf.de\/startseite\/#logo","inLanguage":"de","url":"https:\/\/neustart-im-beruf.de\/wp-content\/uploads\/2020\/02\/Joachim-Academy-und-Coaching.png","contentUrl":"https:\/\/neustart-im-beruf.de\/wp-content\/uploads\/2020\/02\/Joachim-Academy-und-Coaching.png","width":864,"height":239,"caption":"Joachim Coaching"},"image":{"@id":"https:\/\/neustart-im-beruf.de\/startseite\/#logo"}},{"@type":"WebSite","@id":"https:\/\/neustart-im-beruf.de\/startseite\/#website","url":"https:\/\/neustart-im-beruf.de\/startseite\/","name":"Neustart im Beruf","description":"Unterst\u00fctzung auf dem Weg zum optimalen Arbeitsplatz","publisher":{"@id":"https:\/\/neustart-im-beruf.de\/startseite\/#organization"},"potentialAction":[{"@type":"SearchAction","target":{"@type":"EntryPoint","urlTemplate":"https:\/\/neustart-im-beruf.de\/startseite\/?s={search_term_string}"},"query-input":"required name=search_term_string"}],"inLanguage":"de"},{"@type":"ImageObject","@id":"https:\/\/neustart-im-beruf.de\/startseite\/kurzcheck-habe-ich-den-richtigen-coach\/#primaryimage","inLanguage":"de","url":"https:\/\/neustart-im-beruf.de\/wp-content\/uploads\/2020\/04\/Kurzcheck-habe-ich-den-richtigen-Coach.png","contentUrl":"https:\/\/neustart-im-beruf.de\/wp-content\/uploads\/2020\/04\/Kurzcheck-habe-ich-den-richtigen-Coach.png","width":1920,"height":1280},{"@type":"WebPage","@id":"https:\/\/neustart-im-beruf.de\/startseite\/kurzcheck-habe-ich-den-richtigen-coach\/#webpage","url":"https:\/\/neustart-im-beruf.de\/startseite\/kurzcheck-habe-ich-den-richtigen-coach\/","name":"Kurzcheck - habe ich den richtigen Coach - Neustart im Beruf","isPartOf":{"@id":"https:\/\/neustart-im-beruf.de\/startseite\/#website"},"primaryImageOfPage":{"@id":"https:\/\/neustart-im-beruf.de\/startseite\/kurzcheck-habe-ich-den-richtigen-coach\/#primaryimage"},"datePublished":"2020-04-21T15:14:45+00:00","dateModified":"2020-04-21T15:18:47+00:00","description":"Neuro-Jobcoach Thomas Joachim - Neustart im Beruf - Bewerbung von A-Z, Neuorientierung o. Karriereplanung. Jetzt kostenfreies Strategiegespr\u00e4ch anfordern...","breadcrumb":{"@id":"https:\/\/neustart-im-beruf.de\/startseite\/kurzcheck-habe-ich-den-richtigen-coach\/#breadcrumb"},"inLanguage":"de","potentialAction":[{"@type":"ReadAction","target":["https:\/\/neustart-im-beruf.de\/startseite\/kurzcheck-habe-ich-den-richtigen-coach\/"]}]},{"@type":"BreadcrumbList","@id":"https:\/\/neustart-im-beruf.de\/startseite\/kurzcheck-habe-ich-den-richtigen-coach\/#breadcrumb","itemListElement":[{"@type":"ListItem","position":1,"name":"Startseite","item":"https:\/\/neustart-im-beruf.de\/startseite\/"},{"@type":"ListItem","position":2,"name":"Kurzcheck &#8211; habe ich den richtigen Coach"}]}]}},"_links":{"self":[{"href":"https:\/\/neustart-im-beruf.de\/startseite\/wp-json\/wp\/v2\/pages\/601"}],"collection":[{"href":"https:\/\/neustart-im-beruf.de\/startseite\/wp-json\/wp\/v2\/pages"}],"about":[{"href":"https:\/\/neustart-im-beruf.de\/startseite\/wp-json\/wp\/v2\/types\/page"}],"author":[{"embeddable":true,"href":"https:\/\/neustart-im-beruf.de\/startseite\/wp-json\/wp\/v2\/users\/1"}],"replies":[{"embeddable":true,"href":"https:\/\/neustart-im-beruf.de\/startseite\/wp-json\/wp\/v2\/comments?post=601"}],"version-history":[{"count":8,"href":"https:\/\/neustart-im-beruf.de\/startseite\/wp-json\/wp\/v2\/pages\/601\/revisions"}],"predecessor-version":[{"id":611,"href":"https:\/\/neustart-im-beruf.de\/startseite\/wp-json\/wp\/v2\/pages\/601\/revisions\/611"}],"wp:attachment":[{"href":"https:\/\/neustart-im-beruf.de\/startseite\/wp-json\/wp\/v2\/media?parent=601"}],"curies":[{"name":"wp","href":"https:\/\/api.w.org\/{rel}","templated":true}]}}