{"id":389,"date":"2020-02-11T20:07:35","date_gmt":"2020-02-11T19:07:35","guid":{"rendered":"https:\/\/neustart-im-beruf.de\/startseite\/?page_id=389"},"modified":"2020-03-24T18:13:55","modified_gmt":"2020-03-24T17:13:55","slug":"kundenstimmen","status":"publish","type":"page","link":"https:\/\/neustart-im-beruf.de\/startseite\/kundenstimmen\/","title":{"rendered":"Kundenstimmen"},"content":{"rendered":"\n<h2><a href=\"https:\/\/neustart-im-beruf.de\/startseite\/bewerbung-von-a-bis-z\/\">Kundenstimmen &#8211; Bewerbung von A bis Z<\/a><\/h2>\n\n\n\n<figure class=\"wp-block-table\"><table class=\"\"><tbody><tr><td><strong> Vom Mechaniker zum Personaltrainer<\/strong><br><br>Als ich angefangen habe mich f\u00fcr ein anderes Berufsfeld zu interessieren (Voraussetzung: Studium oder eine abgeschlossene Ausbildung), f\u00fchlte ich mich zuerst hilflos. Denn wie soll ich zu einer neuen Stelle kommen, ohne nachweisbarer Arbeitserfahrung. Und woher soll ich wissen was der Arbeitgeber gerne h\u00f6ren m\u00f6chte? <br>Meine letzte Bewerbung war auch schon l\u00e4nger her.  Nie war es mir so wichtig wie zu diesem Zeitpunkt ein neues Arbeitsleben anzufangen! Deshalb kam ich auf guter Empfehlung auf <a href=\"https:\/\/www.xing.com\/profile\/Thomas_Joachim2\/portfolio\">Thomas Joachim<\/a> zu und es war einer meiner besten Entscheidungen die ich treffen konnte.<br>&nbsp;<br>Durch das jahrelang, angesammelte Wissen und Erfahrungen im Bewerbungsprozess konnte mir <a href=\"https:\/\/www.linkedin.com\/in\/thomas-joachim-76093150\">Herr Joachim<\/a> wahnsinnig gut helfen. Ich lernte meine Bewerbung zu optimieren und meine Person perfekt zu verkaufen. Ich war erstaunt was man alles besser machen kann, wenn man sich von einem Experten leiten l\u00e4sst. Meist denkt man das man bereits gut ist. Als ich mir helfen lassen hab war ich am Ende ganz sch\u00f6n baff! \ud83d\ude00 Ich kann Herr Joachim vom Herzen weiter empfehlen und m\u00f6chte nochmal an dieser Stelle vielen Dank sagen!<br> &nbsp;<br><strong> Domink Niemietz (Personaltrainer) <\/strong><\/td><td><img loading=\"lazy\" width=\"2048\" height=\"2560\" class=\"wp-image-391\" style=\"width: 1200px;\" src=\"https:\/\/neustart-im-beruf.de\/wp-content\/uploads\/2020\/02\/Dominik-Niemietz-scaled.jpg\" alt=\"\" srcset=\"https:\/\/neustart-im-beruf.de\/wp-content\/uploads\/2020\/02\/Dominik-Niemietz-scaled.jpg 2048w, https:\/\/neustart-im-beruf.de\/wp-content\/uploads\/2020\/02\/Dominik-Niemietz-240x300.jpg 240w, https:\/\/neustart-im-beruf.de\/wp-content\/uploads\/2020\/02\/Dominik-Niemietz-819x1024.jpg 819w, https:\/\/neustart-im-beruf.de\/wp-content\/uploads\/2020\/02\/Dominik-Niemietz-768x960.jpg 768w, https:\/\/neustart-im-beruf.de\/wp-content\/uploads\/2020\/02\/Dominik-Niemietz-1229x1536.jpg 1229w, https:\/\/neustart-im-beruf.de\/wp-content\/uploads\/2020\/02\/Dominik-Niemietz-1638x2048.jpg 1638w\" sizes=\"(max-width: 2048px) 100vw, 2048px\" \/><\/td><\/tr><\/tbody><\/table><\/figure>\n\n\n\n<figure class=\"wp-block-table\"><table class=\"\"><tbody><tr><td>Das Job-Coaching bei ihnen hat mir die Sichtweise auf so wichtige Unterlagen wie Lebenslauf und Anschreiben in einem v\u00f6llig neuen Licht gezeigt. Sie haben mir einen neuen Blickwinkel gezeigt, was wichtig und wie es am Besten pr\u00e4sentiert werden sollte. Mehr Schwung, etwas Pfiff, eine Prise Frechheit und fertig ist das Eigenmarketing. Im Lauf der Jahre wird man zu oft zu bescheiden, dabei muss der Personalzust\u00e4ndige auf den ersten Blick von den eigenen Bewerbungsunterlagen gefesselt werden. Dabei haben sie mir neue Wege gezeigt und er\u00f6ffnet. Vielen Dank daf\u00fcr. <br> &nbsp;<br><strong>Martin Droysen (Redakteur)<\/strong><\/td><td><img loading=\"lazy\" width=\"897\" height=\"886\" class=\"wp-image-395\" style=\"width: 1300px;\" src=\"https:\/\/neustart-im-beruf.de\/wp-content\/uploads\/2020\/02\/Martin-Droysen.jpg\" alt=\"\" srcset=\"https:\/\/neustart-im-beruf.de\/wp-content\/uploads\/2020\/02\/Martin-Droysen.jpg 897w, https:\/\/neustart-im-beruf.de\/wp-content\/uploads\/2020\/02\/Martin-Droysen-300x296.jpg 300w, https:\/\/neustart-im-beruf.de\/wp-content\/uploads\/2020\/02\/Martin-Droysen-768x759.jpg 768w\" sizes=\"(max-width: 897px) 100vw, 897px\" \/><\/td><\/tr><\/tbody><\/table><\/figure>\n\n\n\n<h2><a href=\"https:\/\/neustart-im-beruf.de\/startseite\/karriereplanung-neuorientierung-mit-strategie\/\">Kundenstimmen: Karriere &#8211; Neuorientierung<\/a><\/h2>\n\n\n\n<figure class=\"wp-block-table\"><table class=\"\"><tbody><tr><td><img loading=\"lazy\" width=\"210\" height=\"210\" class=\"wp-image-397\" style=\"width: 1300px;\" src=\"https:\/\/neustart-im-beruf.de\/wp-content\/uploads\/2020\/02\/Matthias-Hummel.jpg\" alt=\"\" srcset=\"https:\/\/neustart-im-beruf.de\/wp-content\/uploads\/2020\/02\/Matthias-Hummel.jpg 210w, https:\/\/neustart-im-beruf.de\/wp-content\/uploads\/2020\/02\/Matthias-Hummel-150x150.jpg 150w\" sizes=\"(max-width: 210px) 100vw, 210px\" \/><\/td><td><strong>Kompetent, Kreativ, Empathisch<\/strong><br><br>Thomas Joachim ist ein sehr einf\u00fchlsamer Coach, der die Pers\u00f6nlichkeit des Coachees aufgreift und kompetent und kreativ mit dem Coachee an individueller Entwicklung und Pers\u00f6nlichkeit arbeitet. Hier kommt die gro\u00dfe Berufs- und Lebenserfahrung von Herrn Joachim zum Tragen, die <a href=\"https:\/\/www.xing.com\/profile\/Thomas_Joachim2\/portfolio\">Thomas Joachim<\/a> zu seiner ausgezeichneten Qualifikation als Coach mitbringt. Alles selber erlebt ;-). Meine Anspr\u00fcche an den Coach waren sehr hoch. Ich kann <a href=\"https:\/\/www.linkedin.com\/in\/thomas-joachim-76093150\">Herrn Joachim<\/a> uneingeschr\u00e4nkt weiterempfehlen.<br><br><strong>Matthias Hummel (Business Development \/ Technical Consultant)<\/strong><\/td><\/tr><\/tbody><\/table><\/figure>\n\n\n\n<figure class=\"wp-block-table\"><table class=\"\"><tbody><tr><td> \u201eDurch die praxisnahe und sehr pers\u00f6nliche Arbeit miteinander f\u00fchlte ich mich immer ernst genommen \u2013 und schaffte eine vertrauensw\u00fcrdige Atmosph\u00e4re.<br> Ich kann nun gest\u00e4rkt und mit Selbstvertrauen meine n\u00e4chsten Schritte angehen.<br> Danke.\u201c <br><br><strong>Heribert Reindl (Gesch\u00e4ftsf\u00fchrer)<\/strong> <\/td><td><img loading=\"lazy\" width=\"1925\" height=\"2560\" class=\"wp-image-398\" style=\"width: 320px;\" src=\"https:\/\/neustart-im-beruf.de\/wp-content\/uploads\/2020\/02\/Heribert-Reindl-scaled.jpg\" alt=\"\" srcset=\"https:\/\/neustart-im-beruf.de\/wp-content\/uploads\/2020\/02\/Heribert-Reindl-scaled.jpg 1925w, https:\/\/neustart-im-beruf.de\/wp-content\/uploads\/2020\/02\/Heribert-Reindl-226x300.jpg 226w, https:\/\/neustart-im-beruf.de\/wp-content\/uploads\/2020\/02\/Heribert-Reindl-770x1024.jpg 770w, https:\/\/neustart-im-beruf.de\/wp-content\/uploads\/2020\/02\/Heribert-Reindl-768x1021.jpg 768w, https:\/\/neustart-im-beruf.de\/wp-content\/uploads\/2020\/02\/Heribert-Reindl-1155x1536.jpg 1155w, https:\/\/neustart-im-beruf.de\/wp-content\/uploads\/2020\/02\/Heribert-Reindl-1540x2048.jpg 1540w\" sizes=\"(max-width: 1925px) 100vw, 1925px\" \/><br><\/td><\/tr><\/tbody><\/table><\/figure>\n\n\n\n<h2><a href=\"https:\/\/neustart-im-beruf.de\/startseite\/neustart-mit-sinn-zur-berufung\/\">Kundenstimmen: Neustart mit Sinn &#8211; finden Sie Ihre Lebensaufgabe<\/a><\/h2>\n\n\n\n<figure class=\"wp-block-table\"><table class=\"\"><tbody><tr><td><img loading=\"lazy\" width=\"192\" height=\"192\" class=\"wp-image-400\" style=\"width: 600px;\" src=\"https:\/\/neustart-im-beruf.de\/wp-content\/uploads\/2020\/02\/Mirjam-Klupp.jpg\" alt=\"\" srcset=\"https:\/\/neustart-im-beruf.de\/wp-content\/uploads\/2020\/02\/Mirjam-Klupp.jpg 192w, https:\/\/neustart-im-beruf.de\/wp-content\/uploads\/2020\/02\/Mirjam-Klupp-150x150.jpg 150w\" sizes=\"(max-width: 192px) 100vw, 192px\" \/><\/td><td><strong>Das Coaching hat mich bereichert!<\/strong><br><br>Durch das Coaching \u201emusste\u201c ich mich mit vielen Bereichen und Prozessen besch\u00e4ftigen. Dieses \u201emusste\u201c war eine komplette Bereicherung f\u00fcr Pers\u00f6nlichkeitsentwicklung und Perspektivenorientierung!<br><br><strong> Mirjam Klupp (Sportwissenschaftlerin)<\/strong><\/td><\/tr><\/tbody><\/table><\/figure>\n","protected":false},"excerpt":{"rendered":"<p>Kundenstimmen &#8211; Bewerbung von A bis Z Vom Mechaniker zum Personaltrainer Als ich angefangen habe mich f\u00fcr ein anderes Berufsfeld zu interessieren (Voraussetzung: Studium oder eine abgeschlossene Ausbildung), f\u00fchlte ich mich zuerst hilflos. Denn wie soll ich zu einer neuen Stelle kommen, ohne nachweisbarer Arbeitserfahrung. Und woher soll ich wissen was der Arbeitgeber gerne h\u00f6ren &#8230; <a title=\"Kundenstimmen\" class=\"read-more\" href=\"https:\/\/neustart-im-beruf.de\/startseite\/kundenstimmen\/\">Weiterlesen <span class=\"screen-reader-text\">Kundenstimmen<\/span><\/a><\/p>\n","protected":false},"author":1,"featured_media":0,"parent":0,"menu_order":0,"comment_status":"closed","ping_status":"closed","template":"","meta":[],"yoast_head":"<!-- This site is optimized with the Yoast SEO plugin v18.3 - https:\/\/yoast.com\/wordpress\/plugins\/seo\/ -->\n<title>Kundenstimmen - Neustart im Beruf<\/title>\n<meta name=\"description\" content=\"Neuro-Jobcoach Thomas Joachim. Hier sehen Sie Kundenstimmen, die den Neustart im Beruf gewagt haben. Jetzt kostenloses Strategiegespr\u00e4ch anfordern...\" \/>\n<meta name=\"robots\" content=\"index, follow, max-snippet:-1, max-image-preview:large, max-video-preview:-1\" \/>\n<link rel=\"canonical\" href=\"https:\/\/neustart-im-beruf.de\/startseite\/kundenstimmen\/\" \/>\n<meta property=\"og:locale\" content=\"de_DE\" \/>\n<meta property=\"og:type\" content=\"article\" \/>\n<meta property=\"og:title\" content=\"Kundenstimmen - Neustart im Beruf\" \/>\n<meta property=\"og:description\" content=\"Neuro-Jobcoach Thomas Joachim. Hier sehen Sie Kundenstimmen, die den Neustart im Beruf gewagt haben. Jetzt kostenloses Strategiegespr\u00e4ch anfordern...\" \/>\n<meta property=\"og:url\" content=\"https:\/\/neustart-im-beruf.de\/startseite\/kundenstimmen\/\" \/>\n<meta property=\"og:site_name\" content=\"Neustart im Beruf\" \/>\n<meta property=\"article:modified_time\" content=\"2020-03-24T17:13:55+00:00\" \/>\n<meta property=\"og:image\" content=\"https:\/\/neustart-im-beruf.de\/wp-content\/uploads\/2020\/02\/Dominik-Niemietz-scaled.jpg\" \/>\n<meta name=\"twitter:card\" content=\"summary_large_image\" \/>\n<meta name=\"twitter:label1\" content=\"Gesch\u00e4tzte Lesezeit\" \/>\n\t<meta name=\"twitter:data1\" content=\"2\u00a0Minuten\" \/>\n<script type=\"application\/ld+json\" class=\"yoast-schema-graph\">{\"@context\":\"https:\/\/schema.org\",\"@graph\":[{\"@type\":\"Organization\",\"@id\":\"https:\/\/neustart-im-beruf.de\/startseite\/#organization\",\"name\":\"Joachim Coaching\",\"url\":\"https:\/\/neustart-im-beruf.de\/startseite\/\",\"sameAs\":[\"https:\/\/www.xing.com\/profile\/Thomas_Joachim2\"],\"logo\":{\"@type\":\"ImageObject\",\"@id\":\"https:\/\/neustart-im-beruf.de\/startseite\/#logo\",\"inLanguage\":\"de\",\"url\":\"https:\/\/neustart-im-beruf.de\/wp-content\/uploads\/2020\/02\/Joachim-Academy-und-Coaching.png\",\"contentUrl\":\"https:\/\/neustart-im-beruf.de\/wp-content\/uploads\/2020\/02\/Joachim-Academy-und-Coaching.png\",\"width\":864,\"height\":239,\"caption\":\"Joachim Coaching\"},\"image\":{\"@id\":\"https:\/\/neustart-im-beruf.de\/startseite\/#logo\"}},{\"@type\":\"WebSite\",\"@id\":\"https:\/\/neustart-im-beruf.de\/startseite\/#website\",\"url\":\"https:\/\/neustart-im-beruf.de\/startseite\/\",\"name\":\"Neustart im Beruf\",\"description\":\"Unterst\u00fctzung auf dem Weg zum optimalen Arbeitsplatz\",\"publisher\":{\"@id\":\"https:\/\/neustart-im-beruf.de\/startseite\/#organization\"},\"potentialAction\":[{\"@type\":\"SearchAction\",\"target\":{\"@type\":\"EntryPoint\",\"urlTemplate\":\"https:\/\/neustart-im-beruf.de\/startseite\/?s={search_term_string}\"},\"query-input\":\"required name=search_term_string\"}],\"inLanguage\":\"de\"},{\"@type\":\"ImageObject\",\"@id\":\"https:\/\/neustart-im-beruf.de\/startseite\/kundenstimmen\/#primaryimage\",\"inLanguage\":\"de\",\"url\":\"https:\/\/neustart-im-beruf.de\/wp-content\/uploads\/2020\/02\/Dominik-Niemietz-scaled.jpg\",\"contentUrl\":\"https:\/\/neustart-im-beruf.de\/wp-content\/uploads\/2020\/02\/Dominik-Niemietz-scaled.jpg\",\"width\":2048,\"height\":2560,\"caption\":\"Dominik Niemietz \u00fcber das Jobcoaching mit Thomas Joachim\"},{\"@type\":\"WebPage\",\"@id\":\"https:\/\/neustart-im-beruf.de\/startseite\/kundenstimmen\/#webpage\",\"url\":\"https:\/\/neustart-im-beruf.de\/startseite\/kundenstimmen\/\",\"name\":\"Kundenstimmen - Neustart im Beruf\",\"isPartOf\":{\"@id\":\"https:\/\/neustart-im-beruf.de\/startseite\/#website\"},\"primaryImageOfPage\":{\"@id\":\"https:\/\/neustart-im-beruf.de\/startseite\/kundenstimmen\/#primaryimage\"},\"datePublished\":\"2020-02-11T19:07:35+00:00\",\"dateModified\":\"2020-03-24T17:13:55+00:00\",\"description\":\"Neuro-Jobcoach Thomas Joachim. Hier sehen Sie Kundenstimmen, die den Neustart im Beruf gewagt haben. Jetzt kostenloses Strategiegespr\u00e4ch anfordern...\",\"breadcrumb\":{\"@id\":\"https:\/\/neustart-im-beruf.de\/startseite\/kundenstimmen\/#breadcrumb\"},\"inLanguage\":\"de\",\"potentialAction\":[{\"@type\":\"ReadAction\",\"target\":[\"https:\/\/neustart-im-beruf.de\/startseite\/kundenstimmen\/\"]}]},{\"@type\":\"BreadcrumbList\",\"@id\":\"https:\/\/neustart-im-beruf.de\/startseite\/kundenstimmen\/#breadcrumb\",\"itemListElement\":[{\"@type\":\"ListItem\",\"position\":1,\"name\":\"Startseite\",\"item\":\"https:\/\/neustart-im-beruf.de\/startseite\/\"},{\"@type\":\"ListItem\",\"position\":2,\"name\":\"Kundenstimmen\"}]}]}<\/script>\n<!-- \/ Yoast SEO plugin. -->","yoast_head_json":{"title":"Kundenstimmen - Neustart im Beruf","description":"Neuro-Jobcoach Thomas Joachim. Hier sehen Sie Kundenstimmen, die den Neustart im Beruf gewagt haben. Jetzt kostenloses Strategiegespr\u00e4ch anfordern...","robots":{"index":"index","follow":"follow","max-snippet":"max-snippet:-1","max-image-preview":"max-image-preview:large","max-video-preview":"max-video-preview:-1"},"canonical":"https:\/\/neustart-im-beruf.de\/startseite\/kundenstimmen\/","og_locale":"de_DE","og_type":"article","og_title":"Kundenstimmen - Neustart im Beruf","og_description":"Neuro-Jobcoach Thomas Joachim. Hier sehen Sie Kundenstimmen, die den Neustart im Beruf gewagt haben. Jetzt kostenloses Strategiegespr\u00e4ch anfordern...","og_url":"https:\/\/neustart-im-beruf.de\/startseite\/kundenstimmen\/","og_site_name":"Neustart im Beruf","article_modified_time":"2020-03-24T17:13:55+00:00","og_image":[{"url":"https:\/\/neustart-im-beruf.de\/wp-content\/uploads\/2020\/02\/Dominik-Niemietz-scaled.jpg"}],"twitter_card":"summary_large_image","twitter_misc":{"Gesch\u00e4tzte Lesezeit":"2\u00a0Minuten"},"schema":{"@context":"https:\/\/schema.org","@graph":[{"@type":"Organization","@id":"https:\/\/neustart-im-beruf.de\/startseite\/#organization","name":"Joachim Coaching","url":"https:\/\/neustart-im-beruf.de\/startseite\/","sameAs":["https:\/\/www.xing.com\/profile\/Thomas_Joachim2"],"logo":{"@type":"ImageObject","@id":"https:\/\/neustart-im-beruf.de\/startseite\/#logo","inLanguage":"de","url":"https:\/\/neustart-im-beruf.de\/wp-content\/uploads\/2020\/02\/Joachim-Academy-und-Coaching.png","contentUrl":"https:\/\/neustart-im-beruf.de\/wp-content\/uploads\/2020\/02\/Joachim-Academy-und-Coaching.png","width":864,"height":239,"caption":"Joachim Coaching"},"image":{"@id":"https:\/\/neustart-im-beruf.de\/startseite\/#logo"}},{"@type":"WebSite","@id":"https:\/\/neustart-im-beruf.de\/startseite\/#website","url":"https:\/\/neustart-im-beruf.de\/startseite\/","name":"Neustart im Beruf","description":"Unterst\u00fctzung auf dem Weg zum optimalen Arbeitsplatz","publisher":{"@id":"https:\/\/neustart-im-beruf.de\/startseite\/#organization"},"potentialAction":[{"@type":"SearchAction","target":{"@type":"EntryPoint","urlTemplate":"https:\/\/neustart-im-beruf.de\/startseite\/?s={search_term_string}"},"query-input":"required name=search_term_string"}],"inLanguage":"de"},{"@type":"ImageObject","@id":"https:\/\/neustart-im-beruf.de\/startseite\/kundenstimmen\/#primaryimage","inLanguage":"de","url":"https:\/\/neustart-im-beruf.de\/wp-content\/uploads\/2020\/02\/Dominik-Niemietz-scaled.jpg","contentUrl":"https:\/\/neustart-im-beruf.de\/wp-content\/uploads\/2020\/02\/Dominik-Niemietz-scaled.jpg","width":2048,"height":2560,"caption":"Dominik Niemietz \u00fcber das Jobcoaching mit Thomas Joachim"},{"@type":"WebPage","@id":"https:\/\/neustart-im-beruf.de\/startseite\/kundenstimmen\/#webpage","url":"https:\/\/neustart-im-beruf.de\/startseite\/kundenstimmen\/","name":"Kundenstimmen - Neustart im Beruf","isPartOf":{"@id":"https:\/\/neustart-im-beruf.de\/startseite\/#website"},"primaryImageOfPage":{"@id":"https:\/\/neustart-im-beruf.de\/startseite\/kundenstimmen\/#primaryimage"},"datePublished":"2020-02-11T19:07:35+00:00","dateModified":"2020-03-24T17:13:55+00:00","description":"Neuro-Jobcoach Thomas Joachim. Hier sehen Sie Kundenstimmen, die den Neustart im Beruf gewagt haben. Jetzt kostenloses Strategiegespr\u00e4ch anfordern...","breadcrumb":{"@id":"https:\/\/neustart-im-beruf.de\/startseite\/kundenstimmen\/#breadcrumb"},"inLanguage":"de","potentialAction":[{"@type":"ReadAction","target":["https:\/\/neustart-im-beruf.de\/startseite\/kundenstimmen\/"]}]},{"@type":"BreadcrumbList","@id":"https:\/\/neustart-im-beruf.de\/startseite\/kundenstimmen\/#breadcrumb","itemListElement":[{"@type":"ListItem","position":1,"name":"Startseite","item":"https:\/\/neustart-im-beruf.de\/startseite\/"},{"@type":"ListItem","position":2,"name":"Kundenstimmen"}]}]}},"_links":{"self":[{"href":"https:\/\/neustart-im-beruf.de\/startseite\/wp-json\/wp\/v2\/pages\/389"}],"collection":[{"href":"https:\/\/neustart-im-beruf.de\/startseite\/wp-json\/wp\/v2\/pages"}],"about":[{"href":"https:\/\/neustart-im-beruf.de\/startseite\/wp-json\/wp\/v2\/types\/page"}],"author":[{"embeddable":true,"href":"https:\/\/neustart-im-beruf.de\/startseite\/wp-json\/wp\/v2\/users\/1"}],"replies":[{"embeddable":true,"href":"https:\/\/neustart-im-beruf.de\/startseite\/wp-json\/wp\/v2\/comments?post=389"}],"version-history":[{"count":11,"href":"https:\/\/neustart-im-beruf.de\/startseite\/wp-json\/wp\/v2\/pages\/389\/revisions"}],"predecessor-version":[{"id":555,"href":"https:\/\/neustart-im-beruf.de\/startseite\/wp-json\/wp\/v2\/pages\/389\/revisions\/555"}],"wp:attachment":[{"href":"https:\/\/neustart-im-beruf.de\/startseite\/wp-json\/wp\/v2\/media?parent=389"}],"curies":[{"name":"wp","href":"https:\/\/api.w.org\/{rel}","templated":true}]}}