{"id":365,"date":"2020-02-09T19:20:45","date_gmt":"2020-02-09T18:20:45","guid":{"rendered":"https:\/\/neustart-im-beruf.de\/startseite\/?page_id=365"},"modified":"2020-03-24T16:18:35","modified_gmt":"2020-03-24T15:18:35","slug":"neuroscience-im-coaching","status":"publish","type":"page","link":"https:\/\/neustart-im-beruf.de\/startseite\/neuroscience-im-coaching\/","title":{"rendered":"NeuroScience im Coaching"},"content":{"rendered":"\n<figure class=\"wp-block-image size-large is-style-default\"><a href=\"https:\/\/www.afnb-international.com\/\"><img loading=\"lazy\" width=\"1024\" height=\"429\" src=\"https:\/\/neustart-im-beruf.de\/wp-content\/uploads\/2020\/02\/Label-AFNB-1024x429.png\" alt=\"\" class=\"wp-image-363\" srcset=\"https:\/\/neustart-im-beruf.de\/wp-content\/uploads\/2020\/02\/Label-AFNB-1024x429.png 1024w, https:\/\/neustart-im-beruf.de\/wp-content\/uploads\/2020\/02\/Label-AFNB-300x126.png 300w, https:\/\/neustart-im-beruf.de\/wp-content\/uploads\/2020\/02\/Label-AFNB-768x322.png 768w, https:\/\/neustart-im-beruf.de\/wp-content\/uploads\/2020\/02\/Label-AFNB.png 1126w\" sizes=\"(max-width: 1024px) 100vw, 1024px\" \/><\/a><\/figure>\n\n\n\n<p> <strong><a rel=\"noreferrer noopener\" href=\"https:\/\/www.afnb-international.com\/start\" target=\"_blank\">Akademie f\u00fcr neurowissenschaftliches Bildungsmanagement<\/a><\/strong>&nbsp;<\/p>\n\n\n\n<p>Erfolg ist angewandte Gehirnforschung. Unter diesem Motto pr\u00e4sentiert die AFNB die modernen Erkenntnisse der Gehirnforschung. <\/p>\n\n\n\n<p>Die&nbsp;Gehirnforschung&nbsp;z\u00e4hlt zu den bedeutendsten Wissenschaften unseres Jahrhunderts. L\u00e4ngst werden ihre Erkenntnisse nicht nur zur Heilung von Patienten angewandt. Auch im Coaching und in der Weiterbildung sind die Erkenntnisse \u00fcber die Funktions- und Arbeitsweise unseres Gehirns f\u00fcr die Entwicklung unserer F\u00e4higkeiten und Leistungen von enormer Bedeutung. <\/p>\n\n\n\n<p>Thomas Joachim ist seit 01\/2014 Mitglied und lernt fortlaufend von den besten der Branche:   <br>Prof. Dr.Dr. Gerhard Roth, Prof. Dr. Tobias Esch, Dr. Franz H\u00fctter, Prof. Dr. Christian B\u00fcchel, Prof. Dr. John Dylan Haynes uva.  Dadurch bringt er seine Vortrags-, Seminar und Coachinginhalte kontinuierlich auf den neuesten Stand.<\/p>\n\n\n\n<p>Im Rahmen seiner 24-monatigen Ausbildung der kognitiven Neurowissenschaften arbeitete sich Thomas Joachim in folgende  Themenbereichen ein: Grundlagen des Gehirns, Wahrnehmung, Lernprozesse, Pers\u00f6nlichkeitsentwicklung, Motivation und Entscheidungen, Bewusstsein, Kommunikation und Gesundheit und Gl\u00fcck.<br>In seiner Abschlussarbeit befasste er sich mit dem Thema Neuroleadership &#8211; gehirngerechte F\u00fchrung mit Sinn und Menschlichkeit. Die Abschlussarbeit von Thomas Joachim wurde von Prof. Dr.Dr. Roth mit der Note 1,0 bewertet.<\/p>\n","protected":false},"excerpt":{"rendered":"<p>Akademie f\u00fcr neurowissenschaftliches Bildungsmanagement&nbsp; Erfolg ist angewandte Gehirnforschung. Unter diesem Motto pr\u00e4sentiert die AFNB die modernen Erkenntnisse der Gehirnforschung. Die&nbsp;Gehirnforschung&nbsp;z\u00e4hlt zu den bedeutendsten Wissenschaften unseres Jahrhunderts. L\u00e4ngst werden ihre Erkenntnisse nicht nur zur Heilung von Patienten angewandt. Auch im Coaching und in der Weiterbildung sind die Erkenntnisse \u00fcber die Funktions- und Arbeitsweise unseres Gehirns f\u00fcr &#8230; <a title=\"NeuroScience im Coaching\" class=\"read-more\" href=\"https:\/\/neustart-im-beruf.de\/startseite\/neuroscience-im-coaching\/\">Weiterlesen <span class=\"screen-reader-text\">NeuroScience im Coaching<\/span><\/a><\/p>\n","protected":false},"author":1,"featured_media":0,"parent":0,"menu_order":0,"comment_status":"closed","ping_status":"closed","template":"","meta":[],"yoast_head":"<!-- This site is optimized with the Yoast SEO plugin v18.3 - https:\/\/yoast.com\/wordpress\/plugins\/seo\/ -->\n<title>NeuroScience im Coaching - Neustart im Beruf<\/title>\n<meta name=\"description\" content=\"Neurowissenschaftliche und zukunftsorientierte Konzepte f\u00fcr Ihren Erfolg im Privatleben und Beruf. Kostenloses Stragiegespr\u00e4ch anfordern.\" \/>\n<meta name=\"robots\" content=\"index, follow, max-snippet:-1, max-image-preview:large, max-video-preview:-1\" \/>\n<link rel=\"canonical\" href=\"https:\/\/neustart-im-beruf.de\/startseite\/neuroscience-im-coaching\/\" \/>\n<meta property=\"og:locale\" content=\"de_DE\" \/>\n<meta property=\"og:type\" content=\"article\" \/>\n<meta property=\"og:title\" content=\"NeuroScience im Coaching - Neustart im Beruf\" \/>\n<meta property=\"og:description\" content=\"Neurowissenschaftliche und zukunftsorientierte Konzepte f\u00fcr Ihren Erfolg im Privatleben und Beruf. Kostenloses Stragiegespr\u00e4ch anfordern.\" \/>\n<meta property=\"og:url\" content=\"https:\/\/neustart-im-beruf.de\/startseite\/neuroscience-im-coaching\/\" \/>\n<meta property=\"og:site_name\" content=\"Neustart im Beruf\" \/>\n<meta property=\"article:modified_time\" content=\"2020-03-24T15:18:35+00:00\" \/>\n<meta property=\"og:image\" content=\"https:\/\/neustart-im-beruf.de\/wp-content\/uploads\/2020\/02\/Label-AFNB-1024x429.png\" \/>\n<meta name=\"twitter:card\" content=\"summary_large_image\" \/>\n<meta name=\"twitter:label1\" content=\"Gesch\u00e4tzte Lesezeit\" \/>\n\t<meta name=\"twitter:data1\" content=\"1\u00a0Minute\" \/>\n<script type=\"application\/ld+json\" class=\"yoast-schema-graph\">{\"@context\":\"https:\/\/schema.org\",\"@graph\":[{\"@type\":\"Organization\",\"@id\":\"https:\/\/neustart-im-beruf.de\/startseite\/#organization\",\"name\":\"Joachim Coaching\",\"url\":\"https:\/\/neustart-im-beruf.de\/startseite\/\",\"sameAs\":[\"https:\/\/www.xing.com\/profile\/Thomas_Joachim2\"],\"logo\":{\"@type\":\"ImageObject\",\"@id\":\"https:\/\/neustart-im-beruf.de\/startseite\/#logo\",\"inLanguage\":\"de\",\"url\":\"https:\/\/neustart-im-beruf.de\/wp-content\/uploads\/2020\/02\/Joachim-Academy-und-Coaching.png\",\"contentUrl\":\"https:\/\/neustart-im-beruf.de\/wp-content\/uploads\/2020\/02\/Joachim-Academy-und-Coaching.png\",\"width\":864,\"height\":239,\"caption\":\"Joachim Coaching\"},\"image\":{\"@id\":\"https:\/\/neustart-im-beruf.de\/startseite\/#logo\"}},{\"@type\":\"WebSite\",\"@id\":\"https:\/\/neustart-im-beruf.de\/startseite\/#website\",\"url\":\"https:\/\/neustart-im-beruf.de\/startseite\/\",\"name\":\"Neustart im Beruf\",\"description\":\"Unterst\u00fctzung auf dem Weg zum optimalen Arbeitsplatz\",\"publisher\":{\"@id\":\"https:\/\/neustart-im-beruf.de\/startseite\/#organization\"},\"potentialAction\":[{\"@type\":\"SearchAction\",\"target\":{\"@type\":\"EntryPoint\",\"urlTemplate\":\"https:\/\/neustart-im-beruf.de\/startseite\/?s={search_term_string}\"},\"query-input\":\"required name=search_term_string\"}],\"inLanguage\":\"de\"},{\"@type\":\"ImageObject\",\"@id\":\"https:\/\/neustart-im-beruf.de\/startseite\/neuroscience-im-coaching\/#primaryimage\",\"inLanguage\":\"de\",\"url\":\"https:\/\/neustart-im-beruf.de\/wp-content\/uploads\/2020\/02\/Label-AFNB.png\",\"contentUrl\":\"https:\/\/neustart-im-beruf.de\/wp-content\/uploads\/2020\/02\/Label-AFNB.png\",\"width\":1126,\"height\":472,\"caption\":\"AFNB\"},{\"@type\":\"WebPage\",\"@id\":\"https:\/\/neustart-im-beruf.de\/startseite\/neuroscience-im-coaching\/#webpage\",\"url\":\"https:\/\/neustart-im-beruf.de\/startseite\/neuroscience-im-coaching\/\",\"name\":\"NeuroScience im Coaching - Neustart im Beruf\",\"isPartOf\":{\"@id\":\"https:\/\/neustart-im-beruf.de\/startseite\/#website\"},\"primaryImageOfPage\":{\"@id\":\"https:\/\/neustart-im-beruf.de\/startseite\/neuroscience-im-coaching\/#primaryimage\"},\"datePublished\":\"2020-02-09T18:20:45+00:00\",\"dateModified\":\"2020-03-24T15:18:35+00:00\",\"description\":\"Neurowissenschaftliche und zukunftsorientierte Konzepte f\u00fcr Ihren Erfolg im Privatleben und Beruf. Kostenloses Stragiegespr\u00e4ch anfordern.\",\"breadcrumb\":{\"@id\":\"https:\/\/neustart-im-beruf.de\/startseite\/neuroscience-im-coaching\/#breadcrumb\"},\"inLanguage\":\"de\",\"potentialAction\":[{\"@type\":\"ReadAction\",\"target\":[\"https:\/\/neustart-im-beruf.de\/startseite\/neuroscience-im-coaching\/\"]}]},{\"@type\":\"BreadcrumbList\",\"@id\":\"https:\/\/neustart-im-beruf.de\/startseite\/neuroscience-im-coaching\/#breadcrumb\",\"itemListElement\":[{\"@type\":\"ListItem\",\"position\":1,\"name\":\"Startseite\",\"item\":\"https:\/\/neustart-im-beruf.de\/startseite\/\"},{\"@type\":\"ListItem\",\"position\":2,\"name\":\"NeuroScience im Coaching\"}]}]}<\/script>\n<!-- \/ Yoast SEO plugin. -->","yoast_head_json":{"title":"NeuroScience im Coaching - Neustart im Beruf","description":"Neurowissenschaftliche und zukunftsorientierte Konzepte f\u00fcr Ihren Erfolg im Privatleben und Beruf. Kostenloses Stragiegespr\u00e4ch anfordern.","robots":{"index":"index","follow":"follow","max-snippet":"max-snippet:-1","max-image-preview":"max-image-preview:large","max-video-preview":"max-video-preview:-1"},"canonical":"https:\/\/neustart-im-beruf.de\/startseite\/neuroscience-im-coaching\/","og_locale":"de_DE","og_type":"article","og_title":"NeuroScience im Coaching - Neustart im Beruf","og_description":"Neurowissenschaftliche und zukunftsorientierte Konzepte f\u00fcr Ihren Erfolg im Privatleben und Beruf. Kostenloses Stragiegespr\u00e4ch anfordern.","og_url":"https:\/\/neustart-im-beruf.de\/startseite\/neuroscience-im-coaching\/","og_site_name":"Neustart im Beruf","article_modified_time":"2020-03-24T15:18:35+00:00","og_image":[{"url":"https:\/\/neustart-im-beruf.de\/wp-content\/uploads\/2020\/02\/Label-AFNB-1024x429.png"}],"twitter_card":"summary_large_image","twitter_misc":{"Gesch\u00e4tzte Lesezeit":"1\u00a0Minute"},"schema":{"@context":"https:\/\/schema.org","@graph":[{"@type":"Organization","@id":"https:\/\/neustart-im-beruf.de\/startseite\/#organization","name":"Joachim Coaching","url":"https:\/\/neustart-im-beruf.de\/startseite\/","sameAs":["https:\/\/www.xing.com\/profile\/Thomas_Joachim2"],"logo":{"@type":"ImageObject","@id":"https:\/\/neustart-im-beruf.de\/startseite\/#logo","inLanguage":"de","url":"https:\/\/neustart-im-beruf.de\/wp-content\/uploads\/2020\/02\/Joachim-Academy-und-Coaching.png","contentUrl":"https:\/\/neustart-im-beruf.de\/wp-content\/uploads\/2020\/02\/Joachim-Academy-und-Coaching.png","width":864,"height":239,"caption":"Joachim Coaching"},"image":{"@id":"https:\/\/neustart-im-beruf.de\/startseite\/#logo"}},{"@type":"WebSite","@id":"https:\/\/neustart-im-beruf.de\/startseite\/#website","url":"https:\/\/neustart-im-beruf.de\/startseite\/","name":"Neustart im Beruf","description":"Unterst\u00fctzung auf dem Weg zum optimalen Arbeitsplatz","publisher":{"@id":"https:\/\/neustart-im-beruf.de\/startseite\/#organization"},"potentialAction":[{"@type":"SearchAction","target":{"@type":"EntryPoint","urlTemplate":"https:\/\/neustart-im-beruf.de\/startseite\/?s={search_term_string}"},"query-input":"required name=search_term_string"}],"inLanguage":"de"},{"@type":"ImageObject","@id":"https:\/\/neustart-im-beruf.de\/startseite\/neuroscience-im-coaching\/#primaryimage","inLanguage":"de","url":"https:\/\/neustart-im-beruf.de\/wp-content\/uploads\/2020\/02\/Label-AFNB.png","contentUrl":"https:\/\/neustart-im-beruf.de\/wp-content\/uploads\/2020\/02\/Label-AFNB.png","width":1126,"height":472,"caption":"AFNB"},{"@type":"WebPage","@id":"https:\/\/neustart-im-beruf.de\/startseite\/neuroscience-im-coaching\/#webpage","url":"https:\/\/neustart-im-beruf.de\/startseite\/neuroscience-im-coaching\/","name":"NeuroScience im Coaching - Neustart im Beruf","isPartOf":{"@id":"https:\/\/neustart-im-beruf.de\/startseite\/#website"},"primaryImageOfPage":{"@id":"https:\/\/neustart-im-beruf.de\/startseite\/neuroscience-im-coaching\/#primaryimage"},"datePublished":"2020-02-09T18:20:45+00:00","dateModified":"2020-03-24T15:18:35+00:00","description":"Neurowissenschaftliche und zukunftsorientierte Konzepte f\u00fcr Ihren Erfolg im Privatleben und Beruf. Kostenloses Stragiegespr\u00e4ch anfordern.","breadcrumb":{"@id":"https:\/\/neustart-im-beruf.de\/startseite\/neuroscience-im-coaching\/#breadcrumb"},"inLanguage":"de","potentialAction":[{"@type":"ReadAction","target":["https:\/\/neustart-im-beruf.de\/startseite\/neuroscience-im-coaching\/"]}]},{"@type":"BreadcrumbList","@id":"https:\/\/neustart-im-beruf.de\/startseite\/neuroscience-im-coaching\/#breadcrumb","itemListElement":[{"@type":"ListItem","position":1,"name":"Startseite","item":"https:\/\/neustart-im-beruf.de\/startseite\/"},{"@type":"ListItem","position":2,"name":"NeuroScience im Coaching"}]}]}},"_links":{"self":[{"href":"https:\/\/neustart-im-beruf.de\/startseite\/wp-json\/wp\/v2\/pages\/365"}],"collection":[{"href":"https:\/\/neustart-im-beruf.de\/startseite\/wp-json\/wp\/v2\/pages"}],"about":[{"href":"https:\/\/neustart-im-beruf.de\/startseite\/wp-json\/wp\/v2\/types\/page"}],"author":[{"embeddable":true,"href":"https:\/\/neustart-im-beruf.de\/startseite\/wp-json\/wp\/v2\/users\/1"}],"replies":[{"embeddable":true,"href":"https:\/\/neustart-im-beruf.de\/startseite\/wp-json\/wp\/v2\/comments?post=365"}],"version-history":[{"count":6,"href":"https:\/\/neustart-im-beruf.de\/startseite\/wp-json\/wp\/v2\/pages\/365\/revisions"}],"predecessor-version":[{"id":467,"href":"https:\/\/neustart-im-beruf.de\/startseite\/wp-json\/wp\/v2\/pages\/365\/revisions\/467"}],"wp:attachment":[{"href":"https:\/\/neustart-im-beruf.de\/startseite\/wp-json\/wp\/v2\/media?parent=365"}],"curies":[{"name":"wp","href":"https:\/\/api.w.org\/{rel}","templated":true}]}}