{"id":352,"date":"2020-02-09T19:19:51","date_gmt":"2020-02-09T18:19:51","guid":{"rendered":"https:\/\/neustart-im-beruf.de\/startseite\/?page_id=352"},"modified":"2020-03-31T10:36:53","modified_gmt":"2020-03-31T08:36:53","slug":"meine-erfahrungen","status":"publish","type":"page","link":"https:\/\/neustart-im-beruf.de\/startseite\/meine-erfahrungen\/","title":{"rendered":"Erfahrungen von Jobcoach Thomas Joachim"},"content":{"rendered":"\n<figure class=\"wp-block-image size-large is-resized is-style-default\"><img loading=\"lazy\" src=\"https:\/\/neustart-im-beruf.de\/wp-content\/uploads\/2020\/02\/Thomas-Joachim-F\u00fchrungskraft-1024x768.jpg\" alt=\"Jobcoach und Mentor Thomas Joachim\" class=\"wp-image-353\" width=\"1024\" height=\"768\" srcset=\"https:\/\/neustart-im-beruf.de\/wp-content\/uploads\/2020\/02\/Thomas-Joachim-F\u00fchrungskraft-1024x768.jpg 1024w, https:\/\/neustart-im-beruf.de\/wp-content\/uploads\/2020\/02\/Thomas-Joachim-F\u00fchrungskraft-300x225.jpg 300w, https:\/\/neustart-im-beruf.de\/wp-content\/uploads\/2020\/02\/Thomas-Joachim-F\u00fchrungskraft-768x576.jpg 768w, https:\/\/neustart-im-beruf.de\/wp-content\/uploads\/2020\/02\/Thomas-Joachim-F\u00fchrungskraft-1536x1152.jpg 1536w, https:\/\/neustart-im-beruf.de\/wp-content\/uploads\/2020\/02\/Thomas-Joachim-F\u00fchrungskraft-2048x1536.jpg 2048w\" sizes=\"(max-width: 1024px) 100vw, 1024px\" \/><\/figure>\n\n\n\n<h3>Ihr Jobcoach und Mentor: Thomas JOACHIM<\/h3>\n\n\n\n<p>Als ehemalige F\u00fchrungskraft in einem Gro\u00dfkonzern hatte ich &#8211; Thomas Joachim &#8211; regelm\u00e4\u00dfig interne Stellen neu zu besetzen. Zudem durfte ich auch h\u00e4ufig externe Mitarbeiter ins Team zu integrieren. In diesem Zeitraum analysierte ich eine Vielzahl an <a href=\"https:\/\/neustart-im-beruf.de\/startseite\/bewerbung-von-a-bis-z\/\">Bewerbungsunterlagen<\/a> Es galt, die am besten geeigneten Bewerber zum <a href=\"https:\/\/neustart-im-beruf.de\/startseite\/bewerbung-von-a-bis-z\/\">Vorstellungsgespr\u00e4ch <\/a>einzuladen. Irgendwann sp\u00fcrte ich, dass ich mehr im direkten Kontakt mit Menschen arbeiten wollte. Darum entschied ich mich f\u00fcr eine selbstst\u00e4ndige T\u00e4tigkeit als Jobcoach (auch: Bewerbungscoach).<\/p>\n\n\n\n<p>Seit 2016 arbeite ich nun als Mentor und Jobcoach. Alles erstes machte ich mir die entscheidenden Aspekte f\u00fcr meine damaligen Entscheidungen bewusst. Beispielsweise warum sprachen mich Lebenslauf und Anschreiben eines Bewerbers an. Mit welchen Argumenten und Antworten auf meine Fragen konnte er mich von sich \u00fcberzeugen. Nun setze ich diese Erkenntnisse und Erfahrungen in der Zusammenarbeit mit Ihnen ein. <\/p>\n\n\n\n<p>W\u00e4hrend meiner <a href=\"https:\/\/www.academy-of-neuroscience.com\/\">zwei-j\u00e4hrigen Ausbildung<\/a> im Bereich der <a href=\"https:\/\/neustart-im-beruf.de\/startseite\/neuroscience-im-coaching\/\">kognitiven Neurowissenschaften<\/a> lernte ich sehr viel \u00fcber die Themengebiete Motivation und Entscheidung. Ich kenne heute eine Vielzahl von Aspekten, wie Menschen sich gegenseitig mit Ihrer verbalen und nonverbalen Kommunikation und Verhalten beeinflussen. Zusammen mit meiner ausgepr\u00e4gten Menschenkenntnis wei\u00df ich heute, wie Sie in Bewerbungsunterlagen Ihre Kompetenzen, Motive und Pers\u00f6nlichkeit professionell und &#8222;gehirngerecht&#8220; darstellen k\u00f6nnen. Damit gelingt es Ihnen sich im Vorstellungsgespr\u00e4ch perfekt zu pr\u00e4sentieren, um den f\u00fcr Sie optimal passenden Job zu finden und zu besetzen. <\/p>\n\n\n\n<p><a href=\"https:\/\/neustart-im-beruf.de\/startseite\/kundenstimmen\/\">Meine Coachees <\/a>sind \u00fcberwiegend  Fach- und F\u00fchrungskr\u00e4fte, Akademiker unterschiedlichster Fachrichtungen und Ingenieure. Teilweise auch promovierte Natur- und Geisteswissenschaftler, Gesch\u00e4ftsf\u00fchrer und Selbstst\u00e4ndige.<\/p>\n\n\n\n<p>Diese kommen meist aus der Industrie und Handwerk, Einkauf, Lohn- und Finanzbuchhaltung, Lager- und Logistik, Journalismus, Sport und Fitness, Verkauf und Vertrieb, Beratung und Consulting und viele andere mehr.<\/p>\n\n\n\n<p>Inzwischen konnte ich schon mehr als 100+ Personen bei der Jobsuche unterst\u00fctzen. Einige R\u00fcckmeldungen finden Sie auf der Seite: <a href=\"http:\/\/kundenstimmen\">Kundenstimmen<\/a>.<\/p>\n","protected":false},"excerpt":{"rendered":"<p>Ihr Jobcoach und Mentor: Thomas JOACHIM Als ehemalige F\u00fchrungskraft in einem Gro\u00dfkonzern hatte ich &#8211; Thomas Joachim &#8211; regelm\u00e4\u00dfig interne Stellen neu zu besetzen. Zudem durfte ich auch h\u00e4ufig externe Mitarbeiter ins Team zu integrieren. In diesem Zeitraum analysierte ich eine Vielzahl an Bewerbungsunterlagen Es galt, die am besten geeigneten Bewerber zum Vorstellungsgespr\u00e4ch einzuladen. Irgendwann &#8230; <a title=\"Erfahrungen von Jobcoach Thomas Joachim\" class=\"read-more\" href=\"https:\/\/neustart-im-beruf.de\/startseite\/meine-erfahrungen\/\">Weiterlesen <span class=\"screen-reader-text\">Erfahrungen von Jobcoach Thomas Joachim<\/span><\/a><\/p>\n","protected":false},"author":1,"featured_media":0,"parent":0,"menu_order":0,"comment_status":"closed","ping_status":"closed","template":"","meta":[],"yoast_head":"<!-- This site is optimized with the Yoast SEO plugin v18.3 - https:\/\/yoast.com\/wordpress\/plugins\/seo\/ -->\n<title>Erfahrungen von Jobcoach Thomas Joachim - Neustart im Beruf<\/title>\n<meta name=\"description\" content=\"Bewerbung von A bis Z, Karriereplanung, Neuorientierung. Hier wird Ihnen geholfen. Kostenloses Stragiegespr\u00e4ch bei Neuro-Jobcoach Thomas Joachim anfordern.\" \/>\n<meta name=\"robots\" content=\"index, follow, max-snippet:-1, max-image-preview:large, max-video-preview:-1\" \/>\n<link rel=\"canonical\" href=\"https:\/\/neustart-im-beruf.de\/startseite\/meine-erfahrungen\/\" \/>\n<meta property=\"og:locale\" content=\"de_DE\" \/>\n<meta property=\"og:type\" content=\"article\" \/>\n<meta property=\"og:title\" content=\"Erfahrungen von Jobcoach Thomas Joachim - Neustart im Beruf\" \/>\n<meta property=\"og:description\" content=\"Bewerbung von A bis Z, Karriereplanung, Neuorientierung. Hier wird Ihnen geholfen. Kostenloses Stragiegespr\u00e4ch bei Neuro-Jobcoach Thomas Joachim anfordern.\" \/>\n<meta property=\"og:url\" content=\"https:\/\/neustart-im-beruf.de\/startseite\/meine-erfahrungen\/\" \/>\n<meta property=\"og:site_name\" content=\"Neustart im Beruf\" \/>\n<meta property=\"article:modified_time\" content=\"2020-03-31T08:36:53+00:00\" \/>\n<meta property=\"og:image\" content=\"https:\/\/neustart-im-beruf.de\/wp-content\/uploads\/2020\/02\/Thomas-Joachim-F\u00fchrungskraft-1024x768.jpg\" \/>\n<meta name=\"twitter:card\" content=\"summary_large_image\" \/>\n<meta name=\"twitter:label1\" content=\"Gesch\u00e4tzte Lesezeit\" \/>\n\t<meta name=\"twitter:data1\" content=\"2\u00a0Minuten\" \/>\n<script type=\"application\/ld+json\" class=\"yoast-schema-graph\">{\"@context\":\"https:\/\/schema.org\",\"@graph\":[{\"@type\":\"Organization\",\"@id\":\"https:\/\/neustart-im-beruf.de\/startseite\/#organization\",\"name\":\"Joachim Coaching\",\"url\":\"https:\/\/neustart-im-beruf.de\/startseite\/\",\"sameAs\":[\"https:\/\/www.xing.com\/profile\/Thomas_Joachim2\"],\"logo\":{\"@type\":\"ImageObject\",\"@id\":\"https:\/\/neustart-im-beruf.de\/startseite\/#logo\",\"inLanguage\":\"de\",\"url\":\"https:\/\/neustart-im-beruf.de\/wp-content\/uploads\/2020\/02\/Joachim-Academy-und-Coaching.png\",\"contentUrl\":\"https:\/\/neustart-im-beruf.de\/wp-content\/uploads\/2020\/02\/Joachim-Academy-und-Coaching.png\",\"width\":864,\"height\":239,\"caption\":\"Joachim Coaching\"},\"image\":{\"@id\":\"https:\/\/neustart-im-beruf.de\/startseite\/#logo\"}},{\"@type\":\"WebSite\",\"@id\":\"https:\/\/neustart-im-beruf.de\/startseite\/#website\",\"url\":\"https:\/\/neustart-im-beruf.de\/startseite\/\",\"name\":\"Neustart im Beruf\",\"description\":\"Unterst\u00fctzung auf dem Weg zum optimalen Arbeitsplatz\",\"publisher\":{\"@id\":\"https:\/\/neustart-im-beruf.de\/startseite\/#organization\"},\"potentialAction\":[{\"@type\":\"SearchAction\",\"target\":{\"@type\":\"EntryPoint\",\"urlTemplate\":\"https:\/\/neustart-im-beruf.de\/startseite\/?s={search_term_string}\"},\"query-input\":\"required name=search_term_string\"}],\"inLanguage\":\"de\"},{\"@type\":\"ImageObject\",\"@id\":\"https:\/\/neustart-im-beruf.de\/startseite\/meine-erfahrungen\/#primaryimage\",\"inLanguage\":\"de\",\"url\":\"https:\/\/neustart-im-beruf.de\/wp-content\/uploads\/2020\/02\/Thomas-Joachim-F\u00fchrungskraft-1024x768.jpg\",\"contentUrl\":\"https:\/\/neustart-im-beruf.de\/wp-content\/uploads\/2020\/02\/Thomas-Joachim-F\u00fchrungskraft-1024x768.jpg\"},{\"@type\":\"WebPage\",\"@id\":\"https:\/\/neustart-im-beruf.de\/startseite\/meine-erfahrungen\/#webpage\",\"url\":\"https:\/\/neustart-im-beruf.de\/startseite\/meine-erfahrungen\/\",\"name\":\"Erfahrungen von Jobcoach Thomas Joachim - Neustart im Beruf\",\"isPartOf\":{\"@id\":\"https:\/\/neustart-im-beruf.de\/startseite\/#website\"},\"primaryImageOfPage\":{\"@id\":\"https:\/\/neustart-im-beruf.de\/startseite\/meine-erfahrungen\/#primaryimage\"},\"datePublished\":\"2020-02-09T18:19:51+00:00\",\"dateModified\":\"2020-03-31T08:36:53+00:00\",\"description\":\"Bewerbung von A bis Z, Karriereplanung, Neuorientierung. Hier wird Ihnen geholfen. Kostenloses Stragiegespr\u00e4ch bei Neuro-Jobcoach Thomas Joachim anfordern.\",\"breadcrumb\":{\"@id\":\"https:\/\/neustart-im-beruf.de\/startseite\/meine-erfahrungen\/#breadcrumb\"},\"inLanguage\":\"de\",\"potentialAction\":[{\"@type\":\"ReadAction\",\"target\":[\"https:\/\/neustart-im-beruf.de\/startseite\/meine-erfahrungen\/\"]}]},{\"@type\":\"BreadcrumbList\",\"@id\":\"https:\/\/neustart-im-beruf.de\/startseite\/meine-erfahrungen\/#breadcrumb\",\"itemListElement\":[{\"@type\":\"ListItem\",\"position\":1,\"name\":\"Startseite\",\"item\":\"https:\/\/neustart-im-beruf.de\/startseite\/\"},{\"@type\":\"ListItem\",\"position\":2,\"name\":\"Erfahrungen von Jobcoach Thomas Joachim\"}]}]}<\/script>\n<!-- \/ Yoast SEO plugin. -->","yoast_head_json":{"title":"Erfahrungen von Jobcoach Thomas Joachim - Neustart im Beruf","description":"Bewerbung von A bis Z, Karriereplanung, Neuorientierung. Hier wird Ihnen geholfen. Kostenloses Stragiegespr\u00e4ch bei Neuro-Jobcoach Thomas Joachim anfordern.","robots":{"index":"index","follow":"follow","max-snippet":"max-snippet:-1","max-image-preview":"max-image-preview:large","max-video-preview":"max-video-preview:-1"},"canonical":"https:\/\/neustart-im-beruf.de\/startseite\/meine-erfahrungen\/","og_locale":"de_DE","og_type":"article","og_title":"Erfahrungen von Jobcoach Thomas Joachim - Neustart im Beruf","og_description":"Bewerbung von A bis Z, Karriereplanung, Neuorientierung. Hier wird Ihnen geholfen. Kostenloses Stragiegespr\u00e4ch bei Neuro-Jobcoach Thomas Joachim anfordern.","og_url":"https:\/\/neustart-im-beruf.de\/startseite\/meine-erfahrungen\/","og_site_name":"Neustart im Beruf","article_modified_time":"2020-03-31T08:36:53+00:00","og_image":[{"url":"https:\/\/neustart-im-beruf.de\/wp-content\/uploads\/2020\/02\/Thomas-Joachim-F\u00fchrungskraft-1024x768.jpg"}],"twitter_card":"summary_large_image","twitter_misc":{"Gesch\u00e4tzte Lesezeit":"2\u00a0Minuten"},"schema":{"@context":"https:\/\/schema.org","@graph":[{"@type":"Organization","@id":"https:\/\/neustart-im-beruf.de\/startseite\/#organization","name":"Joachim Coaching","url":"https:\/\/neustart-im-beruf.de\/startseite\/","sameAs":["https:\/\/www.xing.com\/profile\/Thomas_Joachim2"],"logo":{"@type":"ImageObject","@id":"https:\/\/neustart-im-beruf.de\/startseite\/#logo","inLanguage":"de","url":"https:\/\/neustart-im-beruf.de\/wp-content\/uploads\/2020\/02\/Joachim-Academy-und-Coaching.png","contentUrl":"https:\/\/neustart-im-beruf.de\/wp-content\/uploads\/2020\/02\/Joachim-Academy-und-Coaching.png","width":864,"height":239,"caption":"Joachim Coaching"},"image":{"@id":"https:\/\/neustart-im-beruf.de\/startseite\/#logo"}},{"@type":"WebSite","@id":"https:\/\/neustart-im-beruf.de\/startseite\/#website","url":"https:\/\/neustart-im-beruf.de\/startseite\/","name":"Neustart im Beruf","description":"Unterst\u00fctzung auf dem Weg zum optimalen Arbeitsplatz","publisher":{"@id":"https:\/\/neustart-im-beruf.de\/startseite\/#organization"},"potentialAction":[{"@type":"SearchAction","target":{"@type":"EntryPoint","urlTemplate":"https:\/\/neustart-im-beruf.de\/startseite\/?s={search_term_string}"},"query-input":"required name=search_term_string"}],"inLanguage":"de"},{"@type":"ImageObject","@id":"https:\/\/neustart-im-beruf.de\/startseite\/meine-erfahrungen\/#primaryimage","inLanguage":"de","url":"https:\/\/neustart-im-beruf.de\/wp-content\/uploads\/2020\/02\/Thomas-Joachim-F\u00fchrungskraft-1024x768.jpg","contentUrl":"https:\/\/neustart-im-beruf.de\/wp-content\/uploads\/2020\/02\/Thomas-Joachim-F\u00fchrungskraft-1024x768.jpg"},{"@type":"WebPage","@id":"https:\/\/neustart-im-beruf.de\/startseite\/meine-erfahrungen\/#webpage","url":"https:\/\/neustart-im-beruf.de\/startseite\/meine-erfahrungen\/","name":"Erfahrungen von Jobcoach Thomas Joachim - Neustart im Beruf","isPartOf":{"@id":"https:\/\/neustart-im-beruf.de\/startseite\/#website"},"primaryImageOfPage":{"@id":"https:\/\/neustart-im-beruf.de\/startseite\/meine-erfahrungen\/#primaryimage"},"datePublished":"2020-02-09T18:19:51+00:00","dateModified":"2020-03-31T08:36:53+00:00","description":"Bewerbung von A bis Z, Karriereplanung, Neuorientierung. Hier wird Ihnen geholfen. Kostenloses Stragiegespr\u00e4ch bei Neuro-Jobcoach Thomas Joachim anfordern.","breadcrumb":{"@id":"https:\/\/neustart-im-beruf.de\/startseite\/meine-erfahrungen\/#breadcrumb"},"inLanguage":"de","potentialAction":[{"@type":"ReadAction","target":["https:\/\/neustart-im-beruf.de\/startseite\/meine-erfahrungen\/"]}]},{"@type":"BreadcrumbList","@id":"https:\/\/neustart-im-beruf.de\/startseite\/meine-erfahrungen\/#breadcrumb","itemListElement":[{"@type":"ListItem","position":1,"name":"Startseite","item":"https:\/\/neustart-im-beruf.de\/startseite\/"},{"@type":"ListItem","position":2,"name":"Erfahrungen von Jobcoach Thomas Joachim"}]}]}},"_links":{"self":[{"href":"https:\/\/neustart-im-beruf.de\/startseite\/wp-json\/wp\/v2\/pages\/352"}],"collection":[{"href":"https:\/\/neustart-im-beruf.de\/startseite\/wp-json\/wp\/v2\/pages"}],"about":[{"href":"https:\/\/neustart-im-beruf.de\/startseite\/wp-json\/wp\/v2\/types\/page"}],"author":[{"embeddable":true,"href":"https:\/\/neustart-im-beruf.de\/startseite\/wp-json\/wp\/v2\/users\/1"}],"replies":[{"embeddable":true,"href":"https:\/\/neustart-im-beruf.de\/startseite\/wp-json\/wp\/v2\/comments?post=352"}],"version-history":[{"count":19,"href":"https:\/\/neustart-im-beruf.de\/startseite\/wp-json\/wp\/v2\/pages\/352\/revisions"}],"predecessor-version":[{"id":572,"href":"https:\/\/neustart-im-beruf.de\/startseite\/wp-json\/wp\/v2\/pages\/352\/revisions\/572"}],"wp:attachment":[{"href":"https:\/\/neustart-im-beruf.de\/startseite\/wp-json\/wp\/v2\/media?parent=352"}],"curies":[{"name":"wp","href":"https:\/\/api.w.org\/{rel}","templated":true}]}}