{"id":339,"date":"2020-02-09T19:20:13","date_gmt":"2020-02-09T18:20:13","guid":{"rendered":"https:\/\/neustart-im-beruf.de\/startseite\/?page_id=339"},"modified":"2020-03-31T11:07:08","modified_gmt":"2020-03-31T09:07:08","slug":"meine-persoenlichkeit","status":"publish","type":"page","link":"https:\/\/neustart-im-beruf.de\/startseite\/meine-persoenlichkeit\/","title":{"rendered":"Thomas Joachim &#8211; der Mensch"},"content":{"rendered":"\n<figure class=\"wp-block-image size-large is-style-default\"><img loading=\"lazy\" width=\"1024\" height=\"768\" src=\"https:\/\/neustart-im-beruf.de\/wp-content\/uploads\/2020\/02\/Ihr-Mentor-und-Coach-Thomas-Joachim-1024x768.jpg\" alt=\"\" class=\"wp-image-345\" srcset=\"https:\/\/neustart-im-beruf.de\/wp-content\/uploads\/2020\/02\/Ihr-Mentor-und-Coach-Thomas-Joachim-1024x768.jpg 1024w, https:\/\/neustart-im-beruf.de\/wp-content\/uploads\/2020\/02\/Ihr-Mentor-und-Coach-Thomas-Joachim-300x225.jpg 300w, https:\/\/neustart-im-beruf.de\/wp-content\/uploads\/2020\/02\/Ihr-Mentor-und-Coach-Thomas-Joachim-768x576.jpg 768w, https:\/\/neustart-im-beruf.de\/wp-content\/uploads\/2020\/02\/Ihr-Mentor-und-Coach-Thomas-Joachim-1536x1152.jpg 1536w, https:\/\/neustart-im-beruf.de\/wp-content\/uploads\/2020\/02\/Ihr-Mentor-und-Coach-Thomas-Joachim-2048x1536.jpg 2048w\" sizes=\"(max-width: 1024px) 100vw, 1024px\" \/><\/figure>\n\n\n\n<h3 class=\"has-text-align-center\"><strong>Ihr Mentor und Neuro-Jobcoach <br>Thomas Joachim<\/strong> <\/h3>\n\n\n\n<blockquote class=\"wp-block-quote\"><p>&#8222;Wessen wir am meisten im Leben bed\u00fcrfen ist jemand, der uns dazu bringt, das zu tun wof\u00fcr wir da sind.&#8220;<\/p><cite>Ralph Waldo Emerson<\/cite><\/blockquote>\n\n\n\n<p>Ich bin in vielen Schuhen gelaufen, die eine Firmenhierarchie\u00a0bietet. Vom Auszubildenden, Werkstattleiter, Projekt- und Produktmanager, vom Trainer\u00a0bis zum Training Direktor. Heute wei\u00df ich, wie diese sich anf\u00fchlen und wo sie dr\u00fccken k\u00f6nnen. <\/p>\n\n\n\n<p>Und ich liebe es mit Spa\u00df, Freude und Fr\u00f6hlichkeit  Menschen aufzur\u00fctteln, sodass diese mit mehr Freude durch das Leben gehen. Dies kann im <a href=\"https:\/\/neustart-im-beruf.de\/startseite\/neustart-mit-sinn-zur-berufung\/\">Einzelcoaching<\/a>, Seminarraum oder auf der B\u00fchne sein. <\/p>\n\n\n\n<p>Meine Aufgabe auf diesem Planeten ist es, Menschen zu inspirieren, ermutigen und voranzubringen, damit sie ihr volles Potential aussch\u00f6pfen. So werden sie die beste Version, die sie sein k\u00f6nnen. Insbesondere unterst\u00fctze ich Menschen dabei ihre Talente, St\u00e4rken und Qualit\u00e4ten ins Bewusstsein zu bringen damit diese, die f\u00fcr sie passendsten T\u00e4tigkeiten aus\u00fcben.<\/p>\n\n\n\n<p>Wof\u00fcr ich brenne ist das Erlernen, Erfahren und Weitergabe von Wissen wie wir Menschen ticken \u2013 das alles hat mit Worten zu tun. Und was mache ich damit: Ich bin Autor, <a href=\"https:\/\/www.afnb-international.com\/\">Neuro<\/a>-Jobcoach, Mentor, Vortragsredner, Hochschuldozent  und Trainer. So bringe ich meine Leidenschaft in die Welt: Ich konzipiere und entwickle Vortr\u00e4ge, Seminare, Workshops und <a href=\"https:\/\/neustart-im-beruf.de\/startseite\/karriereplanung-neuorientierung-mit-strategie\/\">nachhaltige Entwicklungsprogramme<\/a> f\u00fcr Menschen und Unternehmen, die sich ver\u00e4ndern wollen.<\/p>\n\n\n\n<p>Gerne arbeite gerne ich mit liebevollen und einf\u00fchlsamen Menschen in Netzwerken zusammen. Ich bin bekannt f\u00fcr meine Kompetenz und Glaubw\u00fcrdigkeit. Meine Mitmenschen vertrauen mir und geben mir wertsch\u00e4tzendes und anerkennendes Feedback f\u00fcr mein Verhalten und meine Arbeit.<\/p>\n\n\n\n<p>Ich bin kein: Psychotherapeut,  Lobbyist, Politiker, Umweltaktivist, F\u00fchrungskraft oder Projektleiter in einem fremden Unternehmen \u2013 daf\u00fcr brenne ich nicht und grenze mich davon ab! <\/p>\n","protected":false},"excerpt":{"rendered":"<p>Ihr Mentor und Neuro-Jobcoach Thomas Joachim &#8222;Wessen wir am meisten im Leben bed\u00fcrfen ist jemand, der uns dazu bringt, das zu tun wof\u00fcr wir da sind.&#8220; Ralph Waldo Emerson Ich bin in vielen Schuhen gelaufen, die eine Firmenhierarchie\u00a0bietet. Vom Auszubildenden, Werkstattleiter, Projekt- und Produktmanager, vom Trainer\u00a0bis zum Training Direktor. Heute wei\u00df ich, wie diese sich &#8230; <a title=\"Thomas Joachim &#8211; der Mensch\" class=\"read-more\" href=\"https:\/\/neustart-im-beruf.de\/startseite\/meine-persoenlichkeit\/\">Weiterlesen <span class=\"screen-reader-text\">Thomas Joachim &#8211; der Mensch<\/span><\/a><\/p>\n","protected":false},"author":1,"featured_media":0,"parent":0,"menu_order":0,"comment_status":"closed","ping_status":"closed","template":"","meta":[],"yoast_head":"<!-- This site is optimized with the Yoast SEO plugin v18.3 - https:\/\/yoast.com\/wordpress\/plugins\/seo\/ -->\n<title>Thomas Joachim - der Mensch - Neustart im Beruf<\/title>\n<meta name=\"description\" content=\"Bewerbung von A bis Z, Karriereplanung, Neuorientierung. Hier wird Ihnen geholfen. Kostenloses Stragiegespr\u00e4ch bei Neuro-Jobcoach Thomas Joachim anfordern.\" \/>\n<meta name=\"robots\" content=\"index, follow, max-snippet:-1, max-image-preview:large, max-video-preview:-1\" \/>\n<link rel=\"canonical\" href=\"https:\/\/neustart-im-beruf.de\/startseite\/meine-persoenlichkeit\/\" \/>\n<meta property=\"og:locale\" content=\"de_DE\" \/>\n<meta property=\"og:type\" content=\"article\" \/>\n<meta property=\"og:title\" content=\"Thomas Joachim - der Mensch - Neustart im Beruf\" \/>\n<meta property=\"og:description\" content=\"Bewerbung von A bis Z, Karriereplanung, Neuorientierung. Hier wird Ihnen geholfen. Kostenloses Stragiegespr\u00e4ch bei Neuro-Jobcoach Thomas Joachim anfordern.\" \/>\n<meta property=\"og:url\" content=\"https:\/\/neustart-im-beruf.de\/startseite\/meine-persoenlichkeit\/\" \/>\n<meta property=\"og:site_name\" content=\"Neustart im Beruf\" \/>\n<meta property=\"article:modified_time\" content=\"2020-03-31T09:07:08+00:00\" \/>\n<meta property=\"og:image\" content=\"https:\/\/neustart-im-beruf.de\/wp-content\/uploads\/2020\/02\/Ihr-Mentor-und-Coach-Thomas-Joachim-1024x768.jpg\" \/>\n<meta name=\"twitter:card\" content=\"summary_large_image\" \/>\n<meta name=\"twitter:label1\" content=\"Gesch\u00e4tzte Lesezeit\" \/>\n\t<meta name=\"twitter:data1\" content=\"1\u00a0Minute\" \/>\n<script type=\"application\/ld+json\" class=\"yoast-schema-graph\">{\"@context\":\"https:\/\/schema.org\",\"@graph\":[{\"@type\":\"Organization\",\"@id\":\"https:\/\/neustart-im-beruf.de\/startseite\/#organization\",\"name\":\"Joachim Coaching\",\"url\":\"https:\/\/neustart-im-beruf.de\/startseite\/\",\"sameAs\":[\"https:\/\/www.xing.com\/profile\/Thomas_Joachim2\"],\"logo\":{\"@type\":\"ImageObject\",\"@id\":\"https:\/\/neustart-im-beruf.de\/startseite\/#logo\",\"inLanguage\":\"de\",\"url\":\"https:\/\/neustart-im-beruf.de\/wp-content\/uploads\/2020\/02\/Joachim-Academy-und-Coaching.png\",\"contentUrl\":\"https:\/\/neustart-im-beruf.de\/wp-content\/uploads\/2020\/02\/Joachim-Academy-und-Coaching.png\",\"width\":864,\"height\":239,\"caption\":\"Joachim Coaching\"},\"image\":{\"@id\":\"https:\/\/neustart-im-beruf.de\/startseite\/#logo\"}},{\"@type\":\"WebSite\",\"@id\":\"https:\/\/neustart-im-beruf.de\/startseite\/#website\",\"url\":\"https:\/\/neustart-im-beruf.de\/startseite\/\",\"name\":\"Neustart im Beruf\",\"description\":\"Unterst\u00fctzung auf dem Weg zum optimalen Arbeitsplatz\",\"publisher\":{\"@id\":\"https:\/\/neustart-im-beruf.de\/startseite\/#organization\"},\"potentialAction\":[{\"@type\":\"SearchAction\",\"target\":{\"@type\":\"EntryPoint\",\"urlTemplate\":\"https:\/\/neustart-im-beruf.de\/startseite\/?s={search_term_string}\"},\"query-input\":\"required name=search_term_string\"}],\"inLanguage\":\"de\"},{\"@type\":\"ImageObject\",\"@id\":\"https:\/\/neustart-im-beruf.de\/startseite\/meine-persoenlichkeit\/#primaryimage\",\"inLanguage\":\"de\",\"url\":\"https:\/\/neustart-im-beruf.de\/wp-content\/uploads\/2020\/02\/Ihr-Mentor-und-Coach-Thomas-Joachim-1024x768.jpg\",\"contentUrl\":\"https:\/\/neustart-im-beruf.de\/wp-content\/uploads\/2020\/02\/Ihr-Mentor-und-Coach-Thomas-Joachim-1024x768.jpg\"},{\"@type\":\"WebPage\",\"@id\":\"https:\/\/neustart-im-beruf.de\/startseite\/meine-persoenlichkeit\/#webpage\",\"url\":\"https:\/\/neustart-im-beruf.de\/startseite\/meine-persoenlichkeit\/\",\"name\":\"Thomas Joachim - der Mensch - Neustart im Beruf\",\"isPartOf\":{\"@id\":\"https:\/\/neustart-im-beruf.de\/startseite\/#website\"},\"primaryImageOfPage\":{\"@id\":\"https:\/\/neustart-im-beruf.de\/startseite\/meine-persoenlichkeit\/#primaryimage\"},\"datePublished\":\"2020-02-09T18:20:13+00:00\",\"dateModified\":\"2020-03-31T09:07:08+00:00\",\"description\":\"Bewerbung von A bis Z, Karriereplanung, Neuorientierung. Hier wird Ihnen geholfen. Kostenloses Stragiegespr\u00e4ch bei Neuro-Jobcoach Thomas Joachim anfordern.\",\"breadcrumb\":{\"@id\":\"https:\/\/neustart-im-beruf.de\/startseite\/meine-persoenlichkeit\/#breadcrumb\"},\"inLanguage\":\"de\",\"potentialAction\":[{\"@type\":\"ReadAction\",\"target\":[\"https:\/\/neustart-im-beruf.de\/startseite\/meine-persoenlichkeit\/\"]}]},{\"@type\":\"BreadcrumbList\",\"@id\":\"https:\/\/neustart-im-beruf.de\/startseite\/meine-persoenlichkeit\/#breadcrumb\",\"itemListElement\":[{\"@type\":\"ListItem\",\"position\":1,\"name\":\"Startseite\",\"item\":\"https:\/\/neustart-im-beruf.de\/startseite\/\"},{\"@type\":\"ListItem\",\"position\":2,\"name\":\"Thomas Joachim &#8211; der Mensch\"}]}]}<\/script>\n<!-- \/ Yoast SEO plugin. -->","yoast_head_json":{"title":"Thomas Joachim - der Mensch - Neustart im Beruf","description":"Bewerbung von A bis Z, Karriereplanung, Neuorientierung. Hier wird Ihnen geholfen. Kostenloses Stragiegespr\u00e4ch bei Neuro-Jobcoach Thomas Joachim anfordern.","robots":{"index":"index","follow":"follow","max-snippet":"max-snippet:-1","max-image-preview":"max-image-preview:large","max-video-preview":"max-video-preview:-1"},"canonical":"https:\/\/neustart-im-beruf.de\/startseite\/meine-persoenlichkeit\/","og_locale":"de_DE","og_type":"article","og_title":"Thomas Joachim - der Mensch - Neustart im Beruf","og_description":"Bewerbung von A bis Z, Karriereplanung, Neuorientierung. Hier wird Ihnen geholfen. Kostenloses Stragiegespr\u00e4ch bei Neuro-Jobcoach Thomas Joachim anfordern.","og_url":"https:\/\/neustart-im-beruf.de\/startseite\/meine-persoenlichkeit\/","og_site_name":"Neustart im Beruf","article_modified_time":"2020-03-31T09:07:08+00:00","og_image":[{"url":"https:\/\/neustart-im-beruf.de\/wp-content\/uploads\/2020\/02\/Ihr-Mentor-und-Coach-Thomas-Joachim-1024x768.jpg"}],"twitter_card":"summary_large_image","twitter_misc":{"Gesch\u00e4tzte Lesezeit":"1\u00a0Minute"},"schema":{"@context":"https:\/\/schema.org","@graph":[{"@type":"Organization","@id":"https:\/\/neustart-im-beruf.de\/startseite\/#organization","name":"Joachim Coaching","url":"https:\/\/neustart-im-beruf.de\/startseite\/","sameAs":["https:\/\/www.xing.com\/profile\/Thomas_Joachim2"],"logo":{"@type":"ImageObject","@id":"https:\/\/neustart-im-beruf.de\/startseite\/#logo","inLanguage":"de","url":"https:\/\/neustart-im-beruf.de\/wp-content\/uploads\/2020\/02\/Joachim-Academy-und-Coaching.png","contentUrl":"https:\/\/neustart-im-beruf.de\/wp-content\/uploads\/2020\/02\/Joachim-Academy-und-Coaching.png","width":864,"height":239,"caption":"Joachim Coaching"},"image":{"@id":"https:\/\/neustart-im-beruf.de\/startseite\/#logo"}},{"@type":"WebSite","@id":"https:\/\/neustart-im-beruf.de\/startseite\/#website","url":"https:\/\/neustart-im-beruf.de\/startseite\/","name":"Neustart im Beruf","description":"Unterst\u00fctzung auf dem Weg zum optimalen Arbeitsplatz","publisher":{"@id":"https:\/\/neustart-im-beruf.de\/startseite\/#organization"},"potentialAction":[{"@type":"SearchAction","target":{"@type":"EntryPoint","urlTemplate":"https:\/\/neustart-im-beruf.de\/startseite\/?s={search_term_string}"},"query-input":"required name=search_term_string"}],"inLanguage":"de"},{"@type":"ImageObject","@id":"https:\/\/neustart-im-beruf.de\/startseite\/meine-persoenlichkeit\/#primaryimage","inLanguage":"de","url":"https:\/\/neustart-im-beruf.de\/wp-content\/uploads\/2020\/02\/Ihr-Mentor-und-Coach-Thomas-Joachim-1024x768.jpg","contentUrl":"https:\/\/neustart-im-beruf.de\/wp-content\/uploads\/2020\/02\/Ihr-Mentor-und-Coach-Thomas-Joachim-1024x768.jpg"},{"@type":"WebPage","@id":"https:\/\/neustart-im-beruf.de\/startseite\/meine-persoenlichkeit\/#webpage","url":"https:\/\/neustart-im-beruf.de\/startseite\/meine-persoenlichkeit\/","name":"Thomas Joachim - der Mensch - Neustart im Beruf","isPartOf":{"@id":"https:\/\/neustart-im-beruf.de\/startseite\/#website"},"primaryImageOfPage":{"@id":"https:\/\/neustart-im-beruf.de\/startseite\/meine-persoenlichkeit\/#primaryimage"},"datePublished":"2020-02-09T18:20:13+00:00","dateModified":"2020-03-31T09:07:08+00:00","description":"Bewerbung von A bis Z, Karriereplanung, Neuorientierung. Hier wird Ihnen geholfen. Kostenloses Stragiegespr\u00e4ch bei Neuro-Jobcoach Thomas Joachim anfordern.","breadcrumb":{"@id":"https:\/\/neustart-im-beruf.de\/startseite\/meine-persoenlichkeit\/#breadcrumb"},"inLanguage":"de","potentialAction":[{"@type":"ReadAction","target":["https:\/\/neustart-im-beruf.de\/startseite\/meine-persoenlichkeit\/"]}]},{"@type":"BreadcrumbList","@id":"https:\/\/neustart-im-beruf.de\/startseite\/meine-persoenlichkeit\/#breadcrumb","itemListElement":[{"@type":"ListItem","position":1,"name":"Startseite","item":"https:\/\/neustart-im-beruf.de\/startseite\/"},{"@type":"ListItem","position":2,"name":"Thomas Joachim &#8211; der Mensch"}]}]}},"_links":{"self":[{"href":"https:\/\/neustart-im-beruf.de\/startseite\/wp-json\/wp\/v2\/pages\/339"}],"collection":[{"href":"https:\/\/neustart-im-beruf.de\/startseite\/wp-json\/wp\/v2\/pages"}],"about":[{"href":"https:\/\/neustart-im-beruf.de\/startseite\/wp-json\/wp\/v2\/types\/page"}],"author":[{"embeddable":true,"href":"https:\/\/neustart-im-beruf.de\/startseite\/wp-json\/wp\/v2\/users\/1"}],"replies":[{"embeddable":true,"href":"https:\/\/neustart-im-beruf.de\/startseite\/wp-json\/wp\/v2\/comments?post=339"}],"version-history":[{"count":18,"href":"https:\/\/neustart-im-beruf.de\/startseite\/wp-json\/wp\/v2\/pages\/339\/revisions"}],"predecessor-version":[{"id":585,"href":"https:\/\/neustart-im-beruf.de\/startseite\/wp-json\/wp\/v2\/pages\/339\/revisions\/585"}],"wp:attachment":[{"href":"https:\/\/neustart-im-beruf.de\/startseite\/wp-json\/wp\/v2\/media?parent=339"}],"curies":[{"name":"wp","href":"https:\/\/api.w.org\/{rel}","templated":true}]}}