{"id":329,"date":"2020-02-09T17:04:00","date_gmt":"2020-02-09T16:04:00","guid":{"rendered":"https:\/\/neustart-im-beruf.de\/startseite\/?page_id=329"},"modified":"2020-03-31T10:48:00","modified_gmt":"2020-03-31T08:48:00","slug":"meine-mission","status":"publish","type":"page","link":"https:\/\/neustart-im-beruf.de\/startseite\/meine-mission\/","title":{"rendered":"Thomas Joachim &#8211; Meine Mission"},"content":{"rendered":"\n<div class=\"wp-container-1 wp-block-group\"><div class=\"wp-block-group__inner-container\">\n<figure class=\"wp-block-table\"><table class=\"has-subtle-light-gray-background-color has-fixed-layout has-background\"><thead><tr><th class=\"has-text-align-center\" data-align=\"center\"><\/th><th><\/th><\/tr><\/thead><tbody><tr><td class=\"has-text-align-center\" data-align=\"center\"><img loading=\"lazy\" width=\"2318\" height=\"2560\" class=\"wp-image-334\" style=\"width: 450px;\" src=\"https:\/\/neustart-im-beruf.de\/wp-content\/uploads\/2020\/02\/Thomas-Joachim-scaled.jpg\" alt=\"\" srcset=\"https:\/\/neustart-im-beruf.de\/wp-content\/uploads\/2020\/02\/Thomas-Joachim-scaled.jpg 2318w, https:\/\/neustart-im-beruf.de\/wp-content\/uploads\/2020\/02\/Thomas-Joachim-272x300.jpg 272w, https:\/\/neustart-im-beruf.de\/wp-content\/uploads\/2020\/02\/Thomas-Joachim-927x1024.jpg 927w, https:\/\/neustart-im-beruf.de\/wp-content\/uploads\/2020\/02\/Thomas-Joachim-768x848.jpg 768w, https:\/\/neustart-im-beruf.de\/wp-content\/uploads\/2020\/02\/Thomas-Joachim-1391x1536.jpg 1391w, https:\/\/neustart-im-beruf.de\/wp-content\/uploads\/2020\/02\/Thomas-Joachim-1855x2048.jpg 1855w\" sizes=\"(max-width: 2318px) 100vw, 2318px\" \/><\/td><td><strong>Meine gro\u00dfe Leidenschaft ist es durch mehr Menschlichkeit die Arbeitswelt zu ver\u00e4ndern.<br> <br>Als Coach und Mentor unterst\u00fctze ich Privatpersonen dabei, ihren <a href=\"https:\/\/neustart-im-beruf.de\/startseite\/karriereplanung-neuorientierung-mit-strategie\/\">optimalen Platz in der Arbeitswelt zu finden<\/a> und zu besetzen.<br><br>Unternehmen und Organisationen begleite ich dabei, komplett neue und <a href=\"https:\/\/neustart-im-beruf.de\/startseite\/optimale-mitarbeiterplatzierung\/\">au\u00dfergew\u00f6hnliche Wege der Zusammenarbeit<\/a> zu etablieren.<br><br>F\u00fcr eine sinnerf\u00fcllte Arbeitswelt! <\/strong> <\/td><\/tr><\/tbody><tfoot><tr><td class=\"has-text-align-center\" data-align=\"center\"><strong>Thomas Joachim<\/strong><br><a href=\"https:\/\/www.afnb-international.com\/\">Mitglied der Akademie f\u00fcr neurowissenschaftliches Bildungsmanagement (AFNB)<\/a><\/td><td><\/td><\/tr><\/tfoot><\/table><\/figure>\n<\/div><\/div>\n\n\n\n<p><\/p>\n","protected":false},"excerpt":{"rendered":"<p>Meine gro\u00dfe Leidenschaft ist es durch mehr Menschlichkeit die Arbeitswelt zu ver\u00e4ndern. Als Coach und Mentor unterst\u00fctze ich Privatpersonen dabei, ihren optimalen Platz in der Arbeitswelt zu finden und zu besetzen. Unternehmen und Organisationen begleite ich dabei, komplett neue und au\u00dfergew\u00f6hnliche Wege der Zusammenarbeit zu etablieren. F\u00fcr eine sinnerf\u00fcllte Arbeitswelt! Thomas JoachimMitglied der Akademie f\u00fcr &#8230; <a title=\"Thomas Joachim &#8211; Meine Mission\" class=\"read-more\" href=\"https:\/\/neustart-im-beruf.de\/startseite\/meine-mission\/\">Weiterlesen <span class=\"screen-reader-text\">Thomas Joachim &#8211; Meine Mission<\/span><\/a><\/p>\n","protected":false},"author":1,"featured_media":0,"parent":0,"menu_order":0,"comment_status":"closed","ping_status":"closed","template":"","meta":[],"yoast_head":"<!-- This site is optimized with the Yoast SEO plugin v18.3 - https:\/\/yoast.com\/wordpress\/plugins\/seo\/ -->\n<title>Thomas Joachim - Meine Mission - Neustart im Beruf<\/title>\n<meta name=\"description\" content=\"Bewerbung von A bis Z, Karriereplanung, Neuorientierung. Hier wird Ihnen geholfen. Kostenloses Stragiegespr\u00e4ch bei Neuro-Jobcoach Thomas Joachim anfordern.\" \/>\n<meta name=\"robots\" content=\"index, follow, max-snippet:-1, max-image-preview:large, max-video-preview:-1\" \/>\n<link rel=\"canonical\" href=\"https:\/\/neustart-im-beruf.de\/startseite\/meine-mission\/\" \/>\n<meta property=\"og:locale\" content=\"de_DE\" \/>\n<meta property=\"og:type\" content=\"article\" \/>\n<meta property=\"og:title\" content=\"Thomas Joachim - Meine Mission - Neustart im Beruf\" \/>\n<meta property=\"og:description\" content=\"Bewerbung von A bis Z, Karriereplanung, Neuorientierung. Hier wird Ihnen geholfen. Kostenloses Stragiegespr\u00e4ch bei Neuro-Jobcoach Thomas Joachim anfordern.\" \/>\n<meta property=\"og:url\" content=\"https:\/\/neustart-im-beruf.de\/startseite\/meine-mission\/\" \/>\n<meta property=\"og:site_name\" content=\"Neustart im Beruf\" \/>\n<meta property=\"article:modified_time\" content=\"2020-03-31T08:48:00+00:00\" \/>\n<meta property=\"og:image\" content=\"https:\/\/neustart-im-beruf.de\/wp-content\/uploads\/2020\/02\/Thomas-Joachim-scaled.jpg\" \/>\n<meta name=\"twitter:card\" content=\"summary_large_image\" \/>\n<script type=\"application\/ld+json\" class=\"yoast-schema-graph\">{\"@context\":\"https:\/\/schema.org\",\"@graph\":[{\"@type\":\"Organization\",\"@id\":\"https:\/\/neustart-im-beruf.de\/startseite\/#organization\",\"name\":\"Joachim Coaching\",\"url\":\"https:\/\/neustart-im-beruf.de\/startseite\/\",\"sameAs\":[\"https:\/\/www.xing.com\/profile\/Thomas_Joachim2\"],\"logo\":{\"@type\":\"ImageObject\",\"@id\":\"https:\/\/neustart-im-beruf.de\/startseite\/#logo\",\"inLanguage\":\"de\",\"url\":\"https:\/\/neustart-im-beruf.de\/wp-content\/uploads\/2020\/02\/Joachim-Academy-und-Coaching.png\",\"contentUrl\":\"https:\/\/neustart-im-beruf.de\/wp-content\/uploads\/2020\/02\/Joachim-Academy-und-Coaching.png\",\"width\":864,\"height\":239,\"caption\":\"Joachim Coaching\"},\"image\":{\"@id\":\"https:\/\/neustart-im-beruf.de\/startseite\/#logo\"}},{\"@type\":\"WebSite\",\"@id\":\"https:\/\/neustart-im-beruf.de\/startseite\/#website\",\"url\":\"https:\/\/neustart-im-beruf.de\/startseite\/\",\"name\":\"Neustart im Beruf\",\"description\":\"Unterst\u00fctzung auf dem Weg zum optimalen Arbeitsplatz\",\"publisher\":{\"@id\":\"https:\/\/neustart-im-beruf.de\/startseite\/#organization\"},\"potentialAction\":[{\"@type\":\"SearchAction\",\"target\":{\"@type\":\"EntryPoint\",\"urlTemplate\":\"https:\/\/neustart-im-beruf.de\/startseite\/?s={search_term_string}\"},\"query-input\":\"required name=search_term_string\"}],\"inLanguage\":\"de\"},{\"@type\":\"ImageObject\",\"@id\":\"https:\/\/neustart-im-beruf.de\/startseite\/meine-mission\/#primaryimage\",\"inLanguage\":\"de\",\"url\":\"https:\/\/neustart-im-beruf.de\/wp-content\/uploads\/2020\/02\/Thomas-Joachim-scaled.jpg\",\"contentUrl\":\"https:\/\/neustart-im-beruf.de\/wp-content\/uploads\/2020\/02\/Thomas-Joachim-scaled.jpg\",\"width\":2318,\"height\":2560,\"caption\":\"(c) Thomas Joachim\"},{\"@type\":\"WebPage\",\"@id\":\"https:\/\/neustart-im-beruf.de\/startseite\/meine-mission\/#webpage\",\"url\":\"https:\/\/neustart-im-beruf.de\/startseite\/meine-mission\/\",\"name\":\"Thomas Joachim - Meine Mission - Neustart im Beruf\",\"isPartOf\":{\"@id\":\"https:\/\/neustart-im-beruf.de\/startseite\/#website\"},\"primaryImageOfPage\":{\"@id\":\"https:\/\/neustart-im-beruf.de\/startseite\/meine-mission\/#primaryimage\"},\"datePublished\":\"2020-02-09T16:04:00+00:00\",\"dateModified\":\"2020-03-31T08:48:00+00:00\",\"description\":\"Bewerbung von A bis Z, Karriereplanung, Neuorientierung. Hier wird Ihnen geholfen. Kostenloses Stragiegespr\u00e4ch bei Neuro-Jobcoach Thomas Joachim anfordern.\",\"breadcrumb\":{\"@id\":\"https:\/\/neustart-im-beruf.de\/startseite\/meine-mission\/#breadcrumb\"},\"inLanguage\":\"de\",\"potentialAction\":[{\"@type\":\"ReadAction\",\"target\":[\"https:\/\/neustart-im-beruf.de\/startseite\/meine-mission\/\"]}]},{\"@type\":\"BreadcrumbList\",\"@id\":\"https:\/\/neustart-im-beruf.de\/startseite\/meine-mission\/#breadcrumb\",\"itemListElement\":[{\"@type\":\"ListItem\",\"position\":1,\"name\":\"Startseite\",\"item\":\"https:\/\/neustart-im-beruf.de\/startseite\/\"},{\"@type\":\"ListItem\",\"position\":2,\"name\":\"Thomas Joachim &#8211; Meine Mission\"}]}]}<\/script>\n<!-- \/ Yoast SEO plugin. -->","yoast_head_json":{"title":"Thomas Joachim - Meine Mission - Neustart im Beruf","description":"Bewerbung von A bis Z, Karriereplanung, Neuorientierung. Hier wird Ihnen geholfen. Kostenloses Stragiegespr\u00e4ch bei Neuro-Jobcoach Thomas Joachim anfordern.","robots":{"index":"index","follow":"follow","max-snippet":"max-snippet:-1","max-image-preview":"max-image-preview:large","max-video-preview":"max-video-preview:-1"},"canonical":"https:\/\/neustart-im-beruf.de\/startseite\/meine-mission\/","og_locale":"de_DE","og_type":"article","og_title":"Thomas Joachim - Meine Mission - Neustart im Beruf","og_description":"Bewerbung von A bis Z, Karriereplanung, Neuorientierung. Hier wird Ihnen geholfen. Kostenloses Stragiegespr\u00e4ch bei Neuro-Jobcoach Thomas Joachim anfordern.","og_url":"https:\/\/neustart-im-beruf.de\/startseite\/meine-mission\/","og_site_name":"Neustart im Beruf","article_modified_time":"2020-03-31T08:48:00+00:00","og_image":[{"url":"https:\/\/neustart-im-beruf.de\/wp-content\/uploads\/2020\/02\/Thomas-Joachim-scaled.jpg"}],"twitter_card":"summary_large_image","schema":{"@context":"https:\/\/schema.org","@graph":[{"@type":"Organization","@id":"https:\/\/neustart-im-beruf.de\/startseite\/#organization","name":"Joachim Coaching","url":"https:\/\/neustart-im-beruf.de\/startseite\/","sameAs":["https:\/\/www.xing.com\/profile\/Thomas_Joachim2"],"logo":{"@type":"ImageObject","@id":"https:\/\/neustart-im-beruf.de\/startseite\/#logo","inLanguage":"de","url":"https:\/\/neustart-im-beruf.de\/wp-content\/uploads\/2020\/02\/Joachim-Academy-und-Coaching.png","contentUrl":"https:\/\/neustart-im-beruf.de\/wp-content\/uploads\/2020\/02\/Joachim-Academy-und-Coaching.png","width":864,"height":239,"caption":"Joachim Coaching"},"image":{"@id":"https:\/\/neustart-im-beruf.de\/startseite\/#logo"}},{"@type":"WebSite","@id":"https:\/\/neustart-im-beruf.de\/startseite\/#website","url":"https:\/\/neustart-im-beruf.de\/startseite\/","name":"Neustart im Beruf","description":"Unterst\u00fctzung auf dem Weg zum optimalen Arbeitsplatz","publisher":{"@id":"https:\/\/neustart-im-beruf.de\/startseite\/#organization"},"potentialAction":[{"@type":"SearchAction","target":{"@type":"EntryPoint","urlTemplate":"https:\/\/neustart-im-beruf.de\/startseite\/?s={search_term_string}"},"query-input":"required name=search_term_string"}],"inLanguage":"de"},{"@type":"ImageObject","@id":"https:\/\/neustart-im-beruf.de\/startseite\/meine-mission\/#primaryimage","inLanguage":"de","url":"https:\/\/neustart-im-beruf.de\/wp-content\/uploads\/2020\/02\/Thomas-Joachim-scaled.jpg","contentUrl":"https:\/\/neustart-im-beruf.de\/wp-content\/uploads\/2020\/02\/Thomas-Joachim-scaled.jpg","width":2318,"height":2560,"caption":"(c) Thomas Joachim"},{"@type":"WebPage","@id":"https:\/\/neustart-im-beruf.de\/startseite\/meine-mission\/#webpage","url":"https:\/\/neustart-im-beruf.de\/startseite\/meine-mission\/","name":"Thomas Joachim - Meine Mission - Neustart im Beruf","isPartOf":{"@id":"https:\/\/neustart-im-beruf.de\/startseite\/#website"},"primaryImageOfPage":{"@id":"https:\/\/neustart-im-beruf.de\/startseite\/meine-mission\/#primaryimage"},"datePublished":"2020-02-09T16:04:00+00:00","dateModified":"2020-03-31T08:48:00+00:00","description":"Bewerbung von A bis Z, Karriereplanung, Neuorientierung. Hier wird Ihnen geholfen. Kostenloses Stragiegespr\u00e4ch bei Neuro-Jobcoach Thomas Joachim anfordern.","breadcrumb":{"@id":"https:\/\/neustart-im-beruf.de\/startseite\/meine-mission\/#breadcrumb"},"inLanguage":"de","potentialAction":[{"@type":"ReadAction","target":["https:\/\/neustart-im-beruf.de\/startseite\/meine-mission\/"]}]},{"@type":"BreadcrumbList","@id":"https:\/\/neustart-im-beruf.de\/startseite\/meine-mission\/#breadcrumb","itemListElement":[{"@type":"ListItem","position":1,"name":"Startseite","item":"https:\/\/neustart-im-beruf.de\/startseite\/"},{"@type":"ListItem","position":2,"name":"Thomas Joachim &#8211; Meine Mission"}]}]}},"_links":{"self":[{"href":"https:\/\/neustart-im-beruf.de\/startseite\/wp-json\/wp\/v2\/pages\/329"}],"collection":[{"href":"https:\/\/neustart-im-beruf.de\/startseite\/wp-json\/wp\/v2\/pages"}],"about":[{"href":"https:\/\/neustart-im-beruf.de\/startseite\/wp-json\/wp\/v2\/types\/page"}],"author":[{"embeddable":true,"href":"https:\/\/neustart-im-beruf.de\/startseite\/wp-json\/wp\/v2\/users\/1"}],"replies":[{"embeddable":true,"href":"https:\/\/neustart-im-beruf.de\/startseite\/wp-json\/wp\/v2\/comments?post=329"}],"version-history":[{"count":9,"href":"https:\/\/neustart-im-beruf.de\/startseite\/wp-json\/wp\/v2\/pages\/329\/revisions"}],"predecessor-version":[{"id":576,"href":"https:\/\/neustart-im-beruf.de\/startseite\/wp-json\/wp\/v2\/pages\/329\/revisions\/576"}],"wp:attachment":[{"href":"https:\/\/neustart-im-beruf.de\/startseite\/wp-json\/wp\/v2\/media?parent=329"}],"curies":[{"name":"wp","href":"https:\/\/api.w.org\/{rel}","templated":true}]}}