{"id":303,"date":"2020-01-26T19:42:16","date_gmt":"2020-01-26T18:42:16","guid":{"rendered":"https:\/\/neustart-im-beruf.de\/startseite\/?page_id=303"},"modified":"2020-03-24T17:49:59","modified_gmt":"2020-03-24T16:49:59","slug":"fuer-privatpersonen","status":"publish","type":"page","link":"https:\/\/neustart-im-beruf.de\/startseite\/fuer-privatpersonen\/","title":{"rendered":"F\u00fcr Privatpersonen"},"content":{"rendered":"\n<h3>Arbeiten Sie noch oder tun Sie schon etwas wo Sie Spa\u00df, Freude und Sinn versp\u00fcren?<\/h3>\n\n\n\n<p>Wir befinden uns in einer Welt, die sich kontinuierlich ver\u00e4ndert, instabiler wird und Ver\u00e4nderungen immer unvorhersehbarer werden.  Dadurch f\u00e4llt es vielen von uns  immer schwerer in der sich schneller drehenden Welt mitzuhalten.  Meist ist der Grund daf\u00fcr, dass Menschen einfach nicht mehr am richtigen Platz agieren. Viele von diesen sp\u00fcren, dass ein Neustart im Beruf von N\u00f6ten ist.<\/p>\n\n\n\n<p>M\u00f6glicherweise sind Sie in einer oder mehreren Situationen:<\/p>\n\n\n\n<ul><li>Wollen Sie Ihre F\u00e4higkeiten in einem<a href=\"https:\/\/neustart-im-beruf.de\/startseite\/bewerbung-von-a-bis-z\/\"> neuen Umfeld<\/a> einbringen?<\/li><li>Merken Sie, dass Sie im falschen Job arbeiten und suchen ein <a href=\"https:\/\/neustart-im-beruf.de\/startseite\/karriereplanung-neuorientierung-mit-strategie\/\">alternatives T\u00e4tigkeitsfeld<\/a>?<\/li><li>Sind Sie reif f\u00fcr die n\u00e4chste Stufe auf der <a href=\"https:\/\/neustart-im-beruf.de\/startseite\/karriereplanung-neuorientierung-mit-strategie\/\">Karriereleiter<\/a>?<\/li><li>Oder m\u00f6chten Sie Klarheit \u00fcber Ihre <a href=\"https:\/\/neustart-im-beruf.de\/startseite\/neustart-mit-sinn-zur-berufung\/\">Lebensaufgabe <\/a>erreichen?<\/li><\/ul>\n\n\n\n<p>Gerne unterst\u00fctze ich Sie mit folgenden Coachingangeboten beim Neustart im Beruf, um eine passende und sinnstiftende Arbeit zu finden, der Sie mit Leidenschaft und Begeisterung nachgehen. <\/p>\n\n\n\n<figure class=\"wp-block-table\"><table class=\"has-fixed-layout\"><thead><tr><th class=\"has-text-align-center\" data-align=\"center\"><a href=\"https:\/\/neustart-im-beruf.de\/startseite\/bewerbung-von-a-bis-z\/\">Bewerbung von A bis Z<\/a><\/th><th class=\"has-text-align-center\" data-align=\"center\"><a href=\"https:\/\/neustart-im-beruf.de\/startseite\/karriereplanung-neuorientierung-mit-strategie\/\">Neuorientierung, Karriereplanung<br>Strategieentwicklung<\/a><\/th><th class=\"has-text-align-center\" data-align=\"center\"><a href=\"https:\/\/neustart-im-beruf.de\/startseite\/neustart-mit-sinn-zur-berufung\/\">Neustart mit Sinn<\/a><br><a href=\"https:\/\/neustart-im-beruf.de\/startseite\/neustart-mit-sinn-zur-berufung\/\">Finden Sie Ihre Lebensaufgabe<\/a><\/th><\/tr><\/thead><tbody><tr><td class=\"has-text-align-center\" data-align=\"center\"><img loading=\"lazy\" width=\"1280\" height=\"723\" class=\"wp-image-510\" style=\"width: 300px;\" src=\"https:\/\/neustart-im-beruf.de\/wp-content\/uploads\/2020\/03\/application-1756282_1280-723.jpg\" alt=\"Bewerbung und Vorstellungsgespr\u00e4ch meistern mit Thomas Joachim\" srcset=\"https:\/\/neustart-im-beruf.de\/wp-content\/uploads\/2020\/03\/application-1756282_1280-723.jpg 1280w, https:\/\/neustart-im-beruf.de\/wp-content\/uploads\/2020\/03\/application-1756282_1280-723-300x169.jpg 300w, https:\/\/neustart-im-beruf.de\/wp-content\/uploads\/2020\/03\/application-1756282_1280-723-1024x578.jpg 1024w, https:\/\/neustart-im-beruf.de\/wp-content\/uploads\/2020\/03\/application-1756282_1280-723-768x434.jpg 768w\" sizes=\"(max-width: 1280px) 100vw, 1280px\" \/><\/td><td class=\"has-text-align-center\" data-align=\"center\"><img loading=\"lazy\" width=\"1278\" height=\"720\" class=\"wp-image-507\" style=\"width: 300px;\" src=\"https:\/\/neustart-im-beruf.de\/wp-content\/uploads\/2020\/03\/compass-3351501_1280-720.jpg\" alt=\"Jobcoaching mit Thomas Joachim\" srcset=\"https:\/\/neustart-im-beruf.de\/wp-content\/uploads\/2020\/03\/compass-3351501_1280-720.jpg 1278w, https:\/\/neustart-im-beruf.de\/wp-content\/uploads\/2020\/03\/compass-3351501_1280-720-300x169.jpg 300w, https:\/\/neustart-im-beruf.de\/wp-content\/uploads\/2020\/03\/compass-3351501_1280-720-1024x577.jpg 1024w, https:\/\/neustart-im-beruf.de\/wp-content\/uploads\/2020\/03\/compass-3351501_1280-720-768x433.jpg 768w\" sizes=\"(max-width: 1278px) 100vw, 1278px\" \/><\/td><td class=\"has-text-align-center\" data-align=\"center\"><img loading=\"lazy\" width=\"1280\" height=\"720\" class=\"wp-image-461\" style=\"width: 300px;\" src=\"https:\/\/neustart-im-beruf.de\/wp-content\/uploads\/2020\/02\/Neustart-mit-Sinn.jpg\" alt=\"Neustart mit Sinn - Bewerbungscoach Thomas Joachim hilft\" srcset=\"https:\/\/neustart-im-beruf.de\/wp-content\/uploads\/2020\/02\/Neustart-mit-Sinn.jpg 1280w, https:\/\/neustart-im-beruf.de\/wp-content\/uploads\/2020\/02\/Neustart-mit-Sinn-300x169.jpg 300w, https:\/\/neustart-im-beruf.de\/wp-content\/uploads\/2020\/02\/Neustart-mit-Sinn-1024x576.jpg 1024w, https:\/\/neustart-im-beruf.de\/wp-content\/uploads\/2020\/02\/Neustart-mit-Sinn-768x432.jpg 768w\" sizes=\"(max-width: 1280px) 100vw, 1280px\" \/><\/td><\/tr><tr><td class=\"has-text-align-center\" data-align=\"center\">In diesem <a href=\"https:\/\/neustart-im-beruf.de\/startseite\/bewerbung-von-a-bis-z\/\">Jobcoaching <\/a>vermittle ich Ihnen das Handwerkszeug, wie Sie wie  zu Ihrem neuen Job kommen. Die Inhalte werden ma\u00dfgeschneidert auf Ihre Situation angepasst. Beliebte Themen sind: Wie Sie professionelle Bewerbungsunterlagen erstellen und sich perfekt auf Vorstellungsgespr\u00e4che vorbereiten.<\/td><td class=\"has-text-align-center\" data-align=\"center\">Bei diesem <a href=\"https:\/\/neustart-im-beruf.de\/startseite\/karriereplanung-neuorientierung-mit-strategie\/\">Coachingangebot <\/a>unterst\u00fctze ich Sie, Ihnen Ihre St\u00e4rken, Talente und Kompetenzen bewusst zu machen.  Zusammen mit Ihren Interessen sind Sie in der Lage ein optimal passendes berufliches Ziel zu finden und zu erreichen.<\/td><td class=\"has-text-align-center\" data-align=\"center\"> M\u00f6chten Sie gest\u00e4rkt aus einer Sinnkrise starten bzw. Klarheit erlangen, was Ihnen wirklich wichtig ist? Dann lassen Sie uns gemeinsam<br>Ihre <a href=\"https:\/\/neustart-im-beruf.de\/startseite\/neustart-mit-sinn-zur-berufung\/\">Lebensaufgabe <\/a>entdecken, die Ihnen Sinn, Antrieb und Energie verleiht.  <\/td><\/tr><\/tbody><\/table><\/figure>\n\n\n\n<p>Sie m\u00f6chten mehr dar\u00fcber erfahren, wie genau ich Sie unterst\u00fctzen kann, wie das Coaching mit mir abl\u00e4uft und wo das Coaching stattfindet? Dann vereinbaren Sie jetzt gleich einen Termin f\u00fcr das kostenlose Erstgespr\u00e4ch (Dauer ca. 15 Minuten) mit mir. <\/p>\n\n\n\n<div class=\"wp-block-button\"><a class=\"wp-block-button__link has-text-color has-very-light-gray-color has-background has-vivid-cyan-blue-background-color\" href=\"https:\/\/neustart-im-beruf.de\/startseite\/kontaktdaten\/\"><strong>Kostenloses Erstgespr\u00e4ch vereinbaren<\/strong><\/a><\/div>\n\n\n\n<p>  Alle Bilder von <a href=\"https:\/\/pixabay.com\/de\/users\/geralt-9301\/?utm_source=link-attribution&amp;utm_medium=referral&amp;utm_campaign=image&amp;utm_content=2899922\">Gerd Altmann<\/a>&nbsp;auf&nbsp;<a href=\"https:\/\/pixabay.com\/de\/?utm_source=link-attribution&amp;utm_medium=referral&amp;utm_campaign=image&amp;utm_content=2899922\">Pixabay<\/a>     <\/p>\n","protected":false},"excerpt":{"rendered":"<p>Arbeiten Sie noch oder tun Sie schon etwas wo Sie Spa\u00df, Freude und Sinn versp\u00fcren? Wir befinden uns in einer Welt, die sich kontinuierlich ver\u00e4ndert, instabiler wird und Ver\u00e4nderungen immer unvorhersehbarer werden. Dadurch f\u00e4llt es vielen von uns immer schwerer in der sich schneller drehenden Welt mitzuhalten. Meist ist der Grund daf\u00fcr, dass Menschen einfach &#8230; <a title=\"F\u00fcr Privatpersonen\" class=\"read-more\" href=\"https:\/\/neustart-im-beruf.de\/startseite\/fuer-privatpersonen\/\">Weiterlesen <span class=\"screen-reader-text\">F\u00fcr Privatpersonen<\/span><\/a><\/p>\n","protected":false},"author":1,"featured_media":0,"parent":0,"menu_order":0,"comment_status":"closed","ping_status":"closed","template":"","meta":[],"yoast_head":"<!-- This site is optimized with the Yoast SEO plugin v18.3 - https:\/\/yoast.com\/wordpress\/plugins\/seo\/ -->\n<title>F\u00fcr Privatpersonen - Neustart im Beruf<\/title>\n<meta name=\"description\" content=\"Neuro-Jobcoach Thomas Joachim - Neustart im Beruf - Bewerbung von A-Z, Neuorientierung o. Karriereplanung. Jetzt kostenfreies Strategiegespr\u00e4ch anfordern...\" \/>\n<meta name=\"robots\" content=\"index, follow, max-snippet:-1, max-image-preview:large, max-video-preview:-1\" \/>\n<link rel=\"canonical\" href=\"https:\/\/neustart-im-beruf.de\/startseite\/fuer-privatpersonen\/\" \/>\n<meta property=\"og:locale\" content=\"de_DE\" \/>\n<meta property=\"og:type\" content=\"article\" \/>\n<meta property=\"og:title\" content=\"F\u00fcr Privatpersonen - Neustart im Beruf\" \/>\n<meta property=\"og:description\" content=\"Neuro-Jobcoach Thomas Joachim - Neustart im Beruf - Bewerbung von A-Z, Neuorientierung o. Karriereplanung. Jetzt kostenfreies Strategiegespr\u00e4ch anfordern...\" \/>\n<meta property=\"og:url\" content=\"https:\/\/neustart-im-beruf.de\/startseite\/fuer-privatpersonen\/\" \/>\n<meta property=\"og:site_name\" content=\"Neustart im Beruf\" \/>\n<meta property=\"article:modified_time\" content=\"2020-03-24T16:49:59+00:00\" \/>\n<meta property=\"og:image\" content=\"https:\/\/neustart-im-beruf.de\/wp-content\/uploads\/2020\/03\/application-1756282_1280-723.jpg\" \/>\n<meta name=\"twitter:card\" content=\"summary_large_image\" \/>\n<meta name=\"twitter:label1\" content=\"Gesch\u00e4tzte Lesezeit\" \/>\n\t<meta name=\"twitter:data1\" content=\"2\u00a0Minuten\" \/>\n<script type=\"application\/ld+json\" class=\"yoast-schema-graph\">{\"@context\":\"https:\/\/schema.org\",\"@graph\":[{\"@type\":\"Organization\",\"@id\":\"https:\/\/neustart-im-beruf.de\/startseite\/#organization\",\"name\":\"Joachim Coaching\",\"url\":\"https:\/\/neustart-im-beruf.de\/startseite\/\",\"sameAs\":[\"https:\/\/www.xing.com\/profile\/Thomas_Joachim2\"],\"logo\":{\"@type\":\"ImageObject\",\"@id\":\"https:\/\/neustart-im-beruf.de\/startseite\/#logo\",\"inLanguage\":\"de\",\"url\":\"https:\/\/neustart-im-beruf.de\/wp-content\/uploads\/2020\/02\/Joachim-Academy-und-Coaching.png\",\"contentUrl\":\"https:\/\/neustart-im-beruf.de\/wp-content\/uploads\/2020\/02\/Joachim-Academy-und-Coaching.png\",\"width\":864,\"height\":239,\"caption\":\"Joachim Coaching\"},\"image\":{\"@id\":\"https:\/\/neustart-im-beruf.de\/startseite\/#logo\"}},{\"@type\":\"WebSite\",\"@id\":\"https:\/\/neustart-im-beruf.de\/startseite\/#website\",\"url\":\"https:\/\/neustart-im-beruf.de\/startseite\/\",\"name\":\"Neustart im Beruf\",\"description\":\"Unterst\u00fctzung auf dem Weg zum optimalen Arbeitsplatz\",\"publisher\":{\"@id\":\"https:\/\/neustart-im-beruf.de\/startseite\/#organization\"},\"potentialAction\":[{\"@type\":\"SearchAction\",\"target\":{\"@type\":\"EntryPoint\",\"urlTemplate\":\"https:\/\/neustart-im-beruf.de\/startseite\/?s={search_term_string}\"},\"query-input\":\"required name=search_term_string\"}],\"inLanguage\":\"de\"},{\"@type\":\"ImageObject\",\"@id\":\"https:\/\/neustart-im-beruf.de\/startseite\/fuer-privatpersonen\/#primaryimage\",\"inLanguage\":\"de\",\"url\":\"https:\/\/neustart-im-beruf.de\/wp-content\/uploads\/2020\/03\/application-1756282_1280-723.jpg\",\"contentUrl\":\"https:\/\/neustart-im-beruf.de\/wp-content\/uploads\/2020\/03\/application-1756282_1280-723.jpg\",\"width\":1280,\"height\":723,\"caption\":\"Bewerbung und Vorstellungsgespr\u00e4ch meistern mit Thomas Joachim\"},{\"@type\":\"WebPage\",\"@id\":\"https:\/\/neustart-im-beruf.de\/startseite\/fuer-privatpersonen\/#webpage\",\"url\":\"https:\/\/neustart-im-beruf.de\/startseite\/fuer-privatpersonen\/\",\"name\":\"F\u00fcr Privatpersonen - Neustart im Beruf\",\"isPartOf\":{\"@id\":\"https:\/\/neustart-im-beruf.de\/startseite\/#website\"},\"primaryImageOfPage\":{\"@id\":\"https:\/\/neustart-im-beruf.de\/startseite\/fuer-privatpersonen\/#primaryimage\"},\"datePublished\":\"2020-01-26T18:42:16+00:00\",\"dateModified\":\"2020-03-24T16:49:59+00:00\",\"description\":\"Neuro-Jobcoach Thomas Joachim - Neustart im Beruf - Bewerbung von A-Z, Neuorientierung o. Karriereplanung. Jetzt kostenfreies Strategiegespr\u00e4ch anfordern...\",\"breadcrumb\":{\"@id\":\"https:\/\/neustart-im-beruf.de\/startseite\/fuer-privatpersonen\/#breadcrumb\"},\"inLanguage\":\"de\",\"potentialAction\":[{\"@type\":\"ReadAction\",\"target\":[\"https:\/\/neustart-im-beruf.de\/startseite\/fuer-privatpersonen\/\"]}]},{\"@type\":\"BreadcrumbList\",\"@id\":\"https:\/\/neustart-im-beruf.de\/startseite\/fuer-privatpersonen\/#breadcrumb\",\"itemListElement\":[{\"@type\":\"ListItem\",\"position\":1,\"name\":\"Startseite\",\"item\":\"https:\/\/neustart-im-beruf.de\/startseite\/\"},{\"@type\":\"ListItem\",\"position\":2,\"name\":\"F\u00fcr Privatpersonen\"}]}]}<\/script>\n<!-- \/ Yoast SEO plugin. -->","yoast_head_json":{"title":"F\u00fcr Privatpersonen - Neustart im Beruf","description":"Neuro-Jobcoach Thomas Joachim - Neustart im Beruf - Bewerbung von A-Z, Neuorientierung o. Karriereplanung. Jetzt kostenfreies Strategiegespr\u00e4ch anfordern...","robots":{"index":"index","follow":"follow","max-snippet":"max-snippet:-1","max-image-preview":"max-image-preview:large","max-video-preview":"max-video-preview:-1"},"canonical":"https:\/\/neustart-im-beruf.de\/startseite\/fuer-privatpersonen\/","og_locale":"de_DE","og_type":"article","og_title":"F\u00fcr Privatpersonen - Neustart im Beruf","og_description":"Neuro-Jobcoach Thomas Joachim - Neustart im Beruf - Bewerbung von A-Z, Neuorientierung o. Karriereplanung. Jetzt kostenfreies Strategiegespr\u00e4ch anfordern...","og_url":"https:\/\/neustart-im-beruf.de\/startseite\/fuer-privatpersonen\/","og_site_name":"Neustart im Beruf","article_modified_time":"2020-03-24T16:49:59+00:00","og_image":[{"url":"https:\/\/neustart-im-beruf.de\/wp-content\/uploads\/2020\/03\/application-1756282_1280-723.jpg"}],"twitter_card":"summary_large_image","twitter_misc":{"Gesch\u00e4tzte Lesezeit":"2\u00a0Minuten"},"schema":{"@context":"https:\/\/schema.org","@graph":[{"@type":"Organization","@id":"https:\/\/neustart-im-beruf.de\/startseite\/#organization","name":"Joachim Coaching","url":"https:\/\/neustart-im-beruf.de\/startseite\/","sameAs":["https:\/\/www.xing.com\/profile\/Thomas_Joachim2"],"logo":{"@type":"ImageObject","@id":"https:\/\/neustart-im-beruf.de\/startseite\/#logo","inLanguage":"de","url":"https:\/\/neustart-im-beruf.de\/wp-content\/uploads\/2020\/02\/Joachim-Academy-und-Coaching.png","contentUrl":"https:\/\/neustart-im-beruf.de\/wp-content\/uploads\/2020\/02\/Joachim-Academy-und-Coaching.png","width":864,"height":239,"caption":"Joachim Coaching"},"image":{"@id":"https:\/\/neustart-im-beruf.de\/startseite\/#logo"}},{"@type":"WebSite","@id":"https:\/\/neustart-im-beruf.de\/startseite\/#website","url":"https:\/\/neustart-im-beruf.de\/startseite\/","name":"Neustart im Beruf","description":"Unterst\u00fctzung auf dem Weg zum optimalen Arbeitsplatz","publisher":{"@id":"https:\/\/neustart-im-beruf.de\/startseite\/#organization"},"potentialAction":[{"@type":"SearchAction","target":{"@type":"EntryPoint","urlTemplate":"https:\/\/neustart-im-beruf.de\/startseite\/?s={search_term_string}"},"query-input":"required name=search_term_string"}],"inLanguage":"de"},{"@type":"ImageObject","@id":"https:\/\/neustart-im-beruf.de\/startseite\/fuer-privatpersonen\/#primaryimage","inLanguage":"de","url":"https:\/\/neustart-im-beruf.de\/wp-content\/uploads\/2020\/03\/application-1756282_1280-723.jpg","contentUrl":"https:\/\/neustart-im-beruf.de\/wp-content\/uploads\/2020\/03\/application-1756282_1280-723.jpg","width":1280,"height":723,"caption":"Bewerbung und Vorstellungsgespr\u00e4ch meistern mit Thomas Joachim"},{"@type":"WebPage","@id":"https:\/\/neustart-im-beruf.de\/startseite\/fuer-privatpersonen\/#webpage","url":"https:\/\/neustart-im-beruf.de\/startseite\/fuer-privatpersonen\/","name":"F\u00fcr Privatpersonen - Neustart im Beruf","isPartOf":{"@id":"https:\/\/neustart-im-beruf.de\/startseite\/#website"},"primaryImageOfPage":{"@id":"https:\/\/neustart-im-beruf.de\/startseite\/fuer-privatpersonen\/#primaryimage"},"datePublished":"2020-01-26T18:42:16+00:00","dateModified":"2020-03-24T16:49:59+00:00","description":"Neuro-Jobcoach Thomas Joachim - Neustart im Beruf - Bewerbung von A-Z, Neuorientierung o. Karriereplanung. Jetzt kostenfreies Strategiegespr\u00e4ch anfordern...","breadcrumb":{"@id":"https:\/\/neustart-im-beruf.de\/startseite\/fuer-privatpersonen\/#breadcrumb"},"inLanguage":"de","potentialAction":[{"@type":"ReadAction","target":["https:\/\/neustart-im-beruf.de\/startseite\/fuer-privatpersonen\/"]}]},{"@type":"BreadcrumbList","@id":"https:\/\/neustart-im-beruf.de\/startseite\/fuer-privatpersonen\/#breadcrumb","itemListElement":[{"@type":"ListItem","position":1,"name":"Startseite","item":"https:\/\/neustart-im-beruf.de\/startseite\/"},{"@type":"ListItem","position":2,"name":"F\u00fcr Privatpersonen"}]}]}},"_links":{"self":[{"href":"https:\/\/neustart-im-beruf.de\/startseite\/wp-json\/wp\/v2\/pages\/303"}],"collection":[{"href":"https:\/\/neustart-im-beruf.de\/startseite\/wp-json\/wp\/v2\/pages"}],"about":[{"href":"https:\/\/neustart-im-beruf.de\/startseite\/wp-json\/wp\/v2\/types\/page"}],"author":[{"embeddable":true,"href":"https:\/\/neustart-im-beruf.de\/startseite\/wp-json\/wp\/v2\/users\/1"}],"replies":[{"embeddable":true,"href":"https:\/\/neustart-im-beruf.de\/startseite\/wp-json\/wp\/v2\/comments?post=303"}],"version-history":[{"count":23,"href":"https:\/\/neustart-im-beruf.de\/startseite\/wp-json\/wp\/v2\/pages\/303\/revisions"}],"predecessor-version":[{"id":548,"href":"https:\/\/neustart-im-beruf.de\/startseite\/wp-json\/wp\/v2\/pages\/303\/revisions\/548"}],"wp:attachment":[{"href":"https:\/\/neustart-im-beruf.de\/startseite\/wp-json\/wp\/v2\/media?parent=303"}],"curies":[{"name":"wp","href":"https:\/\/api.w.org\/{rel}","templated":true}]}}