{"id":263,"date":"2020-01-17T18:29:07","date_gmt":"2020-01-17T17:29:07","guid":{"rendered":"https:\/\/neustart-im-beruf.de\/startseite\/?page_id=263"},"modified":"2020-03-24T16:20:34","modified_gmt":"2020-03-24T15:20:34","slug":"neustart-mit-sinn-zur-berufung","status":"publish","type":"page","link":"https:\/\/neustart-im-beruf.de\/startseite\/neustart-mit-sinn-zur-berufung\/","title":{"rendered":"Neustart mit Sinn"},"content":{"rendered":"\n<figure class=\"wp-block-image size-large is-style-default\"><img loading=\"lazy\" width=\"1024\" height=\"576\" src=\"https:\/\/neustart-im-beruf.de\/wp-content\/uploads\/2020\/02\/Neustart-mit-Sinn-1-1024x576.jpg\" alt=\"\" class=\"wp-image-462\" srcset=\"https:\/\/neustart-im-beruf.de\/wp-content\/uploads\/2020\/02\/Neustart-mit-Sinn-1-1024x576.jpg 1024w, https:\/\/neustart-im-beruf.de\/wp-content\/uploads\/2020\/02\/Neustart-mit-Sinn-1-300x169.jpg 300w, https:\/\/neustart-im-beruf.de\/wp-content\/uploads\/2020\/02\/Neustart-mit-Sinn-1-768x432.jpg 768w, https:\/\/neustart-im-beruf.de\/wp-content\/uploads\/2020\/02\/Neustart-mit-Sinn-1.jpg 1280w\" sizes=\"(max-width: 1024px) 100vw, 1024px\" \/><\/figure>\n\n\n\n<center>Bild von <a href=\"https:\/\/pixabay.com\/de\/users\/geralt-9301\/?utm_source=link-attribution&amp;utm_medium=referral&amp;utm_campaign=image&amp;utm_content=2054837\">Gerd Altmann<\/a> auf <a href=\"https:\/\/pixabay.com\/de\/?utm_source=link-attribution&amp;utm_medium=referral&amp;utm_campaign=image&amp;utm_content=2054837\">Pixabay<\/a><\/center>\n\n\n\n<blockquote class=\"wp-block-quote\"><p>&#8222;Es lohnt sich nur dann zu leben, wenn man auch etwas hat f\u00fcr das man sterben w\u00fcrde.&#8220;<\/p><cite>Unbekannter Verfasser<\/cite><\/blockquote>\n\n\n\n<h3><strong>Lernen Sie Ihr Leben zu leben, nur so werden Sie statt Zufriedenheit wahre Erf\u00fcllung erleben.<\/strong><\/h3>\n\n\n\n<h4><strong>Vielleicht geht es Ihnen auf so\u2026<\/strong><\/h4>\n\n\n\n<ul><li>Gut bezahlter Job, nette Kollegen, Top-Chef \u2013 vielleicht sogar Aufstiegschancen. Doch irgendetwas sagt Ihnen, dass das Gesamtpaket nicht zu Ihnen passt. <\/li><li>Bei Ihnen stimmt wenig oder gar nichts: Schlechte Bezahlung, nervende Kollegen und\/oder nicht vorhandene Aufstiegschancen. M\u00f6glicherweise noch ein Chef, der immer zu viel verlangt, nie lobt und Sie nicht f\u00f6rdert. <\/li><li>Sie sind am Zenit einer Top-Karriere angelangt und fragen sich was nun. <\/li><li>Sie sind einen Arbeitssuchender und sp\u00fcren Sie m\u00fcssen einfach was Neues machen. <\/li><li>Sie sind in einer Lebensphase ohne Tr\u00e4ume, Ziele und Visionen, weil Ihnen einfach der Sinn des Ganzen fehlt. <\/li><\/ul>\n\n\n\n<h4><strong>Die Folge ist\u2026<\/strong><\/h4>\n\n\n\n<ul><li> Sie wachen jeden morgen antriebslos auf und starten einen neuen Tag im Hamsterrad Ihres Lebens. <\/li><li> Sie meinen einfach nur funktionieren zu m\u00fcssen damit es anderen und Ihnen gut geht. <\/li><li> Ihnen fehlt die Energie, Motivation und Begeisterung f\u00fcr einen Aufbruch. <\/li><li> Sie besitzen weder die Klarheit noch das Vertrauen f\u00fcr wegweisende Entscheidungen. <\/li><li> Sie verdr\u00e4ngen Tr\u00e4ume, Ziele und Visionen wohin es noch gehen kann. <\/li><li> Und Sie haben wahrscheinlich noch nicht die geringste Ahnung wie toll ein Leben nach eigenem Entwurf sein kann. <\/li><\/ul>\n\n\n\n<h4><strong>Die Ursachen daf\u00fcr sind\u2026<\/strong><\/h4>\n\n\n\n<ul><li>Fehlendes Bewusstsein \u00fcber Ihre Talente, St\u00e4rken und Bed\u00fcrfnisse. <\/li><li>Ihre Konditionierung durch Ihre Bezugspersonen der Kindheit bzw. Gesellschaft.<\/li><li>Die daraus meist unreflektiert entstehenden Einstellungen, \u00dcberzeugungen und Werten, die Sie hindern Ihr Leben zu f\u00fchren. <\/li><li>Sie noch nie gezeigt bekommen haben, wie Sie herausfinden WARUM Sie hier auf diesem Planeten sind. <\/li><\/ul>\n\n\n\n<h4><strong>Wenn Sie sich gl\u00fcckliche und erfolgreiche Menschen ansehen, dann haben Sie eins gemeinsam: Sie kennen Ihr WARUM!<\/strong> <\/h4>\n\n\n\n<ul><li>Sie haben ein klares Bild von der Zukunft. Dies kann die Verwirklichung eines Traumes oder einer Vision sein. Sie kennen den Beitrag den Sie auf diesen Planeten leisten sowie den Sinn und&nbsp; Bedeutung Ihres Wirkens, dass \u00fcber Sie hinausgeht. <\/li><li>Ohne ein WARUM leben Sie das Leben der Anderen. Ihnen fehlt der tiefere Antrieb f\u00fcr Ihr Handeln, also das was Ihnen ein Gef\u00fchl der Sinnhaftigkeit und Wichtigkeit gibt.<\/li><\/ul>\n\n\n\n<h4><strong>Mein WARUM ist: <br>Menschen zu inspirieren, zu unterst\u00fctzen und voranzubringen, damit Sie Ihre Ziele und Visionen verwirklichen.  <\/strong><\/h4>\n\n\n\n<h4><strong>Als Ihr Mentor zur Findung Ihres WARUM zeigen ich Ihnen wie Sie:<\/strong><\/h4>\n\n\n\n<ul><li> Gest\u00e4rkt aus einer Sinnkrise starten. <\/li><li> Bewusstsein \u00fcber Ihre Potentiale bekommen. <\/li><li> Klarheit erlangen, was Ihnen wirklich wichtig ist. <\/li><li> Ihr Warum entdecken, dass Ihnen Antrieb und Energie verleiht. <\/li><li> Ihren Beitrag identifizieren, um eine \u201eSpur auf dieser Welt\u201c zu hinterlassen. <\/li><\/ul>\n\n\n\n<h4><strong>Hier meine<\/strong> <strong>Einladung f\u00fcr ein pers\u00f6nliches Telefon-Erstgespr\u00e4ch<\/strong> <strong>(ca. 15 Minuten)<\/strong><\/h4>\n\n\n\n<p>Sie m\u00f6chten mehr dar\u00fcber erfahren, wie genau ich Sie unterst\u00fctzen kann, wie das Coaching mit mir abl\u00e4uft und wo das Coaching stattfindet? Dann vereinbaren Sie jetzt gleich einen Termin f\u00fcr das kostenlose Erstgespr\u00e4ch mit mir.  <\/p>\n\n\n\n<div class=\"wp-block-button\"><a class=\"wp-block-button__link has-text-color has-very-light-gray-color has-background has-vivid-cyan-blue-background-color\" href=\"https:\/\/neustart-im-beruf.de\/startseite\/kontaktdaten\/\"><strong>Kostenloses Erstgespr\u00e4ch<\/strong><\/a><\/div>\n\n\n\n<p><\/p>\n","protected":false},"excerpt":{"rendered":"<p>Bild von Gerd Altmann auf Pixabay &#8222;Es lohnt sich nur dann zu leben, wenn man auch etwas hat f\u00fcr das man sterben w\u00fcrde.&#8220; Unbekannter Verfasser Lernen Sie Ihr Leben zu leben, nur so werden Sie statt Zufriedenheit wahre Erf\u00fcllung erleben. Vielleicht geht es Ihnen auf so\u2026 Gut bezahlter Job, nette Kollegen, Top-Chef \u2013 vielleicht sogar &#8230; <a title=\"Neustart mit Sinn\" class=\"read-more\" href=\"https:\/\/neustart-im-beruf.de\/startseite\/neustart-mit-sinn-zur-berufung\/\">Weiterlesen <span class=\"screen-reader-text\">Neustart mit Sinn<\/span><\/a><\/p>\n","protected":false},"author":1,"featured_media":0,"parent":0,"menu_order":0,"comment_status":"closed","ping_status":"closed","template":"","meta":[],"yoast_head":"<!-- This site is optimized with the Yoast SEO plugin v18.3 - https:\/\/yoast.com\/wordpress\/plugins\/seo\/ -->\n<title>Neustart mit Sinn - Neustart im Beruf<\/title>\n<meta name=\"description\" content=\"Mit Sinn zum neuem Beruf. Finden Sie Ihre Lebensaufgabe und welchen Beitrag Sie leisten wollen. Jetzt hier kostenfreies Strategiegespr\u00e4ch anfordern.\" \/>\n<meta name=\"robots\" content=\"index, follow, max-snippet:-1, max-image-preview:large, max-video-preview:-1\" \/>\n<link rel=\"canonical\" href=\"https:\/\/neustart-im-beruf.de\/startseite\/neustart-mit-sinn-zur-berufung\/\" \/>\n<meta property=\"og:locale\" content=\"de_DE\" \/>\n<meta property=\"og:type\" content=\"article\" \/>\n<meta property=\"og:title\" content=\"Neustart mit Sinn - Neustart im Beruf\" \/>\n<meta property=\"og:description\" content=\"Mit Sinn zum neuem Beruf. Finden Sie Ihre Lebensaufgabe und welchen Beitrag Sie leisten wollen. Jetzt hier kostenfreies Strategiegespr\u00e4ch anfordern.\" \/>\n<meta property=\"og:url\" content=\"https:\/\/neustart-im-beruf.de\/startseite\/neustart-mit-sinn-zur-berufung\/\" \/>\n<meta property=\"og:site_name\" content=\"Neustart im Beruf\" \/>\n<meta property=\"article:modified_time\" content=\"2020-03-24T15:20:34+00:00\" \/>\n<meta property=\"og:image\" content=\"https:\/\/neustart-im-beruf.de\/wp-content\/uploads\/2020\/02\/Neustart-mit-Sinn-1-1024x576.jpg\" \/>\n<meta name=\"twitter:card\" content=\"summary_large_image\" \/>\n<meta name=\"twitter:label1\" content=\"Gesch\u00e4tzte Lesezeit\" \/>\n\t<meta name=\"twitter:data1\" content=\"3\u00a0Minuten\" \/>\n<script type=\"application\/ld+json\" class=\"yoast-schema-graph\">{\"@context\":\"https:\/\/schema.org\",\"@graph\":[{\"@type\":\"Organization\",\"@id\":\"https:\/\/neustart-im-beruf.de\/startseite\/#organization\",\"name\":\"Joachim Coaching\",\"url\":\"https:\/\/neustart-im-beruf.de\/startseite\/\",\"sameAs\":[\"https:\/\/www.xing.com\/profile\/Thomas_Joachim2\"],\"logo\":{\"@type\":\"ImageObject\",\"@id\":\"https:\/\/neustart-im-beruf.de\/startseite\/#logo\",\"inLanguage\":\"de\",\"url\":\"https:\/\/neustart-im-beruf.de\/wp-content\/uploads\/2020\/02\/Joachim-Academy-und-Coaching.png\",\"contentUrl\":\"https:\/\/neustart-im-beruf.de\/wp-content\/uploads\/2020\/02\/Joachim-Academy-und-Coaching.png\",\"width\":864,\"height\":239,\"caption\":\"Joachim Coaching\"},\"image\":{\"@id\":\"https:\/\/neustart-im-beruf.de\/startseite\/#logo\"}},{\"@type\":\"WebSite\",\"@id\":\"https:\/\/neustart-im-beruf.de\/startseite\/#website\",\"url\":\"https:\/\/neustart-im-beruf.de\/startseite\/\",\"name\":\"Neustart im Beruf\",\"description\":\"Unterst\u00fctzung auf dem Weg zum optimalen Arbeitsplatz\",\"publisher\":{\"@id\":\"https:\/\/neustart-im-beruf.de\/startseite\/#organization\"},\"potentialAction\":[{\"@type\":\"SearchAction\",\"target\":{\"@type\":\"EntryPoint\",\"urlTemplate\":\"https:\/\/neustart-im-beruf.de\/startseite\/?s={search_term_string}\"},\"query-input\":\"required name=search_term_string\"}],\"inLanguage\":\"de\"},{\"@type\":\"ImageObject\",\"@id\":\"https:\/\/neustart-im-beruf.de\/startseite\/neustart-mit-sinn-zur-berufung\/#primaryimage\",\"inLanguage\":\"de\",\"url\":\"https:\/\/neustart-im-beruf.de\/wp-content\/uploads\/2020\/02\/Neustart-mit-Sinn-1.jpg\",\"contentUrl\":\"https:\/\/neustart-im-beruf.de\/wp-content\/uploads\/2020\/02\/Neustart-mit-Sinn-1.jpg\",\"width\":1280,\"height\":720,\"caption\":\"Neustart mit dem Bewerbungscoach\"},{\"@type\":\"WebPage\",\"@id\":\"https:\/\/neustart-im-beruf.de\/startseite\/neustart-mit-sinn-zur-berufung\/#webpage\",\"url\":\"https:\/\/neustart-im-beruf.de\/startseite\/neustart-mit-sinn-zur-berufung\/\",\"name\":\"Neustart mit Sinn - Neustart im Beruf\",\"isPartOf\":{\"@id\":\"https:\/\/neustart-im-beruf.de\/startseite\/#website\"},\"primaryImageOfPage\":{\"@id\":\"https:\/\/neustart-im-beruf.de\/startseite\/neustart-mit-sinn-zur-berufung\/#primaryimage\"},\"datePublished\":\"2020-01-17T17:29:07+00:00\",\"dateModified\":\"2020-03-24T15:20:34+00:00\",\"description\":\"Mit Sinn zum neuem Beruf. Finden Sie Ihre Lebensaufgabe und welchen Beitrag Sie leisten wollen. Jetzt hier kostenfreies Strategiegespr\u00e4ch anfordern.\",\"breadcrumb\":{\"@id\":\"https:\/\/neustart-im-beruf.de\/startseite\/neustart-mit-sinn-zur-berufung\/#breadcrumb\"},\"inLanguage\":\"de\",\"potentialAction\":[{\"@type\":\"ReadAction\",\"target\":[\"https:\/\/neustart-im-beruf.de\/startseite\/neustart-mit-sinn-zur-berufung\/\"]}]},{\"@type\":\"BreadcrumbList\",\"@id\":\"https:\/\/neustart-im-beruf.de\/startseite\/neustart-mit-sinn-zur-berufung\/#breadcrumb\",\"itemListElement\":[{\"@type\":\"ListItem\",\"position\":1,\"name\":\"Startseite\",\"item\":\"https:\/\/neustart-im-beruf.de\/startseite\/\"},{\"@type\":\"ListItem\",\"position\":2,\"name\":\"Neustart mit Sinn\"}]}]}<\/script>\n<!-- \/ Yoast SEO plugin. -->","yoast_head_json":{"title":"Neustart mit Sinn - Neustart im Beruf","description":"Mit Sinn zum neuem Beruf. Finden Sie Ihre Lebensaufgabe und welchen Beitrag Sie leisten wollen. Jetzt hier kostenfreies Strategiegespr\u00e4ch anfordern.","robots":{"index":"index","follow":"follow","max-snippet":"max-snippet:-1","max-image-preview":"max-image-preview:large","max-video-preview":"max-video-preview:-1"},"canonical":"https:\/\/neustart-im-beruf.de\/startseite\/neustart-mit-sinn-zur-berufung\/","og_locale":"de_DE","og_type":"article","og_title":"Neustart mit Sinn - Neustart im Beruf","og_description":"Mit Sinn zum neuem Beruf. Finden Sie Ihre Lebensaufgabe und welchen Beitrag Sie leisten wollen. Jetzt hier kostenfreies Strategiegespr\u00e4ch anfordern.","og_url":"https:\/\/neustart-im-beruf.de\/startseite\/neustart-mit-sinn-zur-berufung\/","og_site_name":"Neustart im Beruf","article_modified_time":"2020-03-24T15:20:34+00:00","og_image":[{"url":"https:\/\/neustart-im-beruf.de\/wp-content\/uploads\/2020\/02\/Neustart-mit-Sinn-1-1024x576.jpg"}],"twitter_card":"summary_large_image","twitter_misc":{"Gesch\u00e4tzte Lesezeit":"3\u00a0Minuten"},"schema":{"@context":"https:\/\/schema.org","@graph":[{"@type":"Organization","@id":"https:\/\/neustart-im-beruf.de\/startseite\/#organization","name":"Joachim Coaching","url":"https:\/\/neustart-im-beruf.de\/startseite\/","sameAs":["https:\/\/www.xing.com\/profile\/Thomas_Joachim2"],"logo":{"@type":"ImageObject","@id":"https:\/\/neustart-im-beruf.de\/startseite\/#logo","inLanguage":"de","url":"https:\/\/neustart-im-beruf.de\/wp-content\/uploads\/2020\/02\/Joachim-Academy-und-Coaching.png","contentUrl":"https:\/\/neustart-im-beruf.de\/wp-content\/uploads\/2020\/02\/Joachim-Academy-und-Coaching.png","width":864,"height":239,"caption":"Joachim Coaching"},"image":{"@id":"https:\/\/neustart-im-beruf.de\/startseite\/#logo"}},{"@type":"WebSite","@id":"https:\/\/neustart-im-beruf.de\/startseite\/#website","url":"https:\/\/neustart-im-beruf.de\/startseite\/","name":"Neustart im Beruf","description":"Unterst\u00fctzung auf dem Weg zum optimalen Arbeitsplatz","publisher":{"@id":"https:\/\/neustart-im-beruf.de\/startseite\/#organization"},"potentialAction":[{"@type":"SearchAction","target":{"@type":"EntryPoint","urlTemplate":"https:\/\/neustart-im-beruf.de\/startseite\/?s={search_term_string}"},"query-input":"required name=search_term_string"}],"inLanguage":"de"},{"@type":"ImageObject","@id":"https:\/\/neustart-im-beruf.de\/startseite\/neustart-mit-sinn-zur-berufung\/#primaryimage","inLanguage":"de","url":"https:\/\/neustart-im-beruf.de\/wp-content\/uploads\/2020\/02\/Neustart-mit-Sinn-1.jpg","contentUrl":"https:\/\/neustart-im-beruf.de\/wp-content\/uploads\/2020\/02\/Neustart-mit-Sinn-1.jpg","width":1280,"height":720,"caption":"Neustart mit dem Bewerbungscoach"},{"@type":"WebPage","@id":"https:\/\/neustart-im-beruf.de\/startseite\/neustart-mit-sinn-zur-berufung\/#webpage","url":"https:\/\/neustart-im-beruf.de\/startseite\/neustart-mit-sinn-zur-berufung\/","name":"Neustart mit Sinn - Neustart im Beruf","isPartOf":{"@id":"https:\/\/neustart-im-beruf.de\/startseite\/#website"},"primaryImageOfPage":{"@id":"https:\/\/neustart-im-beruf.de\/startseite\/neustart-mit-sinn-zur-berufung\/#primaryimage"},"datePublished":"2020-01-17T17:29:07+00:00","dateModified":"2020-03-24T15:20:34+00:00","description":"Mit Sinn zum neuem Beruf. Finden Sie Ihre Lebensaufgabe und welchen Beitrag Sie leisten wollen. Jetzt hier kostenfreies Strategiegespr\u00e4ch anfordern.","breadcrumb":{"@id":"https:\/\/neustart-im-beruf.de\/startseite\/neustart-mit-sinn-zur-berufung\/#breadcrumb"},"inLanguage":"de","potentialAction":[{"@type":"ReadAction","target":["https:\/\/neustart-im-beruf.de\/startseite\/neustart-mit-sinn-zur-berufung\/"]}]},{"@type":"BreadcrumbList","@id":"https:\/\/neustart-im-beruf.de\/startseite\/neustart-mit-sinn-zur-berufung\/#breadcrumb","itemListElement":[{"@type":"ListItem","position":1,"name":"Startseite","item":"https:\/\/neustart-im-beruf.de\/startseite\/"},{"@type":"ListItem","position":2,"name":"Neustart mit Sinn"}]}]}},"_links":{"self":[{"href":"https:\/\/neustart-im-beruf.de\/startseite\/wp-json\/wp\/v2\/pages\/263"}],"collection":[{"href":"https:\/\/neustart-im-beruf.de\/startseite\/wp-json\/wp\/v2\/pages"}],"about":[{"href":"https:\/\/neustart-im-beruf.de\/startseite\/wp-json\/wp\/v2\/types\/page"}],"author":[{"embeddable":true,"href":"https:\/\/neustart-im-beruf.de\/startseite\/wp-json\/wp\/v2\/users\/1"}],"replies":[{"embeddable":true,"href":"https:\/\/neustart-im-beruf.de\/startseite\/wp-json\/wp\/v2\/comments?post=263"}],"version-history":[{"count":11,"href":"https:\/\/neustart-im-beruf.de\/startseite\/wp-json\/wp\/v2\/pages\/263\/revisions"}],"predecessor-version":[{"id":463,"href":"https:\/\/neustart-im-beruf.de\/startseite\/wp-json\/wp\/v2\/pages\/263\/revisions\/463"}],"wp:attachment":[{"href":"https:\/\/neustart-im-beruf.de\/startseite\/wp-json\/wp\/v2\/media?parent=263"}],"curies":[{"name":"wp","href":"https:\/\/api.w.org\/{rel}","templated":true}]}}