{"id":261,"date":"2020-01-17T18:28:34","date_gmt":"2020-01-17T17:28:34","guid":{"rendered":"https:\/\/neustart-im-beruf.de\/startseite\/?page_id=261"},"modified":"2020-04-21T12:35:52","modified_gmt":"2020-04-21T10:35:52","slug":"karriereplanung-neuorientierung-mit-strategie","status":"publish","type":"page","link":"https:\/\/neustart-im-beruf.de\/startseite\/karriereplanung-neuorientierung-mit-strategie\/","title":{"rendered":"Karriereplanung, Neuorientierung mit Strategie"},"content":{"rendered":"\n<figure class=\"wp-block-image size-large is-style-default\"><img loading=\"lazy\" width=\"1024\" height=\"364\" src=\"https:\/\/neustart-im-beruf.de\/wp-content\/uploads\/2020\/02\/Neuorientierung-Karriereplannung-1-1024x364.jpg\" alt=\"Neuro-Jobcoach Thomas Joachim unterst\u00fctzt Sie bei der Suche nach einem neuem Job. Bei Karriereplanung, Neuorientierung und Strategieentwicklung.\" class=\"wp-image-458\" srcset=\"https:\/\/neustart-im-beruf.de\/wp-content\/uploads\/2020\/02\/Neuorientierung-Karriereplannung-1-1024x364.jpg 1024w, https:\/\/neustart-im-beruf.de\/wp-content\/uploads\/2020\/02\/Neuorientierung-Karriereplannung-1-300x107.jpg 300w, https:\/\/neustart-im-beruf.de\/wp-content\/uploads\/2020\/02\/Neuorientierung-Karriereplannung-1-768x273.jpg 768w, https:\/\/neustart-im-beruf.de\/wp-content\/uploads\/2020\/02\/Neuorientierung-Karriereplannung-1-1536x546.jpg 1536w, https:\/\/neustart-im-beruf.de\/wp-content\/uploads\/2020\/02\/Neuorientierung-Karriereplannung-1.jpg 1920w\" sizes=\"(max-width: 1024px) 100vw, 1024px\" \/><\/figure>\n\n\n\n<center>Bild von <a href=\"https:\/\/pixabay.com\/de\/users\/geralt-9301\/?utm_source=link-attribution&amp;utm_medium=referral&amp;utm_campaign=image&amp;utm_content=2899922\">Gerd Altmann<\/a> auf <a href=\"https:\/\/pixabay.com\/de\/?utm_source=link-attribution&amp;utm_medium=referral&amp;utm_campaign=image&amp;utm_content=2899922\">Pixabay<\/a><\/center>\n\n\n\n<blockquote class=\"wp-block-quote\"><p>&#8222;Ich wei\u00df, es muss sich etwas in meinen Berufsleben ver\u00e4ndern. Ich brauche einen neuen Job. Doch wie gehe ich am besten vor?&#8220;<\/p><\/blockquote>\n\n\n\n<h3><strong>  Mit Karriereplanung zur Bef\u00f6rderung im Job<\/strong><\/h3>\n\n\n\n<p>Sie sind bereit den n\u00e4chsten Schritt f\u00fcr einen neuen Job zu gehen. Doch viele Fragen sind noch offen. <br>Beispielsweise:<br>Was w\u00e4re f\u00fcr mich \u00fcberhaupt der passendste n\u00e4chste Schritt?<br>Wie \u00fcberzeuge ich meine Vorgesetzten, dass ich bereit und qualifiziert f\u00fcr eine h\u00f6herwertige Aufgabe bin?<br>Ist es \u00fcberhaupt sinnvoll im bisherigen Unternehmen die n\u00e4chste Stufe auf der Karriereleiter zu gehen?<\/p>\n\n\n\n<h3><strong>Mit Neuorientierung zum neuen Job<\/strong><\/h3>\n\n\n\n<p>Sie haben keine Spa\u00df und Freude mehr an Ihrem Job. Sie k\u00f6nnen in Ihrer Arbeit keinen Sinn finden.<br>Vielleicht sind Ihnen Weiterentwicklungsm\u00f6glichkeiten verwehrt. <br>Bei Gehalts- und F\u00f6rdergespr\u00e4chen gibt man Ihnen h\u00f6chsten vage Aussagen, wo es mal hingegen k\u00f6nnte.<br>Irgendwie sp\u00fcren Sie, dass Sie jetzt was anderes machen m\u00fcssen, um wieder Spa\u00df, Freude und Sinn an Ihrer Arbeit zu empfinden. Aber wo kann die Reise hingehen?<\/p>\n\n\n\n<blockquote class=\"wp-block-quote\"><p>&#8222;Coaching ist wie R\u00fcckenkratzen, manchmal braucht man jemand, der einem hilft, an nicht zug\u00e4ngliche Stellen heranzukommen.&#8220;<\/p><cite>Unbekannter Verfasser<\/cite><\/blockquote>\n\n\n\n<p style=\"font-size:18px\"><strong>Ob mit Karriereplanung oder Neuorientierung, wollen Sie in dieser Lebenssituation nicht auch mit mehr Sicherheit einen neuen Job finden?<\/strong><br><strong>Wie w\u00e4re es mit einer auf Sie abgestimmten Schritt f\u00fcr Schritt Strategie? <\/strong><\/p>\n\n\n\n<p style=\"font-size:18px\"><strong>Dann lassen Sie uns zusammenarbeiten. Ich hole Sie exakt dort ab, wo Sie gerade stehen und bringe Sie Ihren Zielen n\u00e4her. <\/strong><\/p>\n\n\n\n<p>Nach einer Bestandsaufnahme Ihrer Motive und W\u00fcnsche entwickeln wir gemeinsam eine Strategie, welche Schritte in welcher Reihenfolge zu Ihrer Jobfindung sinnvoll sind. Zuerst werden wir gemeinsam Ihre Sch\u00e4tze heben: Diese sind Ihre Kompetenzen, Talente, Motive und Pers\u00f6nlichkeitsmerkmale. Danach wenden wir uns Ihren pers\u00f6nlichen &#8222;Baustellen&#8220; zu und betrachten alles Weitere was f\u00fcr Sie auf dem Weg n\u00f6tig sind. Dies k\u00f6nnen Aus- und Weiterbildungen sein, unter Umst\u00e4nden auch die Entscheidung den Weg in die Selbstst\u00e4ndigkeit zu gehen. Gemeinsam konzentrieren wir uns auf das f\u00fcr Sie optimal Machbare. <\/p>\n\n\n\n<p> <strong>Hier meine<\/strong> <strong>Einladung f\u00fcr ein pers\u00f6nliches Telefon-Erstgespr\u00e4ch<\/strong> <strong>(ca. 15 Minuten)<\/strong><\/p>\n\n\n\n<p>Sie m\u00f6chten mehr dar\u00fcber erfahren, wie genau ich Sie unterst\u00fctzen kann, wie das Coaching mit mir abl\u00e4uft und wo das Coaching stattfindet? Dann vereinbaren Sie jetzt gleich einen Termin f\u00fcr das kostenlose Erstgespr\u00e4ch mit mir. <\/p>\n\n\n\n<div class=\"wp-block-button\"><a class=\"wp-block-button__link has-text-color has-very-light-gray-color has-background has-vivid-cyan-blue-background-color\" href=\"https:\/\/neustart-im-beruf.de\/startseite\/kontaktdaten\/\"><strong>Kostenloses Erstgespr\u00e4ch<\/strong><\/a><\/div>\n","protected":false},"excerpt":{"rendered":"<p>Bild von Gerd Altmann auf Pixabay &#8222;Ich wei\u00df, es muss sich etwas in meinen Berufsleben ver\u00e4ndern. Ich brauche einen neuen Job. Doch wie gehe ich am besten vor?&#8220; Mit Karriereplanung zur Bef\u00f6rderung im Job Sie sind bereit den n\u00e4chsten Schritt f\u00fcr einen neuen Job zu gehen. Doch viele Fragen sind noch offen. Beispielsweise:Was w\u00e4re f\u00fcr &#8230; <a title=\"Karriereplanung, Neuorientierung mit Strategie\" class=\"read-more\" href=\"https:\/\/neustart-im-beruf.de\/startseite\/karriereplanung-neuorientierung-mit-strategie\/\">Weiterlesen <span class=\"screen-reader-text\">Karriereplanung, Neuorientierung mit Strategie<\/span><\/a><\/p>\n","protected":false},"author":1,"featured_media":0,"parent":0,"menu_order":0,"comment_status":"closed","ping_status":"closed","template":"","meta":[],"yoast_head":"<!-- This site is optimized with the Yoast SEO plugin v18.3 - https:\/\/yoast.com\/wordpress\/plugins\/seo\/ -->\n<title>Karriereplanung, Neuorientierung mit Strategie - Neustart im Beruf<\/title>\n<meta name=\"description\" content=\"Ob Neuorientierung o. Karriereplanung. Mit indivueller Vorgehensweise zum neuen Job. Jetzt hier kostenfreies Strategiegespr\u00e4ch anfordern.\" \/>\n<meta name=\"robots\" content=\"index, follow, max-snippet:-1, max-image-preview:large, max-video-preview:-1\" \/>\n<link rel=\"canonical\" href=\"https:\/\/neustart-im-beruf.de\/startseite\/karriereplanung-neuorientierung-mit-strategie\/\" \/>\n<meta property=\"og:locale\" content=\"de_DE\" \/>\n<meta property=\"og:type\" content=\"article\" \/>\n<meta property=\"og:title\" content=\"Karriereplanung, Neuorientierung mit Strategie - Neustart im Beruf\" \/>\n<meta property=\"og:description\" content=\"Ob Neuorientierung o. Karriereplanung. Mit indivueller Vorgehensweise zum neuen Job. Jetzt hier kostenfreies Strategiegespr\u00e4ch anfordern.\" \/>\n<meta property=\"og:url\" content=\"https:\/\/neustart-im-beruf.de\/startseite\/karriereplanung-neuorientierung-mit-strategie\/\" \/>\n<meta property=\"og:site_name\" content=\"Neustart im Beruf\" \/>\n<meta property=\"article:modified_time\" content=\"2020-04-21T10:35:52+00:00\" \/>\n<meta property=\"og:image\" content=\"https:\/\/neustart-im-beruf.de\/wp-content\/uploads\/2020\/02\/Neuorientierung-Karriereplannung-1-1024x364.jpg\" \/>\n<meta name=\"twitter:card\" content=\"summary_large_image\" \/>\n<meta name=\"twitter:label1\" content=\"Gesch\u00e4tzte Lesezeit\" \/>\n\t<meta name=\"twitter:data1\" content=\"2\u00a0Minuten\" \/>\n<script type=\"application\/ld+json\" class=\"yoast-schema-graph\">{\"@context\":\"https:\/\/schema.org\",\"@graph\":[{\"@type\":\"Organization\",\"@id\":\"https:\/\/neustart-im-beruf.de\/startseite\/#organization\",\"name\":\"Joachim Coaching\",\"url\":\"https:\/\/neustart-im-beruf.de\/startseite\/\",\"sameAs\":[\"https:\/\/www.xing.com\/profile\/Thomas_Joachim2\"],\"logo\":{\"@type\":\"ImageObject\",\"@id\":\"https:\/\/neustart-im-beruf.de\/startseite\/#logo\",\"inLanguage\":\"de\",\"url\":\"https:\/\/neustart-im-beruf.de\/wp-content\/uploads\/2020\/02\/Joachim-Academy-und-Coaching.png\",\"contentUrl\":\"https:\/\/neustart-im-beruf.de\/wp-content\/uploads\/2020\/02\/Joachim-Academy-und-Coaching.png\",\"width\":864,\"height\":239,\"caption\":\"Joachim Coaching\"},\"image\":{\"@id\":\"https:\/\/neustart-im-beruf.de\/startseite\/#logo\"}},{\"@type\":\"WebSite\",\"@id\":\"https:\/\/neustart-im-beruf.de\/startseite\/#website\",\"url\":\"https:\/\/neustart-im-beruf.de\/startseite\/\",\"name\":\"Neustart im Beruf\",\"description\":\"Unterst\u00fctzung auf dem Weg zum optimalen Arbeitsplatz\",\"publisher\":{\"@id\":\"https:\/\/neustart-im-beruf.de\/startseite\/#organization\"},\"potentialAction\":[{\"@type\":\"SearchAction\",\"target\":{\"@type\":\"EntryPoint\",\"urlTemplate\":\"https:\/\/neustart-im-beruf.de\/startseite\/?s={search_term_string}\"},\"query-input\":\"required name=search_term_string\"}],\"inLanguage\":\"de\"},{\"@type\":\"ImageObject\",\"@id\":\"https:\/\/neustart-im-beruf.de\/startseite\/karriereplanung-neuorientierung-mit-strategie\/#primaryimage\",\"inLanguage\":\"de\",\"url\":\"https:\/\/neustart-im-beruf.de\/wp-content\/uploads\/2020\/02\/Neuorientierung-Karriereplannung-1.jpg\",\"contentUrl\":\"https:\/\/neustart-im-beruf.de\/wp-content\/uploads\/2020\/02\/Neuorientierung-Karriereplannung-1.jpg\",\"width\":1920,\"height\":683,\"caption\":\"Neuorientierung und Karriereplannung mit dem Jobcoaching\"},{\"@type\":\"WebPage\",\"@id\":\"https:\/\/neustart-im-beruf.de\/startseite\/karriereplanung-neuorientierung-mit-strategie\/#webpage\",\"url\":\"https:\/\/neustart-im-beruf.de\/startseite\/karriereplanung-neuorientierung-mit-strategie\/\",\"name\":\"Karriereplanung, Neuorientierung mit Strategie - Neustart im Beruf\",\"isPartOf\":{\"@id\":\"https:\/\/neustart-im-beruf.de\/startseite\/#website\"},\"primaryImageOfPage\":{\"@id\":\"https:\/\/neustart-im-beruf.de\/startseite\/karriereplanung-neuorientierung-mit-strategie\/#primaryimage\"},\"datePublished\":\"2020-01-17T17:28:34+00:00\",\"dateModified\":\"2020-04-21T10:35:52+00:00\",\"description\":\"Ob Neuorientierung o. Karriereplanung. Mit indivueller Vorgehensweise zum neuen Job. Jetzt hier kostenfreies Strategiegespr\u00e4ch anfordern.\",\"breadcrumb\":{\"@id\":\"https:\/\/neustart-im-beruf.de\/startseite\/karriereplanung-neuorientierung-mit-strategie\/#breadcrumb\"},\"inLanguage\":\"de\",\"potentialAction\":[{\"@type\":\"ReadAction\",\"target\":[\"https:\/\/neustart-im-beruf.de\/startseite\/karriereplanung-neuorientierung-mit-strategie\/\"]}]},{\"@type\":\"BreadcrumbList\",\"@id\":\"https:\/\/neustart-im-beruf.de\/startseite\/karriereplanung-neuorientierung-mit-strategie\/#breadcrumb\",\"itemListElement\":[{\"@type\":\"ListItem\",\"position\":1,\"name\":\"Startseite\",\"item\":\"https:\/\/neustart-im-beruf.de\/startseite\/\"},{\"@type\":\"ListItem\",\"position\":2,\"name\":\"Karriereplanung, Neuorientierung mit Strategie\"}]}]}<\/script>\n<!-- \/ Yoast SEO plugin. -->","yoast_head_json":{"title":"Karriereplanung, Neuorientierung mit Strategie - Neustart im Beruf","description":"Ob Neuorientierung o. Karriereplanung. Mit indivueller Vorgehensweise zum neuen Job. Jetzt hier kostenfreies Strategiegespr\u00e4ch anfordern.","robots":{"index":"index","follow":"follow","max-snippet":"max-snippet:-1","max-image-preview":"max-image-preview:large","max-video-preview":"max-video-preview:-1"},"canonical":"https:\/\/neustart-im-beruf.de\/startseite\/karriereplanung-neuorientierung-mit-strategie\/","og_locale":"de_DE","og_type":"article","og_title":"Karriereplanung, Neuorientierung mit Strategie - Neustart im Beruf","og_description":"Ob Neuorientierung o. Karriereplanung. Mit indivueller Vorgehensweise zum neuen Job. Jetzt hier kostenfreies Strategiegespr\u00e4ch anfordern.","og_url":"https:\/\/neustart-im-beruf.de\/startseite\/karriereplanung-neuorientierung-mit-strategie\/","og_site_name":"Neustart im Beruf","article_modified_time":"2020-04-21T10:35:52+00:00","og_image":[{"url":"https:\/\/neustart-im-beruf.de\/wp-content\/uploads\/2020\/02\/Neuorientierung-Karriereplannung-1-1024x364.jpg"}],"twitter_card":"summary_large_image","twitter_misc":{"Gesch\u00e4tzte Lesezeit":"2\u00a0Minuten"},"schema":{"@context":"https:\/\/schema.org","@graph":[{"@type":"Organization","@id":"https:\/\/neustart-im-beruf.de\/startseite\/#organization","name":"Joachim Coaching","url":"https:\/\/neustart-im-beruf.de\/startseite\/","sameAs":["https:\/\/www.xing.com\/profile\/Thomas_Joachim2"],"logo":{"@type":"ImageObject","@id":"https:\/\/neustart-im-beruf.de\/startseite\/#logo","inLanguage":"de","url":"https:\/\/neustart-im-beruf.de\/wp-content\/uploads\/2020\/02\/Joachim-Academy-und-Coaching.png","contentUrl":"https:\/\/neustart-im-beruf.de\/wp-content\/uploads\/2020\/02\/Joachim-Academy-und-Coaching.png","width":864,"height":239,"caption":"Joachim Coaching"},"image":{"@id":"https:\/\/neustart-im-beruf.de\/startseite\/#logo"}},{"@type":"WebSite","@id":"https:\/\/neustart-im-beruf.de\/startseite\/#website","url":"https:\/\/neustart-im-beruf.de\/startseite\/","name":"Neustart im Beruf","description":"Unterst\u00fctzung auf dem Weg zum optimalen Arbeitsplatz","publisher":{"@id":"https:\/\/neustart-im-beruf.de\/startseite\/#organization"},"potentialAction":[{"@type":"SearchAction","target":{"@type":"EntryPoint","urlTemplate":"https:\/\/neustart-im-beruf.de\/startseite\/?s={search_term_string}"},"query-input":"required name=search_term_string"}],"inLanguage":"de"},{"@type":"ImageObject","@id":"https:\/\/neustart-im-beruf.de\/startseite\/karriereplanung-neuorientierung-mit-strategie\/#primaryimage","inLanguage":"de","url":"https:\/\/neustart-im-beruf.de\/wp-content\/uploads\/2020\/02\/Neuorientierung-Karriereplannung-1.jpg","contentUrl":"https:\/\/neustart-im-beruf.de\/wp-content\/uploads\/2020\/02\/Neuorientierung-Karriereplannung-1.jpg","width":1920,"height":683,"caption":"Neuorientierung und Karriereplannung mit dem Jobcoaching"},{"@type":"WebPage","@id":"https:\/\/neustart-im-beruf.de\/startseite\/karriereplanung-neuorientierung-mit-strategie\/#webpage","url":"https:\/\/neustart-im-beruf.de\/startseite\/karriereplanung-neuorientierung-mit-strategie\/","name":"Karriereplanung, Neuorientierung mit Strategie - Neustart im Beruf","isPartOf":{"@id":"https:\/\/neustart-im-beruf.de\/startseite\/#website"},"primaryImageOfPage":{"@id":"https:\/\/neustart-im-beruf.de\/startseite\/karriereplanung-neuorientierung-mit-strategie\/#primaryimage"},"datePublished":"2020-01-17T17:28:34+00:00","dateModified":"2020-04-21T10:35:52+00:00","description":"Ob Neuorientierung o. Karriereplanung. Mit indivueller Vorgehensweise zum neuen Job. Jetzt hier kostenfreies Strategiegespr\u00e4ch anfordern.","breadcrumb":{"@id":"https:\/\/neustart-im-beruf.de\/startseite\/karriereplanung-neuorientierung-mit-strategie\/#breadcrumb"},"inLanguage":"de","potentialAction":[{"@type":"ReadAction","target":["https:\/\/neustart-im-beruf.de\/startseite\/karriereplanung-neuorientierung-mit-strategie\/"]}]},{"@type":"BreadcrumbList","@id":"https:\/\/neustart-im-beruf.de\/startseite\/karriereplanung-neuorientierung-mit-strategie\/#breadcrumb","itemListElement":[{"@type":"ListItem","position":1,"name":"Startseite","item":"https:\/\/neustart-im-beruf.de\/startseite\/"},{"@type":"ListItem","position":2,"name":"Karriereplanung, Neuorientierung mit Strategie"}]}]}},"_links":{"self":[{"href":"https:\/\/neustart-im-beruf.de\/startseite\/wp-json\/wp\/v2\/pages\/261"}],"collection":[{"href":"https:\/\/neustart-im-beruf.de\/startseite\/wp-json\/wp\/v2\/pages"}],"about":[{"href":"https:\/\/neustart-im-beruf.de\/startseite\/wp-json\/wp\/v2\/types\/page"}],"author":[{"embeddable":true,"href":"https:\/\/neustart-im-beruf.de\/startseite\/wp-json\/wp\/v2\/users\/1"}],"replies":[{"embeddable":true,"href":"https:\/\/neustart-im-beruf.de\/startseite\/wp-json\/wp\/v2\/comments?post=261"}],"version-history":[{"count":16,"href":"https:\/\/neustart-im-beruf.de\/startseite\/wp-json\/wp\/v2\/pages\/261\/revisions"}],"predecessor-version":[{"id":600,"href":"https:\/\/neustart-im-beruf.de\/startseite\/wp-json\/wp\/v2\/pages\/261\/revisions\/600"}],"wp:attachment":[{"href":"https:\/\/neustart-im-beruf.de\/startseite\/wp-json\/wp\/v2\/media?parent=261"}],"curies":[{"name":"wp","href":"https:\/\/api.w.org\/{rel}","templated":true}]}}