{"id":259,"date":"2020-01-17T18:27:31","date_gmt":"2020-01-17T17:27:31","guid":{"rendered":"https:\/\/neustart-im-beruf.de\/startseite\/?page_id=259"},"modified":"2020-03-24T17:26:37","modified_gmt":"2020-03-24T16:26:37","slug":"bewerbung-von-a-bis-z","status":"publish","type":"page","link":"https:\/\/neustart-im-beruf.de\/startseite\/bewerbung-von-a-bis-z\/","title":{"rendered":"Bewerbung von A bis Z"},"content":{"rendered":"\n<figure class=\"wp-block-image size-large is-style-default\"><img loading=\"lazy\" width=\"1024\" height=\"405\" src=\"https:\/\/neustart-im-beruf.de\/wp-content\/uploads\/2020\/02\/Erstellung-von-Bewerbungsunterlagen-1024x405.png\" alt=\"Hilfe bei der Bewerbung - Jobcoach Thomas Joachim unterst\u00fctzt bei Lebenslauf, Anschreiben und Vorstellungsgespr\u00e4ch\" class=\"wp-image-454\" srcset=\"https:\/\/neustart-im-beruf.de\/wp-content\/uploads\/2020\/02\/Erstellung-von-Bewerbungsunterlagen-1024x405.png 1024w, https:\/\/neustart-im-beruf.de\/wp-content\/uploads\/2020\/02\/Erstellung-von-Bewerbungsunterlagen-300x119.png 300w, https:\/\/neustart-im-beruf.de\/wp-content\/uploads\/2020\/02\/Erstellung-von-Bewerbungsunterlagen-768x304.png 768w, https:\/\/neustart-im-beruf.de\/wp-content\/uploads\/2020\/02\/Erstellung-von-Bewerbungsunterlagen.png 1274w\" sizes=\"(max-width: 1024px) 100vw, 1024px\" \/><\/figure>\n\n\n\n<center>Bild von <a href=\"https:\/\/pixabay.com\/de\/users\/loufre-2697555\/?utm_source=link-attribution&amp;utm_medium=referral&amp;utm_campaign=image&amp;utm_content=1756264\">loufre<\/a> auf <a href=\"https:\/\/pixabay.com\/de\/?utm_source=link-attribution&amp;utm_medium=referral&amp;utm_campaign=image&amp;utm_content=1756264\">Pixabay<\/a><\/center>\n\n\n\n<blockquote class=\"wp-block-quote\"><p> <em><strong>&#8222;Aussagekr\u00e4ftiger Lebenslauf, motivierendes Anschreiben und professionelle Vorbereitung auf Vorstellungsgespr\u00e4che. Sind Sie unsicher wie Sie das in Ihrer Bewerbung hinbekommen?&#8220;<\/strong><\/em> <\/p><\/blockquote>\n\n\n\n<p>Kennen Sie diese Situation? Sie m\u00f6chten sich um einen neuen Job bewerben. Doch Ihre Unterlagen f\u00fcr Ihre Bewerbung sind nicht up-to-date. Zudem sind Ihre Erkenntnisse zum Bewerbungsprozess noch aus Schulzeiten. Sie gehen ins Internet, doch die Webseiten \u00fcberfordern Sie mit zu vielen, teils auch widerspr\u00fcchlichen Informationen. Die Musteranschreiben im Internet klingen beim ersten Lesen ganz gut. Aber sie passen nicht 1:1 auf die Stellen, auf die sich sich bewerben wollen. Und falls Sie diese verwenden, erkennen nicht die Chefs und Personaler, dass Sie sich keine M\u00fche auf ein individuelles Anschreiben gemacht haben?<\/p>\n\n\n\n<h4><strong>M\u00f6chten Sie nicht auch mehr Klarheit, wie Sie in allen Phasen des Bewerbungsprozesses einen guten Eindruck hinterlassen?<\/strong> <\/h4>\n\n\n\n<p>Dann habe ich eine gute Nachricht f\u00fcr Sie:<\/p>\n\n\n\n<ol><li>M\u00f6chten Sie in Ihrer Bewerbung Unterlagen, die inhaltlich und optisch bestechen?<\/li><li>Wollen Sie wissen, auf welche Punkte F\u00fchrungskr\u00e4fte und Personaler heute Wert bei Einstellungen legen?<\/li><li>Wollen Sie mit mehr Selbst-&#8222;Bewusstsein&#8220; und Selbstvertrauen um, insbesondere im Vorstellungsgespr\u00e4ch, Ihre Chancen auf Ihren neuen (Traum-) Job erh\u00f6hen?<\/li><\/ol>\n\n\n\n<p>Wenn Sie auf diese Fragen mindestens 1x mit &#8222;ja&#8220; geantwortet haben, <br>dann zeige ich Ihnen im Rahmen eines individuellen und modularen Einzelcoachings, wie Sie diese Ziele erreichen.<\/p>\n\n\n\n<h4><strong>Hier meine<\/strong> <strong>Einladung f\u00fcr ein pers\u00f6nliches Telefon-Erstgespr\u00e4ch<\/strong> <strong>(ca. 15 Minuten)<\/strong> <\/h4>\n\n\n\n<p>In meinem Bewerbung von A bis Z -Coaching erhalten Sie kein Standard-Coaching. Sondern wir entwickeln gemeinsam ein modulares Programm, das wie ein Ma\u00dfanzug auf Sie zugeschnitten ist. Es liefert Ihnen ein ganz klares Resultat: Ihre schnelle und optimale Vorbereitung auf die Erlangung eines neuen Jobs. Ich zeige Ihnen, wie Sie zum Gewinner werden, weil Sie auch in schwierigsten Situationen mehr Selbstbewusstsein und Selbstvertrauen an den Tag legen. <\/p>\n\n\n\n<p>Sie m\u00f6chten mehr dar\u00fcber erfahren, wie genau ich Sie unterst\u00fctzen kann, wie das Coaching mit mir abl\u00e4uft und wo das Coaching stattfindet? Dann vereinbaren Sie jetzt gleich einen Termin f\u00fcr das kostenlose Erstgespr\u00e4ch mit mir.<\/p>\n\n\n\n<div class=\"wp-block-button\"><a class=\"wp-block-button__link has-text-color has-very-light-gray-color has-background has-vivid-cyan-blue-background-color\" href=\"https:\/\/neustart-im-beruf.de\/startseite\/kontaktdaten\/\"> <strong>Kostenloses Erstgespr\u00e4ch vereinbaren<\/strong><\/a><\/div>\n","protected":false},"excerpt":{"rendered":"<p>Bild von loufre auf Pixabay &#8222;Aussagekr\u00e4ftiger Lebenslauf, motivierendes Anschreiben und professionelle Vorbereitung auf Vorstellungsgespr\u00e4che. Sind Sie unsicher wie Sie das in Ihrer Bewerbung hinbekommen?&#8220; Kennen Sie diese Situation? Sie m\u00f6chten sich um einen neuen Job bewerben. Doch Ihre Unterlagen f\u00fcr Ihre Bewerbung sind nicht up-to-date. Zudem sind Ihre Erkenntnisse zum Bewerbungsprozess noch aus Schulzeiten. Sie &#8230; <a title=\"Bewerbung von A bis Z\" class=\"read-more\" href=\"https:\/\/neustart-im-beruf.de\/startseite\/bewerbung-von-a-bis-z\/\">Weiterlesen <span class=\"screen-reader-text\">Bewerbung von A bis Z<\/span><\/a><\/p>\n","protected":false},"author":1,"featured_media":0,"parent":0,"menu_order":0,"comment_status":"closed","ping_status":"closed","template":"","meta":[],"yoast_head":"<!-- This site is optimized with the Yoast SEO plugin v18.3 - https:\/\/yoast.com\/wordpress\/plugins\/seo\/ -->\n<title>Bewerbung von A bis Z - Neustart im Beruf<\/title>\n<meta name=\"description\" content=\"Aussagekr\u00e4ftige Unterlagen f\u00fcr Ihre Bewerbung, professionelle Vorbereitung auf Bewerbungsgespr\u00e4che. Jetzt kostenfreies Strategiegespr\u00e4ch anfordern...\" \/>\n<meta name=\"robots\" content=\"index, follow, max-snippet:-1, max-image-preview:large, max-video-preview:-1\" \/>\n<link rel=\"canonical\" href=\"https:\/\/neustart-im-beruf.de\/startseite\/bewerbung-von-a-bis-z\/\" \/>\n<meta property=\"og:locale\" content=\"de_DE\" \/>\n<meta property=\"og:type\" content=\"article\" \/>\n<meta property=\"og:title\" content=\"Bewerbung von A bis Z - Neustart im Beruf\" \/>\n<meta property=\"og:description\" content=\"Aussagekr\u00e4ftige Unterlagen f\u00fcr Ihre Bewerbung, professionelle Vorbereitung auf Bewerbungsgespr\u00e4che. Jetzt kostenfreies Strategiegespr\u00e4ch anfordern...\" \/>\n<meta property=\"og:url\" content=\"https:\/\/neustart-im-beruf.de\/startseite\/bewerbung-von-a-bis-z\/\" \/>\n<meta property=\"og:site_name\" content=\"Neustart im Beruf\" \/>\n<meta property=\"article:modified_time\" content=\"2020-03-24T16:26:37+00:00\" \/>\n<meta property=\"og:image\" content=\"https:\/\/neustart-im-beruf.de\/wp-content\/uploads\/2020\/02\/Erstellung-von-Bewerbungsunterlagen-1024x405.png\" \/>\n<meta name=\"twitter:card\" content=\"summary_large_image\" \/>\n<meta name=\"twitter:label1\" content=\"Gesch\u00e4tzte Lesezeit\" \/>\n\t<meta name=\"twitter:data1\" content=\"2\u00a0Minuten\" \/>\n<script type=\"application\/ld+json\" class=\"yoast-schema-graph\">{\"@context\":\"https:\/\/schema.org\",\"@graph\":[{\"@type\":\"Organization\",\"@id\":\"https:\/\/neustart-im-beruf.de\/startseite\/#organization\",\"name\":\"Joachim Coaching\",\"url\":\"https:\/\/neustart-im-beruf.de\/startseite\/\",\"sameAs\":[\"https:\/\/www.xing.com\/profile\/Thomas_Joachim2\"],\"logo\":{\"@type\":\"ImageObject\",\"@id\":\"https:\/\/neustart-im-beruf.de\/startseite\/#logo\",\"inLanguage\":\"de\",\"url\":\"https:\/\/neustart-im-beruf.de\/wp-content\/uploads\/2020\/02\/Joachim-Academy-und-Coaching.png\",\"contentUrl\":\"https:\/\/neustart-im-beruf.de\/wp-content\/uploads\/2020\/02\/Joachim-Academy-und-Coaching.png\",\"width\":864,\"height\":239,\"caption\":\"Joachim Coaching\"},\"image\":{\"@id\":\"https:\/\/neustart-im-beruf.de\/startseite\/#logo\"}},{\"@type\":\"WebSite\",\"@id\":\"https:\/\/neustart-im-beruf.de\/startseite\/#website\",\"url\":\"https:\/\/neustart-im-beruf.de\/startseite\/\",\"name\":\"Neustart im Beruf\",\"description\":\"Unterst\u00fctzung auf dem Weg zum optimalen Arbeitsplatz\",\"publisher\":{\"@id\":\"https:\/\/neustart-im-beruf.de\/startseite\/#organization\"},\"potentialAction\":[{\"@type\":\"SearchAction\",\"target\":{\"@type\":\"EntryPoint\",\"urlTemplate\":\"https:\/\/neustart-im-beruf.de\/startseite\/?s={search_term_string}\"},\"query-input\":\"required name=search_term_string\"}],\"inLanguage\":\"de\"},{\"@type\":\"ImageObject\",\"@id\":\"https:\/\/neustart-im-beruf.de\/startseite\/bewerbung-von-a-bis-z\/#primaryimage\",\"inLanguage\":\"de\",\"url\":\"https:\/\/neustart-im-beruf.de\/wp-content\/uploads\/2020\/02\/Erstellung-von-Bewerbungsunterlagen.png\",\"contentUrl\":\"https:\/\/neustart-im-beruf.de\/wp-content\/uploads\/2020\/02\/Erstellung-von-Bewerbungsunterlagen.png\",\"width\":1274,\"height\":504,\"caption\":\"Erstellung von aussagekr\u00e4ftige Bewerbungsunterlagen\"},{\"@type\":\"WebPage\",\"@id\":\"https:\/\/neustart-im-beruf.de\/startseite\/bewerbung-von-a-bis-z\/#webpage\",\"url\":\"https:\/\/neustart-im-beruf.de\/startseite\/bewerbung-von-a-bis-z\/\",\"name\":\"Bewerbung von A bis Z - Neustart im Beruf\",\"isPartOf\":{\"@id\":\"https:\/\/neustart-im-beruf.de\/startseite\/#website\"},\"primaryImageOfPage\":{\"@id\":\"https:\/\/neustart-im-beruf.de\/startseite\/bewerbung-von-a-bis-z\/#primaryimage\"},\"datePublished\":\"2020-01-17T17:27:31+00:00\",\"dateModified\":\"2020-03-24T16:26:37+00:00\",\"description\":\"Aussagekr\u00e4ftige Unterlagen f\u00fcr Ihre Bewerbung, professionelle Vorbereitung auf Bewerbungsgespr\u00e4che. Jetzt kostenfreies Strategiegespr\u00e4ch anfordern...\",\"breadcrumb\":{\"@id\":\"https:\/\/neustart-im-beruf.de\/startseite\/bewerbung-von-a-bis-z\/#breadcrumb\"},\"inLanguage\":\"de\",\"potentialAction\":[{\"@type\":\"ReadAction\",\"target\":[\"https:\/\/neustart-im-beruf.de\/startseite\/bewerbung-von-a-bis-z\/\"]}]},{\"@type\":\"BreadcrumbList\",\"@id\":\"https:\/\/neustart-im-beruf.de\/startseite\/bewerbung-von-a-bis-z\/#breadcrumb\",\"itemListElement\":[{\"@type\":\"ListItem\",\"position\":1,\"name\":\"Startseite\",\"item\":\"https:\/\/neustart-im-beruf.de\/startseite\/\"},{\"@type\":\"ListItem\",\"position\":2,\"name\":\"Bewerbung von A bis Z\"}]}]}<\/script>\n<!-- \/ Yoast SEO plugin. -->","yoast_head_json":{"title":"Bewerbung von A bis Z - Neustart im Beruf","description":"Aussagekr\u00e4ftige Unterlagen f\u00fcr Ihre Bewerbung, professionelle Vorbereitung auf Bewerbungsgespr\u00e4che. Jetzt kostenfreies Strategiegespr\u00e4ch anfordern...","robots":{"index":"index","follow":"follow","max-snippet":"max-snippet:-1","max-image-preview":"max-image-preview:large","max-video-preview":"max-video-preview:-1"},"canonical":"https:\/\/neustart-im-beruf.de\/startseite\/bewerbung-von-a-bis-z\/","og_locale":"de_DE","og_type":"article","og_title":"Bewerbung von A bis Z - Neustart im Beruf","og_description":"Aussagekr\u00e4ftige Unterlagen f\u00fcr Ihre Bewerbung, professionelle Vorbereitung auf Bewerbungsgespr\u00e4che. Jetzt kostenfreies Strategiegespr\u00e4ch anfordern...","og_url":"https:\/\/neustart-im-beruf.de\/startseite\/bewerbung-von-a-bis-z\/","og_site_name":"Neustart im Beruf","article_modified_time":"2020-03-24T16:26:37+00:00","og_image":[{"url":"https:\/\/neustart-im-beruf.de\/wp-content\/uploads\/2020\/02\/Erstellung-von-Bewerbungsunterlagen-1024x405.png"}],"twitter_card":"summary_large_image","twitter_misc":{"Gesch\u00e4tzte Lesezeit":"2\u00a0Minuten"},"schema":{"@context":"https:\/\/schema.org","@graph":[{"@type":"Organization","@id":"https:\/\/neustart-im-beruf.de\/startseite\/#organization","name":"Joachim Coaching","url":"https:\/\/neustart-im-beruf.de\/startseite\/","sameAs":["https:\/\/www.xing.com\/profile\/Thomas_Joachim2"],"logo":{"@type":"ImageObject","@id":"https:\/\/neustart-im-beruf.de\/startseite\/#logo","inLanguage":"de","url":"https:\/\/neustart-im-beruf.de\/wp-content\/uploads\/2020\/02\/Joachim-Academy-und-Coaching.png","contentUrl":"https:\/\/neustart-im-beruf.de\/wp-content\/uploads\/2020\/02\/Joachim-Academy-und-Coaching.png","width":864,"height":239,"caption":"Joachim Coaching"},"image":{"@id":"https:\/\/neustart-im-beruf.de\/startseite\/#logo"}},{"@type":"WebSite","@id":"https:\/\/neustart-im-beruf.de\/startseite\/#website","url":"https:\/\/neustart-im-beruf.de\/startseite\/","name":"Neustart im Beruf","description":"Unterst\u00fctzung auf dem Weg zum optimalen Arbeitsplatz","publisher":{"@id":"https:\/\/neustart-im-beruf.de\/startseite\/#organization"},"potentialAction":[{"@type":"SearchAction","target":{"@type":"EntryPoint","urlTemplate":"https:\/\/neustart-im-beruf.de\/startseite\/?s={search_term_string}"},"query-input":"required name=search_term_string"}],"inLanguage":"de"},{"@type":"ImageObject","@id":"https:\/\/neustart-im-beruf.de\/startseite\/bewerbung-von-a-bis-z\/#primaryimage","inLanguage":"de","url":"https:\/\/neustart-im-beruf.de\/wp-content\/uploads\/2020\/02\/Erstellung-von-Bewerbungsunterlagen.png","contentUrl":"https:\/\/neustart-im-beruf.de\/wp-content\/uploads\/2020\/02\/Erstellung-von-Bewerbungsunterlagen.png","width":1274,"height":504,"caption":"Erstellung von aussagekr\u00e4ftige Bewerbungsunterlagen"},{"@type":"WebPage","@id":"https:\/\/neustart-im-beruf.de\/startseite\/bewerbung-von-a-bis-z\/#webpage","url":"https:\/\/neustart-im-beruf.de\/startseite\/bewerbung-von-a-bis-z\/","name":"Bewerbung von A bis Z - Neustart im Beruf","isPartOf":{"@id":"https:\/\/neustart-im-beruf.de\/startseite\/#website"},"primaryImageOfPage":{"@id":"https:\/\/neustart-im-beruf.de\/startseite\/bewerbung-von-a-bis-z\/#primaryimage"},"datePublished":"2020-01-17T17:27:31+00:00","dateModified":"2020-03-24T16:26:37+00:00","description":"Aussagekr\u00e4ftige Unterlagen f\u00fcr Ihre Bewerbung, professionelle Vorbereitung auf Bewerbungsgespr\u00e4che. Jetzt kostenfreies Strategiegespr\u00e4ch anfordern...","breadcrumb":{"@id":"https:\/\/neustart-im-beruf.de\/startseite\/bewerbung-von-a-bis-z\/#breadcrumb"},"inLanguage":"de","potentialAction":[{"@type":"ReadAction","target":["https:\/\/neustart-im-beruf.de\/startseite\/bewerbung-von-a-bis-z\/"]}]},{"@type":"BreadcrumbList","@id":"https:\/\/neustart-im-beruf.de\/startseite\/bewerbung-von-a-bis-z\/#breadcrumb","itemListElement":[{"@type":"ListItem","position":1,"name":"Startseite","item":"https:\/\/neustart-im-beruf.de\/startseite\/"},{"@type":"ListItem","position":2,"name":"Bewerbung von A bis Z"}]}]}},"_links":{"self":[{"href":"https:\/\/neustart-im-beruf.de\/startseite\/wp-json\/wp\/v2\/pages\/259"}],"collection":[{"href":"https:\/\/neustart-im-beruf.de\/startseite\/wp-json\/wp\/v2\/pages"}],"about":[{"href":"https:\/\/neustart-im-beruf.de\/startseite\/wp-json\/wp\/v2\/types\/page"}],"author":[{"embeddable":true,"href":"https:\/\/neustart-im-beruf.de\/startseite\/wp-json\/wp\/v2\/users\/1"}],"replies":[{"embeddable":true,"href":"https:\/\/neustart-im-beruf.de\/startseite\/wp-json\/wp\/v2\/comments?post=259"}],"version-history":[{"count":23,"href":"https:\/\/neustart-im-beruf.de\/startseite\/wp-json\/wp\/v2\/pages\/259\/revisions"}],"predecessor-version":[{"id":537,"href":"https:\/\/neustart-im-beruf.de\/startseite\/wp-json\/wp\/v2\/pages\/259\/revisions\/537"}],"wp:attachment":[{"href":"https:\/\/neustart-im-beruf.de\/startseite\/wp-json\/wp\/v2\/media?parent=259"}],"curies":[{"name":"wp","href":"https:\/\/api.w.org\/{rel}","templated":true}]}}