{"id":253,"date":"2020-01-17T18:21:55","date_gmt":"2020-01-17T17:21:55","guid":{"rendered":"https:\/\/neustart-im-beruf.de\/startseite\/?page_id=253"},"modified":"2020-03-31T11:19:17","modified_gmt":"2020-03-31T09:19:17","slug":"optimale-mitarbeiterplatzierung","status":"publish","type":"page","link":"https:\/\/neustart-im-beruf.de\/startseite\/optimale-mitarbeiterplatzierung\/","title":{"rendered":"Optimum Placement (Optimale Mitarbeiterplatzierung)"},"content":{"rendered":"\n<h1>Optimum Placement <br>&#8211; Optimale Mitarbeiterplatzierung <\/h1>\n\n\n\n<h3><strong>Eine neue Philosophie, um Fach- und F\u00fchrungskr\u00e4fte langfristig an ihr Unternehmen zu binden.<\/strong><\/h3>\n\n\n\n<figure class=\"wp-block-image size-large is-style-default\"><img loading=\"lazy\" width=\"1024\" height=\"433\" src=\"https:\/\/neustart-im-beruf.de\/wp-content\/uploads\/2020\/02\/Optimum-Placement-optimale-Mitarbeiterplatzierung-1024x433.jpg\" alt=\"\" class=\"wp-image-403\" srcset=\"https:\/\/neustart-im-beruf.de\/wp-content\/uploads\/2020\/02\/Optimum-Placement-optimale-Mitarbeiterplatzierung-1024x433.jpg 1024w, https:\/\/neustart-im-beruf.de\/wp-content\/uploads\/2020\/02\/Optimum-Placement-optimale-Mitarbeiterplatzierung-300x127.jpg 300w, https:\/\/neustart-im-beruf.de\/wp-content\/uploads\/2020\/02\/Optimum-Placement-optimale-Mitarbeiterplatzierung-768x325.jpg 768w, https:\/\/neustart-im-beruf.de\/wp-content\/uploads\/2020\/02\/Optimum-Placement-optimale-Mitarbeiterplatzierung-1536x650.jpg 1536w, https:\/\/neustart-im-beruf.de\/wp-content\/uploads\/2020\/02\/Optimum-Placement-optimale-Mitarbeiterplatzierung.jpg 1920w\" sizes=\"(max-width: 1024px) 100vw, 1024px\" \/><\/figure>\n\n\n\n<center>Bild von <a href=\"https:\/\/pixabay.com\/de\/users\/geralt-9301\/?utm_source=link-attribution&amp;utm_medium=referral&amp;utm_campaign=image&amp;utm_content=2899922\">Gerd Altmann<\/a> auf <a href=\"https:\/\/pixabay.com\/de\/?utm_source=link-attribution&amp;utm_medium=referral&amp;utm_campaign=image&amp;utm_content=2899922\">Pixabay<\/a><\/center>\n\n\n\n<p><\/p>\n\n\n\n<h3><strong>Dieser Paradigmenwechsel ist etwas f\u00fcr Sie als Unternehmensleiter oder F\u00fchrungskraft wenn,<\/strong>&#8230;<\/h3>\n\n\n\n<ul><li>Sie sp\u00fcren, dass Ihre Mitarbeiter eine latente Unzufriedenheit ausstrahlen.<\/li><li>es Ihnen nicht mehr gelingt, Mitarbeiter durch monet\u00e4re oder materielle Belohnungen zu dauerhaft motivieren.<\/li><li>Ihnen die Klarheit fehlt, wie Sie einen Mitarbeiter optimal fordern und f\u00f6rdern k\u00f6nnen.<\/li><li>falls Sie feststellen, dass auch eine Bef\u00f6rderung sich nicht motivations- und leistungssteigernd auf den Mitarbeiter auswirkt.<\/li><li>Sie aber unbedingt langj\u00e4hrige und kompetente Mitarbeiter und deren Expertise im Hause behalten wollen.<\/li><li>Sie irgendwie bemerkt haben, dass die Stimmung im Team nicht mehr die beste ist.<\/li><li>Sie bereit sind Aufgaben, Verantwortung, Befugnisse und Kompetenzen an die Potentiale Ihrer Mitarbeiter anzupassen und nicht wie bisher an die Belange Ihrer Organisation.<\/li><\/ul>\n\n\n\n<h3><strong>Sie wollen Ihre Wettbewerbsf\u00e4higkeit nachhaltig sichern?<\/strong><\/h3>\n\n\n\n<h4><strong>Und Sie bringen den Mut auf neue Wege bei der Defintion eines Arbeitsplatzes zu gehen?<\/strong> <\/h4>\n\n\n\n<p>Dann lassen Sie uns gemeinsam herausfinden, an welchen optimalen Arbeitsplatz ihre Mitarbeiter motiviert, kreativ und leistungswillig ihre Potentiale voll entfalten. <\/p>\n\n\n\n<h4><strong>Indem wir den optimalen Arbeitsplatz f\u00fcr Fach- und F\u00fchrungskr\u00e4fte an den Wendepunkten ihrer Karriere finden, werden Sie\u2026<\/strong><\/h4>\n\n\n\n<ul><li>ihren Fach- und F\u00fchrungskr\u00e4ftebestand sichern und erweitern. <\/li><li>die Anzahl verantwortungsbewusster Leistungstr\u00e4ger erh\u00f6hen. <\/li><li>eine motivierte und leistungsstarke Mannschaft besitzen.<\/li><li>eine gute Stimmung in der Mannschaft erzeugen.<\/li><li>und den Ruf eines attraktiven Arbeitgebers besitzen. <\/li><li>aktuelle und zuk\u00fcnftige unternehmerische Ziele erreichen oder \u00fcbertreffen.<\/li><\/ul>\n\n\n\n<p class=\"has-medium-font-size\"><strong>Hier meine<\/strong> <strong>Einladung f\u00fcr ein pers\u00f6nliches Telefon-Erstgespr\u00e4ch<\/strong> <strong>(ca. 15 Minuten)<\/strong><\/p>\n\n\n\n<p>Sie m\u00f6chten mehr dar\u00fcber erfahren, wie Optimum Placement funktioniert? <br>Dann vereinbaren Sie jetzt gleich einen Termin f\u00fcr das kostenlose Erstgespr\u00e4ch mit mir. <\/p>\n\n\n\n<div class=\"wp-block-button\"><a class=\"wp-block-button__link has-text-color has-very-light-gray-color has-background has-vivid-cyan-blue-background-color\" href=\"https:\/\/neustart-im-beruf.de\/startseite\/kontaktdaten\/\"><strong>Kostenloses Erstgespr\u00e4ch<\/strong><\/a><\/div>\n\n\n\n<p><\/p>\n","protected":false},"excerpt":{"rendered":"<p>Optimum Placement &#8211; Optimale Mitarbeiterplatzierung Eine neue Philosophie, um Fach- und F\u00fchrungskr\u00e4fte langfristig an ihr Unternehmen zu binden. Bild von Gerd Altmann auf Pixabay Dieser Paradigmenwechsel ist etwas f\u00fcr Sie als Unternehmensleiter oder F\u00fchrungskraft wenn,&#8230; Sie sp\u00fcren, dass Ihre Mitarbeiter eine latente Unzufriedenheit ausstrahlen. es Ihnen nicht mehr gelingt, Mitarbeiter durch monet\u00e4re oder materielle Belohnungen &#8230; <a title=\"Optimum Placement (Optimale Mitarbeiterplatzierung)\" class=\"read-more\" href=\"https:\/\/neustart-im-beruf.de\/startseite\/optimale-mitarbeiterplatzierung\/\">Weiterlesen <span class=\"screen-reader-text\">Optimum Placement (Optimale Mitarbeiterplatzierung)<\/span><\/a><\/p>\n","protected":false},"author":1,"featured_media":0,"parent":0,"menu_order":0,"comment_status":"closed","ping_status":"closed","template":"","meta":[],"yoast_head":"<!-- This site is optimized with the Yoast SEO plugin v18.3 - https:\/\/yoast.com\/wordpress\/plugins\/seo\/ -->\n<title>Optimum Placement (Optimale Mitarbeiterplatzierung) - Neustart im Beruf<\/title>\n<meta name=\"description\" content=\"Erfahrene Mitarbeiter halten, neue Mitarbeiter gewinnen. Sind Sie bereit f\u00fcr den Paradigmenwechsel ? Kostenloses Strategiegespr\u00e4ch anfordern.\" \/>\n<meta name=\"robots\" content=\"index, follow, max-snippet:-1, max-image-preview:large, max-video-preview:-1\" \/>\n<link rel=\"canonical\" href=\"https:\/\/neustart-im-beruf.de\/startseite\/optimale-mitarbeiterplatzierung\/\" \/>\n<meta property=\"og:locale\" content=\"de_DE\" \/>\n<meta property=\"og:type\" content=\"article\" \/>\n<meta property=\"og:title\" content=\"Optimum Placement (Optimale Mitarbeiterplatzierung) - Neustart im Beruf\" \/>\n<meta property=\"og:description\" content=\"Erfahrene Mitarbeiter halten, neue Mitarbeiter gewinnen. Sind Sie bereit f\u00fcr den Paradigmenwechsel ? Kostenloses Strategiegespr\u00e4ch anfordern.\" \/>\n<meta property=\"og:url\" content=\"https:\/\/neustart-im-beruf.de\/startseite\/optimale-mitarbeiterplatzierung\/\" \/>\n<meta property=\"og:site_name\" content=\"Neustart im Beruf\" \/>\n<meta property=\"article:modified_time\" content=\"2020-03-31T09:19:17+00:00\" \/>\n<meta property=\"og:image\" content=\"https:\/\/neustart-im-beruf.de\/wp-content\/uploads\/2020\/02\/Optimum-Placement-optimale-Mitarbeiterplatzierung-1024x433.jpg\" \/>\n<meta name=\"twitter:card\" content=\"summary_large_image\" \/>\n<meta name=\"twitter:label1\" content=\"Gesch\u00e4tzte Lesezeit\" \/>\n\t<meta name=\"twitter:data1\" content=\"1\u00a0Minute\" \/>\n<script type=\"application\/ld+json\" class=\"yoast-schema-graph\">{\"@context\":\"https:\/\/schema.org\",\"@graph\":[{\"@type\":\"Organization\",\"@id\":\"https:\/\/neustart-im-beruf.de\/startseite\/#organization\",\"name\":\"Joachim Coaching\",\"url\":\"https:\/\/neustart-im-beruf.de\/startseite\/\",\"sameAs\":[\"https:\/\/www.xing.com\/profile\/Thomas_Joachim2\"],\"logo\":{\"@type\":\"ImageObject\",\"@id\":\"https:\/\/neustart-im-beruf.de\/startseite\/#logo\",\"inLanguage\":\"de\",\"url\":\"https:\/\/neustart-im-beruf.de\/wp-content\/uploads\/2020\/02\/Joachim-Academy-und-Coaching.png\",\"contentUrl\":\"https:\/\/neustart-im-beruf.de\/wp-content\/uploads\/2020\/02\/Joachim-Academy-und-Coaching.png\",\"width\":864,\"height\":239,\"caption\":\"Joachim Coaching\"},\"image\":{\"@id\":\"https:\/\/neustart-im-beruf.de\/startseite\/#logo\"}},{\"@type\":\"WebSite\",\"@id\":\"https:\/\/neustart-im-beruf.de\/startseite\/#website\",\"url\":\"https:\/\/neustart-im-beruf.de\/startseite\/\",\"name\":\"Neustart im Beruf\",\"description\":\"Unterst\u00fctzung auf dem Weg zum optimalen Arbeitsplatz\",\"publisher\":{\"@id\":\"https:\/\/neustart-im-beruf.de\/startseite\/#organization\"},\"potentialAction\":[{\"@type\":\"SearchAction\",\"target\":{\"@type\":\"EntryPoint\",\"urlTemplate\":\"https:\/\/neustart-im-beruf.de\/startseite\/?s={search_term_string}\"},\"query-input\":\"required name=search_term_string\"}],\"inLanguage\":\"de\"},{\"@type\":\"ImageObject\",\"@id\":\"https:\/\/neustart-im-beruf.de\/startseite\/optimale-mitarbeiterplatzierung\/#primaryimage\",\"inLanguage\":\"de\",\"url\":\"https:\/\/neustart-im-beruf.de\/wp-content\/uploads\/2020\/02\/Optimum-Placement-optimale-Mitarbeiterplatzierung.jpg\",\"contentUrl\":\"https:\/\/neustart-im-beruf.de\/wp-content\/uploads\/2020\/02\/Optimum-Placement-optimale-Mitarbeiterplatzierung.jpg\",\"width\":1920,\"height\":812,\"caption\":\"Binden Sie Ihre Fach- und F\u00fchrungskr\u00e4fte ans Unternehmen\"},{\"@type\":\"WebPage\",\"@id\":\"https:\/\/neustart-im-beruf.de\/startseite\/optimale-mitarbeiterplatzierung\/#webpage\",\"url\":\"https:\/\/neustart-im-beruf.de\/startseite\/optimale-mitarbeiterplatzierung\/\",\"name\":\"Optimum Placement (Optimale Mitarbeiterplatzierung) - Neustart im Beruf\",\"isPartOf\":{\"@id\":\"https:\/\/neustart-im-beruf.de\/startseite\/#website\"},\"primaryImageOfPage\":{\"@id\":\"https:\/\/neustart-im-beruf.de\/startseite\/optimale-mitarbeiterplatzierung\/#primaryimage\"},\"datePublished\":\"2020-01-17T17:21:55+00:00\",\"dateModified\":\"2020-03-31T09:19:17+00:00\",\"description\":\"Erfahrene Mitarbeiter halten, neue Mitarbeiter gewinnen. Sind Sie bereit f\u00fcr den Paradigmenwechsel ? Kostenloses Strategiegespr\u00e4ch anfordern.\",\"breadcrumb\":{\"@id\":\"https:\/\/neustart-im-beruf.de\/startseite\/optimale-mitarbeiterplatzierung\/#breadcrumb\"},\"inLanguage\":\"de\",\"potentialAction\":[{\"@type\":\"ReadAction\",\"target\":[\"https:\/\/neustart-im-beruf.de\/startseite\/optimale-mitarbeiterplatzierung\/\"]}]},{\"@type\":\"BreadcrumbList\",\"@id\":\"https:\/\/neustart-im-beruf.de\/startseite\/optimale-mitarbeiterplatzierung\/#breadcrumb\",\"itemListElement\":[{\"@type\":\"ListItem\",\"position\":1,\"name\":\"Startseite\",\"item\":\"https:\/\/neustart-im-beruf.de\/startseite\/\"},{\"@type\":\"ListItem\",\"position\":2,\"name\":\"Optimum Placement (Optimale Mitarbeiterplatzierung)\"}]}]}<\/script>\n<!-- \/ Yoast SEO plugin. -->","yoast_head_json":{"title":"Optimum Placement (Optimale Mitarbeiterplatzierung) - Neustart im Beruf","description":"Erfahrene Mitarbeiter halten, neue Mitarbeiter gewinnen. Sind Sie bereit f\u00fcr den Paradigmenwechsel ? Kostenloses Strategiegespr\u00e4ch anfordern.","robots":{"index":"index","follow":"follow","max-snippet":"max-snippet:-1","max-image-preview":"max-image-preview:large","max-video-preview":"max-video-preview:-1"},"canonical":"https:\/\/neustart-im-beruf.de\/startseite\/optimale-mitarbeiterplatzierung\/","og_locale":"de_DE","og_type":"article","og_title":"Optimum Placement (Optimale Mitarbeiterplatzierung) - Neustart im Beruf","og_description":"Erfahrene Mitarbeiter halten, neue Mitarbeiter gewinnen. Sind Sie bereit f\u00fcr den Paradigmenwechsel ? Kostenloses Strategiegespr\u00e4ch anfordern.","og_url":"https:\/\/neustart-im-beruf.de\/startseite\/optimale-mitarbeiterplatzierung\/","og_site_name":"Neustart im Beruf","article_modified_time":"2020-03-31T09:19:17+00:00","og_image":[{"url":"https:\/\/neustart-im-beruf.de\/wp-content\/uploads\/2020\/02\/Optimum-Placement-optimale-Mitarbeiterplatzierung-1024x433.jpg"}],"twitter_card":"summary_large_image","twitter_misc":{"Gesch\u00e4tzte Lesezeit":"1\u00a0Minute"},"schema":{"@context":"https:\/\/schema.org","@graph":[{"@type":"Organization","@id":"https:\/\/neustart-im-beruf.de\/startseite\/#organization","name":"Joachim Coaching","url":"https:\/\/neustart-im-beruf.de\/startseite\/","sameAs":["https:\/\/www.xing.com\/profile\/Thomas_Joachim2"],"logo":{"@type":"ImageObject","@id":"https:\/\/neustart-im-beruf.de\/startseite\/#logo","inLanguage":"de","url":"https:\/\/neustart-im-beruf.de\/wp-content\/uploads\/2020\/02\/Joachim-Academy-und-Coaching.png","contentUrl":"https:\/\/neustart-im-beruf.de\/wp-content\/uploads\/2020\/02\/Joachim-Academy-und-Coaching.png","width":864,"height":239,"caption":"Joachim Coaching"},"image":{"@id":"https:\/\/neustart-im-beruf.de\/startseite\/#logo"}},{"@type":"WebSite","@id":"https:\/\/neustart-im-beruf.de\/startseite\/#website","url":"https:\/\/neustart-im-beruf.de\/startseite\/","name":"Neustart im Beruf","description":"Unterst\u00fctzung auf dem Weg zum optimalen Arbeitsplatz","publisher":{"@id":"https:\/\/neustart-im-beruf.de\/startseite\/#organization"},"potentialAction":[{"@type":"SearchAction","target":{"@type":"EntryPoint","urlTemplate":"https:\/\/neustart-im-beruf.de\/startseite\/?s={search_term_string}"},"query-input":"required name=search_term_string"}],"inLanguage":"de"},{"@type":"ImageObject","@id":"https:\/\/neustart-im-beruf.de\/startseite\/optimale-mitarbeiterplatzierung\/#primaryimage","inLanguage":"de","url":"https:\/\/neustart-im-beruf.de\/wp-content\/uploads\/2020\/02\/Optimum-Placement-optimale-Mitarbeiterplatzierung.jpg","contentUrl":"https:\/\/neustart-im-beruf.de\/wp-content\/uploads\/2020\/02\/Optimum-Placement-optimale-Mitarbeiterplatzierung.jpg","width":1920,"height":812,"caption":"Binden Sie Ihre Fach- und F\u00fchrungskr\u00e4fte ans Unternehmen"},{"@type":"WebPage","@id":"https:\/\/neustart-im-beruf.de\/startseite\/optimale-mitarbeiterplatzierung\/#webpage","url":"https:\/\/neustart-im-beruf.de\/startseite\/optimale-mitarbeiterplatzierung\/","name":"Optimum Placement (Optimale Mitarbeiterplatzierung) - Neustart im Beruf","isPartOf":{"@id":"https:\/\/neustart-im-beruf.de\/startseite\/#website"},"primaryImageOfPage":{"@id":"https:\/\/neustart-im-beruf.de\/startseite\/optimale-mitarbeiterplatzierung\/#primaryimage"},"datePublished":"2020-01-17T17:21:55+00:00","dateModified":"2020-03-31T09:19:17+00:00","description":"Erfahrene Mitarbeiter halten, neue Mitarbeiter gewinnen. Sind Sie bereit f\u00fcr den Paradigmenwechsel ? Kostenloses Strategiegespr\u00e4ch anfordern.","breadcrumb":{"@id":"https:\/\/neustart-im-beruf.de\/startseite\/optimale-mitarbeiterplatzierung\/#breadcrumb"},"inLanguage":"de","potentialAction":[{"@type":"ReadAction","target":["https:\/\/neustart-im-beruf.de\/startseite\/optimale-mitarbeiterplatzierung\/"]}]},{"@type":"BreadcrumbList","@id":"https:\/\/neustart-im-beruf.de\/startseite\/optimale-mitarbeiterplatzierung\/#breadcrumb","itemListElement":[{"@type":"ListItem","position":1,"name":"Startseite","item":"https:\/\/neustart-im-beruf.de\/startseite\/"},{"@type":"ListItem","position":2,"name":"Optimum Placement (Optimale Mitarbeiterplatzierung)"}]}]}},"_links":{"self":[{"href":"https:\/\/neustart-im-beruf.de\/startseite\/wp-json\/wp\/v2\/pages\/253"}],"collection":[{"href":"https:\/\/neustart-im-beruf.de\/startseite\/wp-json\/wp\/v2\/pages"}],"about":[{"href":"https:\/\/neustart-im-beruf.de\/startseite\/wp-json\/wp\/v2\/types\/page"}],"author":[{"embeddable":true,"href":"https:\/\/neustart-im-beruf.de\/startseite\/wp-json\/wp\/v2\/users\/1"}],"replies":[{"embeddable":true,"href":"https:\/\/neustart-im-beruf.de\/startseite\/wp-json\/wp\/v2\/comments?post=253"}],"version-history":[{"count":17,"href":"https:\/\/neustart-im-beruf.de\/startseite\/wp-json\/wp\/v2\/pages\/253\/revisions"}],"predecessor-version":[{"id":588,"href":"https:\/\/neustart-im-beruf.de\/startseite\/wp-json\/wp\/v2\/pages\/253\/revisions\/588"}],"wp:attachment":[{"href":"https:\/\/neustart-im-beruf.de\/startseite\/wp-json\/wp\/v2\/media?parent=253"}],"curies":[{"name":"wp","href":"https:\/\/api.w.org\/{rel}","templated":true}]}}