{"id":174,"date":"2019-12-20T20:32:24","date_gmt":"2019-12-20T19:32:24","guid":{"rendered":"https:\/\/neustart-im-beruf.de\/startseite\/?page_id=174"},"modified":"2020-03-08T12:11:08","modified_gmt":"2020-03-08T11:11:08","slug":"agb","status":"publish","type":"page","link":"https:\/\/neustart-im-beruf.de\/startseite\/agb\/","title":{"rendered":"AGB"},"content":{"rendered":"\n<h4><strong> 1. Geltungsbereich, Rechtsnatur<\/strong><\/h4>\n\n\n\n<p>S\u00e4mtliche Beratungs- und sonstigen Dienstleistungen werden unter (erg\u00e4nzender) Geltung dieser Allgemeinen Gesch\u00e4ftsbedingungen (AGB) durchgef\u00fchrt. Mit der (schriftlichen oder m\u00fcndlichen) Beauftragung gelten diese Bedingungen als vom Auftraggeber angenommen. Weitere, insbesondere abweichende Vereinbarungen oder Allgemeine Gesch\u00e4ftsbedingungen des Auftraggebers (im Folgenden Berater genannt) sind f\u00fcr den Auftragnehmer (im Folgenden Klient genannt) nur verbindlich, sofern diese schriftlich niedergelegt oder anerkannt sind.<\/p>\n\n\n\n<p>Die mit dem Auftragnehmer abgeschlossenen Vertr\u00e4ge sind Dienstvertr\u00e4ge, sofern nicht ausdr\u00fccklich etwas anderes vereinbart wird. Gegenstand des Vertrages ist die Erbringung der vereinbarten Leistungen, nicht die Herbeif\u00fchrung eines bestimmten Erfolges.<\/p>\n\n\n\n<h4><strong> 2. Gestaltung des Auftrages, Mitwirkungspflicht des Klienten<\/strong><\/h4>\n\n\n\n<p>2.1 Die Beratung findet auf der Grundlage des in den Vorgespr\u00e4chen vereinbarten Beratungskonzepts statt. Der Auftragnehmer erbringt seine Leistungen pers\u00f6nlich, sofern nicht ausdr\u00fccklich etwas anderes vereinbart wird.<\/p>\n\n\n\n<p>2.2 Die Beratung beruht auf gegenseitigem Vertrauen und wird entscheidend durch die Bereitschaft des Klienten zur Kooperation bestimmt. Eine Beratung erfolgt auf der Grundlage der zwischen den Parteien gef\u00fchrten vorbereitenden Gespr\u00e4che. <br> <br> 2.3 Der Klient ist \u00fcber die angewandten Methoden, ihre Funktionsweisen und Zwecke bzw. zu erstellenden L\u00f6sungskonzepte sowie die Risiken und die m\u00f6glichen Ergebnisse unterrichtet worden und ist damit einverstanden.<\/p>\n\n\n\n<p>2.4 Der Berater macht in diesem Zusammenhang darauf aufmerksam, dass die Beratung ein freier, aktiver und selbstverantwortlicher Prozess ist und ein bestimmter Erfolg nicht versprochen werden kann. Der Berater steht dem Klienten als Prozessbegleiter und als Unterst\u00fctzung bei eigenen Entscheidungen und Ver\u00e4nderungen zur Seite \u2013 die eigentliche Ver\u00e4nderungsarbeit wird vom Klienten geleistet. Der Klient sollte daher bereit und offen sein, sich mit sich selbst und seiner Situation auseinanderzusetzen und sich pers\u00f6nlich zu ver\u00e4ndern.<\/p>\n\n\n\n<p>2.5 Ein Vertrag kommt durch die Auftragserteilung des Klienten sowie die entsprechende Auftragsannahme des Beraters zustande. Die Auftragserteilung durch den Klienten und die Auftragsannahme durch den Berater kann durch das Absenden einer E-Mail, durch einen schriftlichen Auftrag oder m\u00fcndlich durch einen telefonischen oder pers\u00f6nlichen Auftrag erfolgen. <\/p>\n\n\n\n<p>2.6 Die Vertragspartner unterrichten sich in jeder Phase des Beratungsprozesses gegenseitig \u00fcber alle Umst\u00e4nde, die f\u00fcr den Auftrag und seine Ausf\u00fchrung bedeutsam sind.<\/p>\n\n\n\n<p>2.7 \u00dcber diesen Vertrag, seine Durchf\u00fchrung und die damit zusammenh\u00e4ngenden Umst\u00e4nde wird von beiden Seiten striktes Stillschweigen bewahrt.<\/p>\n\n\n\n<h4><strong> 3. Honorar und Kostenerstattung<\/strong><\/h4>\n\n\n\n<p>3.1 Abgegebene Angebote sind freibleibend.\nDie Verg\u00fctung wird durch Individualvereinbarung geregelt. Alle\nVerg\u00fctungsbestandteile verstehen sich in Euro. F\u00fcr Beratungsleistungen,\nNebenkosten, wie Telefongeb\u00fchren, Reise- und \u00dcbernachtungskosten usw., werden\ndie in der Auftragsvereinbarung festgelegten Verg\u00fctungen bzw. Geb\u00fchren\nberechnet. Solange keine Kostenzusage von anderer Stelle vorliegt, gilt der Klient\nals Schuldner der Verg\u00fctung.<\/p>\n<p>3.2 Der Auftragnehmer ist berechtigt, in\nangemessenen Zeitabschnitten Zwischenrechnungen \u00fcber die bis dahin erbrachten\nLeistungen zu stellen, sofern nichts anderes vereinbart wird.<\/p>\n<p>3.3 Die Honorare verstehen sich zuz\u00fcglich Mehrwertsteuer in gesetzlicher H\u00f6he.\nHonorare und eventuelle Kostenerstattungen sind innerhalb von zwei Wochen nach\nZugang der Rechnung zur Zahlung f\u00e4llig. Zur\u00fcckbehaltung und Aufrechnung sind\nnur zul\u00e4ssig, wenn die Anspr\u00fcche des Auftraggebers vom Berater anerkannt oder\nrechtskr\u00e4ftig festgestellt sind.<\/p>\n\n\n\n<h4><strong> 4. Terminvereinbarungen, Ort, Dauer, Absage<\/strong><\/h4>\n\n\n\n<p>Vereinbarte\nTermine sind grunds\u00e4tzlich verbindlich. Dies gilt auch f\u00fcr ein gegebenenfalls\nals kostenlos vereinbartes Vorgespr\u00e4ch. Zeit und Ort der (Telefon-)Beratung\nwerden von den Parteien einvernehmlich und nach beiderseitiger Verf\u00fcgbarkeit\nvereinbart. Der Klient verpflichtet sich, zu allen Sitzungen p\u00fcnktlich zu\nerscheinen.<\/p>\n\n\n\n<p>Eine Beratungssitzung\ndauert 45 Minuten, eine Doppelstunde entspricht 2 x 45 Minuten = 90 Minuten. Je\nnach Anliegen kann sich das Coaching von einem einmaligen Beratungsgespr\u00e4ch bis\nzu einem \u00fcber mehrere Monate in Anspruch nehmenden Prozess erstrecken.<\/p>\n\n\n\n<p>Eine\nkostenlose Absage oder Terminverschiebung der Beratungssitzungen ist bis\nsp\u00e4testens zwei Tage vor dem Termin m\u00f6glich. Danach und bei unentschuldigtem\nNichterscheinen wird die vereinbarte Verg\u00fctung in voller H\u00f6he geschuldet.<\/p>\n\n\n\n<h4><strong> 5. Leistungserbringungshindernisse<\/strong><\/h4>\n\n\n\n<p>Der Berater ist berechtigt, bei h\u00f6herer Gewalt die vereinbarten Beratungstermine zu verschieben, hierunter fallen auch Leistungserbringungshindernisse, die aufgrund von Krankheit, Unfall oder \u00e4hnlichem entstanden sind. In diesem Fall wird der Berater den Klienten schnellstm\u00f6glich verst\u00e4ndigen und einen Ersatztermin anbieten. In jedem Fall wird der Berater den Klienten auch schriftlich informieren (per SMS oder E-Mail ist ausreichend), sofern der Klient telefonisch nicht zu erreichen war. Das Risiko der Nichterreichbarkeit tr\u00e4gt der Klient. Ein Anspruch auf Ersatz nutzloser Aufwendungen besteht nicht.<\/p>\n\n\n\n<h4><strong> 6. Urheberrecht<\/strong><\/h4>\n\n\n\n<p>Alle an den Auftragnehmer ausgeh\u00e4ndigten Unterlagen sind, soweit nichts anderes vereinbart ist, in der vereinbarten Verg\u00fctung enthalten. Die Unterlagen sind zum pers\u00f6nlichen Gebrauch des Auftraggebers bestimmt. Das Urheberrecht an den Konzepten und Unterlagen steht alleine dem Auftragnehmer zu. Dem Auftraggeber ist es nicht gestattet, die Unterlagen ohne schriftliche Zustimmung des Auftragnehmers ganz oder auszugsweise zu reproduzieren und\/oder Dritten zug\u00e4nglich zu machen. Eine Ver\u00f6ffentlichung, auch auszugsweise, ist untersagt. Ein Ton- und\/oder Videomitschnitt von Beratungssitzungen oder anderen Leistungen des Auftragnehmers ist nur mit dessen schriftlicher Genehmigung zul\u00e4ssig. Nicht ben\u00f6tigte Materialien sind dem Berater zur\u00fcck zu geben.<\/p>\n\n\n\n<h4><strong> 7.\tHaftung- und Gew\u00e4hrleistung<\/strong><\/h4>\n\n\n\n<p>Die Informationen und Ratschl\u00e4ge in den Beratungs-Sitzungen sowie in allen Dokumentationen sind durch den Auftragnehmer sorgf\u00e4ltig erwogen und gepr\u00fcft. Jeder Auftraggeber tr\u00e4gt die volle Verantwortung f\u00fcr sich und seine Handlungen innerhalb und au\u00dferhalb der Beratungssitzungen und kommt f\u00fcr eventuell verursachte Sch\u00e4den selbst auf. Eine Haftung und Gew\u00e4hrleistung des Auftragnehmers wird, im rechtlich zul\u00e4ssigen Umfang, ausgeschlossen. <\/p>\n\n\n\n<h4><strong> 8.    Datenschutz<\/strong><\/h4>\n\n\n\n<p>Der Auftragnehmer speichert die personenbezogenen Daten, die ihm im Zusammenhang mit diesem Vertrag bekannt werden, soweit es zur Rechnungsstellung und zur Buchf\u00fchrung erforderlich ist. Die Daten werden unverz\u00fcglich gel\u00f6scht, wenn sie nicht mehr ben\u00f6tigt werden. Eine weiter gehende Speicherung personenbezogener Daten findet nicht statt, auch nicht in anonymisierter Form.<\/p>\n\n\n\n<h4><strong>9. Abgrenzung zur Psychotherapie<\/strong><\/h4>\n\n\n\n<p>Psychotherapie\nist problem- und symptomorientiert. Sie besch\u00e4ftigt sich mit der Vergangenheit\nund ist bem\u00fcht, alte Wunden zu heilen. Psychotherapie ist die gezielte\nBehandlung einer diagnostizierten psychischen Krankheit.<\/p>\n\n\n\n<p>Beratung ist l\u00f6sungsorientiert und auf die Gegenwart, Zukunft und Aktivit\u00e4t ausgerichtet. Beratung ist keine Therapie oder Heilbehandlung und kann\/soll diese auch nicht ersetzen. Berater basiert auf einer Berater-Klienten-Beziehung, die durch ein partnerschaftliches Miteinander gekennzeichnet ist und dabei die Rolle des Beraters klar von Therapeuten und \u00c4rzten abgrenzt. Es werden weder Diagnosen erstellt, noch Heilungen versprochen. Das Ergebnis einer Beratung stellt nicht die Linderung psychischer Beschwerden dar, sondern die individuelle Weiterentwicklung des Klienten, womit eine Steigerung seiner allgemeinen Lebensqualit\u00e4t einhergeht. <\/p>\n\n\n\n<p>Beratung dient dem \u201egesunden\u201d Menschen, welcher handlungsf\u00e4hig und zur Selbstreflexion f\u00e4hig ist. Eine Beratung ist grunds\u00e4tzlich nur bei k\u00f6rperlicher und geistiger Gesundheit m\u00f6glich. Mit Inanspruchnahme der vereinbarten Dienstleistungen erkl\u00e4rt der Klient, eigenverantwortlich durch geeignete Ma\u00dfnahmen sichergestellt zu haben, k\u00f6rperlich und geistig gesund zu sein. <\/p>\n\n\n\n<h4><strong>10. Beendigung der Vertragsbeziehung<\/strong><\/h4>\n\n\n\n<p>Der Vertrag ist von beiden Seiten nach \u00a7 627 BGB k\u00fcndbar. Im \u00dcbrigen endet er nach Ablauf der vereinbarten Dauer, sofern er nicht einvernehmlich verl\u00e4ngert wird.<br> <br>Bereits in Anspruch genommene Leistungen sind unabh\u00e4ngig davon zu bezahlen. F\u00fcr bereits vereinbarte Termine gilt Absatz 4. entsprechend.<\/p>\n\n\n\n<h4><strong>11. Scientology-Klausel<\/strong><\/h4>\n\n\n\n<p>Der Auftragnehmer versichert, dass weder er noch seine Mitarbeiter, Beauftragten und sonstigen Erf\u00fcllungsgehilfen in irgendeiner Form und Weise die Technologie von L. Ron Hubbard oder \u00e4hnliche Technologien anwenden oder danach arbeiten. <\/p>\n\n\n\n<h4><strong>12. Schlussklauseln<\/strong><\/h4>\n\n\n\n<p>12.1 M\u00fcndliche Nebenabreden\nwurden nicht getroffen. \u00c4nderungen und Erg\u00e4nzungen des Vertrages bed\u00fcrfen der\nSchriftform. Das gilt auch f\u00fcr eine \u00c4nderung dieser Schriftformklausel.<\/p>\n\n\n\n<p>12.2 Diese Allgemeinen Gesch\u00e4ftsbedingungen\ngelten ausschlie\u00dflich. Andere AGB wurden nicht vereinbart.<\/p>\n\n\n\n<p>12.3 Sollte eine Bestimmungen des\nVertrages oder dieser AGB unwirksam sein oder werden, bleibt der Vertrag im\n\u00dcbrigen g\u00fcltig. Die Vertragsparteien werden eine Ersatzregelung vereinbaren,\ndie der urspr\u00fcnglichen m\u00f6glichst nahe kommt.<\/p>\n","protected":false},"excerpt":{"rendered":"<p>1. Geltungsbereich, Rechtsnatur S\u00e4mtliche Beratungs- und sonstigen Dienstleistungen werden unter (erg\u00e4nzender) Geltung dieser Allgemeinen Gesch\u00e4ftsbedingungen (AGB) durchgef\u00fchrt. Mit der (schriftlichen oder m\u00fcndlichen) Beauftragung gelten diese Bedingungen als vom Auftraggeber angenommen. Weitere, insbesondere abweichende Vereinbarungen oder Allgemeine Gesch\u00e4ftsbedingungen des Auftraggebers (im Folgenden Berater genannt) sind f\u00fcr den Auftragnehmer (im Folgenden Klient genannt) nur verbindlich, sofern diese &#8230; <a title=\"AGB\" class=\"read-more\" href=\"https:\/\/neustart-im-beruf.de\/startseite\/agb\/\">Weiterlesen <span class=\"screen-reader-text\">AGB<\/span><\/a><\/p>\n","protected":false},"author":1,"featured_media":0,"parent":0,"menu_order":0,"comment_status":"closed","ping_status":"closed","template":"","meta":[],"yoast_head":"<!-- This site is optimized with the Yoast SEO plugin v18.3 - https:\/\/yoast.com\/wordpress\/plugins\/seo\/ -->\n<title>AGB - Neustart im Beruf<\/title>\n<meta name=\"description\" content=\"Auftragsgestaltung, Mitwirkung des Kunden, Abgrenzung zur Psychotherapie, Bewerbungscoaching, Neuro-Jobcoach Thomas Joachim\" \/>\n<meta name=\"robots\" content=\"noindex, nofollow\" \/>\n<meta property=\"og:locale\" content=\"de_DE\" \/>\n<meta property=\"og:type\" content=\"article\" \/>\n<meta property=\"og:title\" content=\"AGB - Neustart im Beruf\" \/>\n<meta property=\"og:description\" content=\"Auftragsgestaltung, Mitwirkung des Kunden, Abgrenzung zur Psychotherapie, Bewerbungscoaching, Neuro-Jobcoach Thomas Joachim\" \/>\n<meta property=\"og:url\" content=\"https:\/\/neustart-im-beruf.de\/startseite\/agb\/\" \/>\n<meta property=\"og:site_name\" content=\"Neustart im Beruf\" \/>\n<meta property=\"article:modified_time\" content=\"2020-03-08T11:11:08+00:00\" \/>\n<meta name=\"twitter:card\" content=\"summary_large_image\" \/>\n<meta name=\"twitter:label1\" content=\"Gesch\u00e4tzte Lesezeit\" \/>\n\t<meta name=\"twitter:data1\" content=\"6\u00a0Minuten\" \/>\n<script type=\"application\/ld+json\" class=\"yoast-schema-graph\">{\"@context\":\"https:\/\/schema.org\",\"@graph\":[{\"@type\":\"Organization\",\"@id\":\"https:\/\/neustart-im-beruf.de\/startseite\/#organization\",\"name\":\"Joachim Coaching\",\"url\":\"https:\/\/neustart-im-beruf.de\/startseite\/\",\"sameAs\":[\"https:\/\/www.xing.com\/profile\/Thomas_Joachim2\"],\"logo\":{\"@type\":\"ImageObject\",\"@id\":\"https:\/\/neustart-im-beruf.de\/startseite\/#logo\",\"inLanguage\":\"de\",\"url\":\"https:\/\/neustart-im-beruf.de\/wp-content\/uploads\/2020\/02\/Joachim-Academy-und-Coaching.png\",\"contentUrl\":\"https:\/\/neustart-im-beruf.de\/wp-content\/uploads\/2020\/02\/Joachim-Academy-und-Coaching.png\",\"width\":864,\"height\":239,\"caption\":\"Joachim Coaching\"},\"image\":{\"@id\":\"https:\/\/neustart-im-beruf.de\/startseite\/#logo\"}},{\"@type\":\"WebSite\",\"@id\":\"https:\/\/neustart-im-beruf.de\/startseite\/#website\",\"url\":\"https:\/\/neustart-im-beruf.de\/startseite\/\",\"name\":\"Neustart im Beruf\",\"description\":\"Unterst\u00fctzung auf dem Weg zum optimalen Arbeitsplatz\",\"publisher\":{\"@id\":\"https:\/\/neustart-im-beruf.de\/startseite\/#organization\"},\"potentialAction\":[{\"@type\":\"SearchAction\",\"target\":{\"@type\":\"EntryPoint\",\"urlTemplate\":\"https:\/\/neustart-im-beruf.de\/startseite\/?s={search_term_string}\"},\"query-input\":\"required name=search_term_string\"}],\"inLanguage\":\"de\"},{\"@type\":\"WebPage\",\"@id\":\"https:\/\/neustart-im-beruf.de\/startseite\/agb\/#webpage\",\"url\":\"https:\/\/neustart-im-beruf.de\/startseite\/agb\/\",\"name\":\"AGB - Neustart im Beruf\",\"isPartOf\":{\"@id\":\"https:\/\/neustart-im-beruf.de\/startseite\/#website\"},\"datePublished\":\"2019-12-20T19:32:24+00:00\",\"dateModified\":\"2020-03-08T11:11:08+00:00\",\"description\":\"Auftragsgestaltung, Mitwirkung des Kunden, Abgrenzung zur Psychotherapie, Bewerbungscoaching, Neuro-Jobcoach Thomas Joachim\",\"breadcrumb\":{\"@id\":\"https:\/\/neustart-im-beruf.de\/startseite\/agb\/#breadcrumb\"},\"inLanguage\":\"de\",\"potentialAction\":[{\"@type\":\"ReadAction\",\"target\":[\"https:\/\/neustart-im-beruf.de\/startseite\/agb\/\"]}]},{\"@type\":\"BreadcrumbList\",\"@id\":\"https:\/\/neustart-im-beruf.de\/startseite\/agb\/#breadcrumb\",\"itemListElement\":[{\"@type\":\"ListItem\",\"position\":1,\"name\":\"Startseite\",\"item\":\"https:\/\/neustart-im-beruf.de\/startseite\/\"},{\"@type\":\"ListItem\",\"position\":2,\"name\":\"AGB\"}]}]}<\/script>\n<!-- \/ Yoast SEO plugin. -->","yoast_head_json":{"title":"AGB - Neustart im Beruf","description":"Auftragsgestaltung, Mitwirkung des Kunden, Abgrenzung zur Psychotherapie, Bewerbungscoaching, Neuro-Jobcoach Thomas Joachim","robots":{"index":"noindex","follow":"nofollow"},"og_locale":"de_DE","og_type":"article","og_title":"AGB - Neustart im Beruf","og_description":"Auftragsgestaltung, Mitwirkung des Kunden, Abgrenzung zur Psychotherapie, Bewerbungscoaching, Neuro-Jobcoach Thomas Joachim","og_url":"https:\/\/neustart-im-beruf.de\/startseite\/agb\/","og_site_name":"Neustart im Beruf","article_modified_time":"2020-03-08T11:11:08+00:00","twitter_card":"summary_large_image","twitter_misc":{"Gesch\u00e4tzte Lesezeit":"6\u00a0Minuten"},"schema":{"@context":"https:\/\/schema.org","@graph":[{"@type":"Organization","@id":"https:\/\/neustart-im-beruf.de\/startseite\/#organization","name":"Joachim Coaching","url":"https:\/\/neustart-im-beruf.de\/startseite\/","sameAs":["https:\/\/www.xing.com\/profile\/Thomas_Joachim2"],"logo":{"@type":"ImageObject","@id":"https:\/\/neustart-im-beruf.de\/startseite\/#logo","inLanguage":"de","url":"https:\/\/neustart-im-beruf.de\/wp-content\/uploads\/2020\/02\/Joachim-Academy-und-Coaching.png","contentUrl":"https:\/\/neustart-im-beruf.de\/wp-content\/uploads\/2020\/02\/Joachim-Academy-und-Coaching.png","width":864,"height":239,"caption":"Joachim Coaching"},"image":{"@id":"https:\/\/neustart-im-beruf.de\/startseite\/#logo"}},{"@type":"WebSite","@id":"https:\/\/neustart-im-beruf.de\/startseite\/#website","url":"https:\/\/neustart-im-beruf.de\/startseite\/","name":"Neustart im Beruf","description":"Unterst\u00fctzung auf dem Weg zum optimalen Arbeitsplatz","publisher":{"@id":"https:\/\/neustart-im-beruf.de\/startseite\/#organization"},"potentialAction":[{"@type":"SearchAction","target":{"@type":"EntryPoint","urlTemplate":"https:\/\/neustart-im-beruf.de\/startseite\/?s={search_term_string}"},"query-input":"required name=search_term_string"}],"inLanguage":"de"},{"@type":"WebPage","@id":"https:\/\/neustart-im-beruf.de\/startseite\/agb\/#webpage","url":"https:\/\/neustart-im-beruf.de\/startseite\/agb\/","name":"AGB - Neustart im Beruf","isPartOf":{"@id":"https:\/\/neustart-im-beruf.de\/startseite\/#website"},"datePublished":"2019-12-20T19:32:24+00:00","dateModified":"2020-03-08T11:11:08+00:00","description":"Auftragsgestaltung, Mitwirkung des Kunden, Abgrenzung zur Psychotherapie, Bewerbungscoaching, Neuro-Jobcoach Thomas Joachim","breadcrumb":{"@id":"https:\/\/neustart-im-beruf.de\/startseite\/agb\/#breadcrumb"},"inLanguage":"de","potentialAction":[{"@type":"ReadAction","target":["https:\/\/neustart-im-beruf.de\/startseite\/agb\/"]}]},{"@type":"BreadcrumbList","@id":"https:\/\/neustart-im-beruf.de\/startseite\/agb\/#breadcrumb","itemListElement":[{"@type":"ListItem","position":1,"name":"Startseite","item":"https:\/\/neustart-im-beruf.de\/startseite\/"},{"@type":"ListItem","position":2,"name":"AGB"}]}]}},"_links":{"self":[{"href":"https:\/\/neustart-im-beruf.de\/startseite\/wp-json\/wp\/v2\/pages\/174"}],"collection":[{"href":"https:\/\/neustart-im-beruf.de\/startseite\/wp-json\/wp\/v2\/pages"}],"about":[{"href":"https:\/\/neustart-im-beruf.de\/startseite\/wp-json\/wp\/v2\/types\/page"}],"author":[{"embeddable":true,"href":"https:\/\/neustart-im-beruf.de\/startseite\/wp-json\/wp\/v2\/users\/1"}],"replies":[{"embeddable":true,"href":"https:\/\/neustart-im-beruf.de\/startseite\/wp-json\/wp\/v2\/comments?post=174"}],"version-history":[{"count":4,"href":"https:\/\/neustart-im-beruf.de\/startseite\/wp-json\/wp\/v2\/pages\/174\/revisions"}],"predecessor-version":[{"id":207,"href":"https:\/\/neustart-im-beruf.de\/startseite\/wp-json\/wp\/v2\/pages\/174\/revisions\/207"}],"wp:attachment":[{"href":"https:\/\/neustart-im-beruf.de\/startseite\/wp-json\/wp\/v2\/media?parent=174"}],"curies":[{"name":"wp","href":"https:\/\/api.w.org\/{rel}","templated":true}]}}