{"id":113,"date":"2019-12-19T15:53:09","date_gmt":"2019-12-19T14:53:09","guid":{"rendered":"https:\/\/neustart-im-beruf.de\/startseite\/?page_id=113"},"modified":"2020-03-31T11:46:55","modified_gmt":"2020-03-31T09:46:55","slug":"warum-thomas-joachim","status":"publish","type":"page","link":"https:\/\/neustart-im-beruf.de\/startseite\/warum-thomas-joachim\/","title":{"rendered":"Warum Thomas Joachim"},"content":{"rendered":"\n<p class=\"has-text-color has-medium-font-size has-very-dark-gray-color\">Mit einem einf\u00fchlsamen und kompetenten Begleiter leichter den f\u00fcr Sie optimalen Job finden.<\/p>\n\n\n\n<div class=\"wp-container-1 wp-block-group has-background\" style=\"background-color:#ededed\"><div class=\"wp-block-group__inner-container\">\n<div class=\"wp-block-columns\">\n<div class=\"wp-block-column\">\n<figure class=\"wp-block-image size-large is-style-default\"><img loading=\"lazy\" width=\"927\" height=\"1024\" src=\"https:\/\/neustart-im-beruf.de\/wp-content\/uploads\/2020\/02\/Thomas-Joachim-927x1024.jpg\" alt=\"\" class=\"wp-image-334\" srcset=\"https:\/\/neustart-im-beruf.de\/wp-content\/uploads\/2020\/02\/Thomas-Joachim-927x1024.jpg 927w, https:\/\/neustart-im-beruf.de\/wp-content\/uploads\/2020\/02\/Thomas-Joachim-272x300.jpg 272w, https:\/\/neustart-im-beruf.de\/wp-content\/uploads\/2020\/02\/Thomas-Joachim-768x848.jpg 768w, https:\/\/neustart-im-beruf.de\/wp-content\/uploads\/2020\/02\/Thomas-Joachim-1391x1536.jpg 1391w, https:\/\/neustart-im-beruf.de\/wp-content\/uploads\/2020\/02\/Thomas-Joachim-1855x2048.jpg 1855w\" sizes=\"(max-width: 927px) 100vw, 927px\" \/><figcaption>(c) Thomas Joachim<\/figcaption><\/figure>\n\n\n\n<figure class=\"wp-block-table is-style-stripes\"><table class=\"\"><tbody><tr><td><\/td><td class=\"has-text-align-center\" data-align=\"center\"><a href=\"https:\/\/www.afnb-international.com\/\">Mitglied der Akademie f\u00fcr neurowissenschaftliches Bildungsmanagement<\/a><\/td><\/tr><\/tbody><\/table><\/figure>\n<\/div>\n\n\n\n<div class=\"wp-block-column\">\n<p><strong>Hier erfahren Sie hier mehr \u00fcber:<\/strong><\/p>\n\n\n\n<p>&gt; <a href=\"https:\/\/neustart-im-beruf.de\/startseite\/meine-mission\/\">Meine Mission<\/a><\/p>\n\n\n\n<p>&gt; <a href=\"https:\/\/neustart-im-beruf.de\/startseite\/meine-erfahrungen\/\">Eine Erfahrungen<\/a><\/p>\n\n\n\n<p>&gt; <a href=\"https:\/\/neustart-im-beruf.de\/startseite\/meine-persoenlichkeit\/\">Mich als Mensch<\/a><\/p>\n\n\n\n<p>&gt; <a href=\"https:\/\/neustart-im-beruf.de\/startseite\/vita-thomas-joachim\/\">Meine Vita<\/a><\/p>\n\n\n\n<p>> <a href=\"https:\/\/neustart-im-beruf.de\/startseite\/kundenstimmen\/\">Was meine Kunden berichten<\/a><\/p>\n\n\n\n<p>> <a href=\"https:\/\/neustart-im-beruf.de\/startseite\/neuroscience-im-coaching\/\">Einsatz von neurowissenschaftlichen Grundlagen im Coaching<\/a><\/p>\n<\/div>\n<\/div>\n<\/div><\/div>\n\n\n\n<p><\/p>\n","protected":false},"excerpt":{"rendered":"<p>Mit einem einf\u00fchlsamen und kompetenten Begleiter leichter den f\u00fcr Sie optimalen Job finden. Mitglied der Akademie f\u00fcr neurowissenschaftliches Bildungsmanagement Hier erfahren Sie hier mehr \u00fcber: &gt; Meine Mission &gt; Eine Erfahrungen &gt; Mich als Mensch &gt; Meine Vita > Was meine Kunden berichten > Einsatz von neurowissenschaftlichen Grundlagen im Coaching<\/p>\n","protected":false},"author":1,"featured_media":0,"parent":0,"menu_order":0,"comment_status":"closed","ping_status":"closed","template":"","meta":[],"yoast_head":"<!-- This site is optimized with the Yoast SEO plugin v18.3 - https:\/\/yoast.com\/wordpress\/plugins\/seo\/ -->\n<title>Warum Thomas Joachim - Neustart im Beruf<\/title>\n<meta name=\"description\" content=\"Neuro-Jobcoach Thomas Joachim unterst\u00fctzt Sie bei: Bewerbung von A - Z, Neuorientierung, Karriereplanung, Strategieentwicklung &amp; Finden Ihrer Lebensaufgabe\" \/>\n<meta name=\"robots\" content=\"index, follow, max-snippet:-1, max-image-preview:large, max-video-preview:-1\" \/>\n<link rel=\"canonical\" href=\"https:\/\/neustart-im-beruf.de\/startseite\/warum-thomas-joachim\/\" \/>\n<meta property=\"og:locale\" content=\"de_DE\" \/>\n<meta property=\"og:type\" content=\"article\" \/>\n<meta property=\"og:title\" content=\"Warum Thomas Joachim - Neustart im Beruf\" \/>\n<meta property=\"og:description\" content=\"Neuro-Jobcoach Thomas Joachim unterst\u00fctzt Sie bei: Bewerbung von A - Z, Neuorientierung, Karriereplanung, Strategieentwicklung &amp; Finden Ihrer Lebensaufgabe\" \/>\n<meta property=\"og:url\" content=\"https:\/\/neustart-im-beruf.de\/startseite\/warum-thomas-joachim\/\" \/>\n<meta property=\"og:site_name\" content=\"Neustart im Beruf\" \/>\n<meta property=\"article:modified_time\" content=\"2020-03-31T09:46:55+00:00\" \/>\n<meta property=\"og:image\" content=\"https:\/\/neustart-im-beruf.de\/wp-content\/uploads\/2020\/02\/Thomas-Joachim-927x1024.jpg\" \/>\n<meta name=\"twitter:card\" content=\"summary_large_image\" \/>\n<script type=\"application\/ld+json\" class=\"yoast-schema-graph\">{\"@context\":\"https:\/\/schema.org\",\"@graph\":[{\"@type\":\"Organization\",\"@id\":\"https:\/\/neustart-im-beruf.de\/startseite\/#organization\",\"name\":\"Joachim Coaching\",\"url\":\"https:\/\/neustart-im-beruf.de\/startseite\/\",\"sameAs\":[\"https:\/\/www.xing.com\/profile\/Thomas_Joachim2\"],\"logo\":{\"@type\":\"ImageObject\",\"@id\":\"https:\/\/neustart-im-beruf.de\/startseite\/#logo\",\"inLanguage\":\"de\",\"url\":\"https:\/\/neustart-im-beruf.de\/wp-content\/uploads\/2020\/02\/Joachim-Academy-und-Coaching.png\",\"contentUrl\":\"https:\/\/neustart-im-beruf.de\/wp-content\/uploads\/2020\/02\/Joachim-Academy-und-Coaching.png\",\"width\":864,\"height\":239,\"caption\":\"Joachim Coaching\"},\"image\":{\"@id\":\"https:\/\/neustart-im-beruf.de\/startseite\/#logo\"}},{\"@type\":\"WebSite\",\"@id\":\"https:\/\/neustart-im-beruf.de\/startseite\/#website\",\"url\":\"https:\/\/neustart-im-beruf.de\/startseite\/\",\"name\":\"Neustart im Beruf\",\"description\":\"Unterst\u00fctzung auf dem Weg zum optimalen Arbeitsplatz\",\"publisher\":{\"@id\":\"https:\/\/neustart-im-beruf.de\/startseite\/#organization\"},\"potentialAction\":[{\"@type\":\"SearchAction\",\"target\":{\"@type\":\"EntryPoint\",\"urlTemplate\":\"https:\/\/neustart-im-beruf.de\/startseite\/?s={search_term_string}\"},\"query-input\":\"required name=search_term_string\"}],\"inLanguage\":\"de\"},{\"@type\":\"ImageObject\",\"@id\":\"https:\/\/neustart-im-beruf.de\/startseite\/warum-thomas-joachim\/#primaryimage\",\"inLanguage\":\"de\",\"url\":\"https:\/\/neustart-im-beruf.de\/wp-content\/uploads\/2020\/02\/Thomas-Joachim-927x1024.jpg\",\"contentUrl\":\"https:\/\/neustart-im-beruf.de\/wp-content\/uploads\/2020\/02\/Thomas-Joachim-927x1024.jpg\"},{\"@type\":\"WebPage\",\"@id\":\"https:\/\/neustart-im-beruf.de\/startseite\/warum-thomas-joachim\/#webpage\",\"url\":\"https:\/\/neustart-im-beruf.de\/startseite\/warum-thomas-joachim\/\",\"name\":\"Warum Thomas Joachim - Neustart im Beruf\",\"isPartOf\":{\"@id\":\"https:\/\/neustart-im-beruf.de\/startseite\/#website\"},\"primaryImageOfPage\":{\"@id\":\"https:\/\/neustart-im-beruf.de\/startseite\/warum-thomas-joachim\/#primaryimage\"},\"datePublished\":\"2019-12-19T14:53:09+00:00\",\"dateModified\":\"2020-03-31T09:46:55+00:00\",\"description\":\"Neuro-Jobcoach Thomas Joachim unterst\u00fctzt Sie bei: Bewerbung von A - Z, Neuorientierung, Karriereplanung, Strategieentwicklung & Finden Ihrer Lebensaufgabe\",\"breadcrumb\":{\"@id\":\"https:\/\/neustart-im-beruf.de\/startseite\/warum-thomas-joachim\/#breadcrumb\"},\"inLanguage\":\"de\",\"potentialAction\":[{\"@type\":\"ReadAction\",\"target\":[\"https:\/\/neustart-im-beruf.de\/startseite\/warum-thomas-joachim\/\"]}]},{\"@type\":\"BreadcrumbList\",\"@id\":\"https:\/\/neustart-im-beruf.de\/startseite\/warum-thomas-joachim\/#breadcrumb\",\"itemListElement\":[{\"@type\":\"ListItem\",\"position\":1,\"name\":\"Startseite\",\"item\":\"https:\/\/neustart-im-beruf.de\/startseite\/\"},{\"@type\":\"ListItem\",\"position\":2,\"name\":\"Warum Thomas Joachim\"}]}]}<\/script>\n<!-- \/ Yoast SEO plugin. -->","yoast_head_json":{"title":"Warum Thomas Joachim - Neustart im Beruf","description":"Neuro-Jobcoach Thomas Joachim unterst\u00fctzt Sie bei: Bewerbung von A - Z, Neuorientierung, Karriereplanung, Strategieentwicklung & Finden Ihrer Lebensaufgabe","robots":{"index":"index","follow":"follow","max-snippet":"max-snippet:-1","max-image-preview":"max-image-preview:large","max-video-preview":"max-video-preview:-1"},"canonical":"https:\/\/neustart-im-beruf.de\/startseite\/warum-thomas-joachim\/","og_locale":"de_DE","og_type":"article","og_title":"Warum Thomas Joachim - Neustart im Beruf","og_description":"Neuro-Jobcoach Thomas Joachim unterst\u00fctzt Sie bei: Bewerbung von A - Z, Neuorientierung, Karriereplanung, Strategieentwicklung & Finden Ihrer Lebensaufgabe","og_url":"https:\/\/neustart-im-beruf.de\/startseite\/warum-thomas-joachim\/","og_site_name":"Neustart im Beruf","article_modified_time":"2020-03-31T09:46:55+00:00","og_image":[{"url":"https:\/\/neustart-im-beruf.de\/wp-content\/uploads\/2020\/02\/Thomas-Joachim-927x1024.jpg"}],"twitter_card":"summary_large_image","schema":{"@context":"https:\/\/schema.org","@graph":[{"@type":"Organization","@id":"https:\/\/neustart-im-beruf.de\/startseite\/#organization","name":"Joachim Coaching","url":"https:\/\/neustart-im-beruf.de\/startseite\/","sameAs":["https:\/\/www.xing.com\/profile\/Thomas_Joachim2"],"logo":{"@type":"ImageObject","@id":"https:\/\/neustart-im-beruf.de\/startseite\/#logo","inLanguage":"de","url":"https:\/\/neustart-im-beruf.de\/wp-content\/uploads\/2020\/02\/Joachim-Academy-und-Coaching.png","contentUrl":"https:\/\/neustart-im-beruf.de\/wp-content\/uploads\/2020\/02\/Joachim-Academy-und-Coaching.png","width":864,"height":239,"caption":"Joachim Coaching"},"image":{"@id":"https:\/\/neustart-im-beruf.de\/startseite\/#logo"}},{"@type":"WebSite","@id":"https:\/\/neustart-im-beruf.de\/startseite\/#website","url":"https:\/\/neustart-im-beruf.de\/startseite\/","name":"Neustart im Beruf","description":"Unterst\u00fctzung auf dem Weg zum optimalen Arbeitsplatz","publisher":{"@id":"https:\/\/neustart-im-beruf.de\/startseite\/#organization"},"potentialAction":[{"@type":"SearchAction","target":{"@type":"EntryPoint","urlTemplate":"https:\/\/neustart-im-beruf.de\/startseite\/?s={search_term_string}"},"query-input":"required name=search_term_string"}],"inLanguage":"de"},{"@type":"ImageObject","@id":"https:\/\/neustart-im-beruf.de\/startseite\/warum-thomas-joachim\/#primaryimage","inLanguage":"de","url":"https:\/\/neustart-im-beruf.de\/wp-content\/uploads\/2020\/02\/Thomas-Joachim-927x1024.jpg","contentUrl":"https:\/\/neustart-im-beruf.de\/wp-content\/uploads\/2020\/02\/Thomas-Joachim-927x1024.jpg"},{"@type":"WebPage","@id":"https:\/\/neustart-im-beruf.de\/startseite\/warum-thomas-joachim\/#webpage","url":"https:\/\/neustart-im-beruf.de\/startseite\/warum-thomas-joachim\/","name":"Warum Thomas Joachim - Neustart im Beruf","isPartOf":{"@id":"https:\/\/neustart-im-beruf.de\/startseite\/#website"},"primaryImageOfPage":{"@id":"https:\/\/neustart-im-beruf.de\/startseite\/warum-thomas-joachim\/#primaryimage"},"datePublished":"2019-12-19T14:53:09+00:00","dateModified":"2020-03-31T09:46:55+00:00","description":"Neuro-Jobcoach Thomas Joachim unterst\u00fctzt Sie bei: Bewerbung von A - Z, Neuorientierung, Karriereplanung, Strategieentwicklung & Finden Ihrer Lebensaufgabe","breadcrumb":{"@id":"https:\/\/neustart-im-beruf.de\/startseite\/warum-thomas-joachim\/#breadcrumb"},"inLanguage":"de","potentialAction":[{"@type":"ReadAction","target":["https:\/\/neustart-im-beruf.de\/startseite\/warum-thomas-joachim\/"]}]},{"@type":"BreadcrumbList","@id":"https:\/\/neustart-im-beruf.de\/startseite\/warum-thomas-joachim\/#breadcrumb","itemListElement":[{"@type":"ListItem","position":1,"name":"Startseite","item":"https:\/\/neustart-im-beruf.de\/startseite\/"},{"@type":"ListItem","position":2,"name":"Warum Thomas Joachim"}]}]}},"_links":{"self":[{"href":"https:\/\/neustart-im-beruf.de\/startseite\/wp-json\/wp\/v2\/pages\/113"}],"collection":[{"href":"https:\/\/neustart-im-beruf.de\/startseite\/wp-json\/wp\/v2\/pages"}],"about":[{"href":"https:\/\/neustart-im-beruf.de\/startseite\/wp-json\/wp\/v2\/types\/page"}],"author":[{"embeddable":true,"href":"https:\/\/neustart-im-beruf.de\/startseite\/wp-json\/wp\/v2\/users\/1"}],"replies":[{"embeddable":true,"href":"https:\/\/neustart-im-beruf.de\/startseite\/wp-json\/wp\/v2\/comments?post=113"}],"version-history":[{"count":23,"href":"https:\/\/neustart-im-beruf.de\/startseite\/wp-json\/wp\/v2\/pages\/113\/revisions"}],"predecessor-version":[{"id":594,"href":"https:\/\/neustart-im-beruf.de\/startseite\/wp-json\/wp\/v2\/pages\/113\/revisions\/594"}],"wp:attachment":[{"href":"https:\/\/neustart-im-beruf.de\/startseite\/wp-json\/wp\/v2\/media?parent=113"}],"curies":[{"name":"wp","href":"https:\/\/api.w.org\/{rel}","templated":true}]}}